{"id":31168,"date":"2026-02-27T00:12:34","date_gmt":"2026-02-27T00:12:34","guid":{"rendered":"https:\/\/nordicmart.andreevmaster.com\/product\/songmics-kaksipuolinen-markiisi-160-x-600-cm-beige\/"},"modified":"2026-02-27T09:35:34","modified_gmt":"2026-02-27T09:35:34","slug":"songmics-kaksipuolinen-markiisi-160-x-600-cm-beige","status":"publish","type":"product","link":"https:\/\/nordicmart.andreevmaster.com\/fi\/tuote\/songmics-kaksipuolinen-markiisi-160-x-600-cm-beige\/","title":{"rendered":"SONGMICS kaksipuolinen markiisi 160 x 600 cm, beige"},"content":{"rendered":"<p>Kaksipuolisen markiisin avulla voit nauttia rentouttavasta ja iloisesta ajasta yst\u00e4vien ja perheen kanssa puutarhassasi. Sen k\u00e4\u00e4nnett\u00e4v\u00e4n kulman ja 6 metrin kokonaisleveyden ansiosta voit s\u00e4\u00e4t\u00e4\u00e4 kulman yksil\u00f6llisesti juuri haluamallasi tavalla. Luo rentouttava tila puutarhaan: voit nauttia mukavasta ajasta yst\u00e4vien ja perheen kanssa.Erillinen ulosvedett\u00e4v\u00e4 markiisikangas: Jos haluat nauttia enemm\u00e4n auringosta, voit k\u00e4ytt\u00e4\u00e4 my\u00f6s vain yht\u00e4 puolta. T\u00e4ysi ulosvedett\u00e4v\u00e4 leveys (kokonaisleveys) 6 m: Se tarjoaa sinulle sein\u00e4n tavoin riitt\u00e4v\u00e4n n\u00e4k\u00f6suojan ja aurinkosuojan, ja erityisen suurella leveydell\u00e4\u00e4n se sopii k\u00e4yt\u00e4nn\u00f6llisesti optimaaliseen tilaan. Huomautukset: Markiisit ovat ensisijaisesti aurinkosuoja. K\u00e4yt\u00e4 niit\u00e4 vain, kun tuuli on heikko tai ei ole tuulta lainkaan. Voimakkaassa tuulessa, voimakkaassa sateessa tai lumisateessa ne on vedett\u00e4v\u00e4 v\u00e4litt\u00f6m\u00e4sti sis\u00e4\u00e4n. Muuten ne voivat vaurioitua.Tuotetiedot: Markiisin kotelo: alumiini Markiisin kangas: polyesteri (280 g\/m\u00b2), vedenpit\u00e4v\u00e4 PU-pinnoite Mitat: 160 cm x 600 cm (K x L) Paino: 14,5 kg Toimitus sis\u00e4lt\u00e4\u00e4: 1 x kaksipuolinen markiisi 1 x ohjeet (DE, EN, FR, IT, ES)<\/p>\n","protected":false},"excerpt":{"rendered":"<p>SONGMICS 180 x 600 cm (K x P), kaksipuolinen ulosvedett\u00e4v\u00e4 markiisi, n\u00e4k\u00f6suoja, aurinkosuoja, T\u00dcV S\u00dcD GS -sertifioitu, paksunnettu polyesteri 280 g\/m\u00b2, beige GSA360E<\/p>\n","protected":false},"featured_media":40352,"comment_status":"open","ping_status":"closed","template":"","meta":[],"product_brand":[],"product_cat":[32],"product_tag":[],"class_list":{"0":"post-31168","1":"product","2":"type-product","3":"status-publish","4":"has-post-thumbnail","6":"product_cat-uncategorized-fi","8":"first","9":"instock","10":"shipping-taxable","11":"purchasable","12":"product-type-simple"},"_links":{"self":[{"href":"https:\/\/nordicmart.andreevmaster.com\/fi\/wp-json\/wp\/v2\/product\/31168","targetHints":{"allow":["GET"]}}],"collection":[{"href":"https:\/\/nordicmart.andreevmaster.com\/fi\/wp-json\/wp\/v2\/product"}],"about":[{"href":"https:\/\/nordicmart.andreevmaster.com\/fi\/wp-json\/wp\/v2\/types\/product"}],"replies":[{"embeddable":true,"href":"https:\/\/nordicmart.andreevmaster.com\/fi\/wp-json\/wp\/v2\/comments?post=31168"}],"wp:featuredmedia":[{"embeddable":true,"href":"https:\/\/nordicmart.andreevmaster.com\/fi\/wp-json\/wp\/v2\/media\/40352"}],"wp:attachment":[{"href":"https:\/\/nordicmart.andreevmaster.com\/fi\/wp-json\/wp\/v2\/media?parent=31168"}],"wp:term":[{"taxonomy":"product_brand","embeddable":true,"href":"https:\/\/nordicmart.andreevmaster.com\/fi\/wp-json\/wp\/v2\/product_brand?post=31168"},{"taxonomy":"product_cat","embeddable":true,"href":"https:\/\/nordicmart.andreevmaster.com\/fi\/wp-json\/wp\/v2\/product_cat?post=31168"},{"taxonomy":"product_tag","embeddable":true,"href":"https:\/\/nordicmart.andreevmaster.com\/fi\/wp-json\/wp\/v2\/product_tag?post=31168"}],"curies":[{"name":"wp","href":"https:\/\/api.w.org\/{rel}","templated":true}]}}