{"id":31163,"date":"2026-02-27T00:12:33","date_gmt":"2026-02-27T00:12:33","guid":{"rendered":"https:\/\/nordicmart.andreevmaster.com\/product\/songmics-kiinnitettava-markiisi-kasikammella-300-x-120-cm-harmaa\/"},"modified":"2026-02-27T09:35:34","modified_gmt":"2026-02-27T09:35:34","slug":"songmics-kiinnitettava-markiisi-kasikammella-300-x-120-cm-harmaa","status":"publish","type":"product","link":"https:\/\/nordicmart.andreevmaster.com\/fi\/tuote\/songmics-kiinnitettava-markiisi-kasikammella-300-x-120-cm-harmaa\/","title":{"rendered":"SONGMICS kiinnitett\u00e4v\u00e4 markiisi k\u00e4sikammella 300 x 120 cm harmaa"},"content":{"rendered":"<p>SONGMICS kiinnitett\u00e4v\u00e4 markiisi, parvekemarkiisi, korkeuss\u00e4\u00e4dett\u00e4v\u00e4, k\u00e4sikammella, aurinkosuoja, parvekkeelle, terassille, puutarhaan<br \/>\nV\u00e4ri: harmaa<br \/>\nMateriaali: jauhemaalattu ter\u00e4s, alumiiniseos, PA-pinnoitettu polyesteri (180 g\/m\u00b2)<br \/>\nKoko: 300 x 120 cm (P x L)<br \/>\nKorkeus: 220\u2013300 cm<br \/>\nKammion pituus: 120 cm<br \/>\nPaino: 9,4 kg<\/p>\n","protected":false},"excerpt":{"rendered":"<p>SONGMICS kiinnitett\u00e4v\u00e4 markiisi, parvekemarkiisi, korkeuss\u00e4\u00e4dett\u00e4v\u00e4, k\u00e4sikammella, aurinkosuoja, parvekkeelle, terassille, puutarhaan<\/p>\n","protected":false},"featured_media":40347,"comment_status":"open","ping_status":"closed","template":"","meta":[],"product_brand":[],"product_cat":[32],"product_tag":[],"class_list":{"0":"post-31163","1":"product","2":"type-product","3":"status-publish","4":"has-post-thumbnail","6":"product_cat-uncategorized-fi","8":"first","9":"instock","10":"shipping-taxable","11":"purchasable","12":"product-type-simple"},"_links":{"self":[{"href":"https:\/\/nordicmart.andreevmaster.com\/fi\/wp-json\/wp\/v2\/product\/31163","targetHints":{"allow":["GET"]}}],"collection":[{"href":"https:\/\/nordicmart.andreevmaster.com\/fi\/wp-json\/wp\/v2\/product"}],"about":[{"href":"https:\/\/nordicmart.andreevmaster.com\/fi\/wp-json\/wp\/v2\/types\/product"}],"replies":[{"embeddable":true,"href":"https:\/\/nordicmart.andreevmaster.com\/fi\/wp-json\/wp\/v2\/comments?post=31163"}],"wp:featuredmedia":[{"embeddable":true,"href":"https:\/\/nordicmart.andreevmaster.com\/fi\/wp-json\/wp\/v2\/media\/40347"}],"wp:attachment":[{"href":"https:\/\/nordicmart.andreevmaster.com\/fi\/wp-json\/wp\/v2\/media?parent=31163"}],"wp:term":[{"taxonomy":"product_brand","embeddable":true,"href":"https:\/\/nordicmart.andreevmaster.com\/fi\/wp-json\/wp\/v2\/product_brand?post=31163"},{"taxonomy":"product_cat","embeddable":true,"href":"https:\/\/nordicmart.andreevmaster.com\/fi\/wp-json\/wp\/v2\/product_cat?post=31163"},{"taxonomy":"product_tag","embeddable":true,"href":"https:\/\/nordicmart.andreevmaster.com\/fi\/wp-json\/wp\/v2\/product_tag?post=31163"}],"curies":[{"name":"wp","href":"https:\/\/api.w.org\/{rel}","templated":true}]}}