{"id":31162,"date":"2026-02-27T00:12:32","date_gmt":"2026-02-27T00:12:32","guid":{"rendered":"https:\/\/nordicmart.andreevmaster.com\/product\/songmics-kiinnitystarppi-250-x-130-cm\/"},"modified":"2026-02-27T09:35:33","modified_gmt":"2026-02-27T09:35:33","slug":"songmics-kiinnitystarppi-250-x-130-cm","status":"publish","type":"product","link":"https:\/\/nordicmart.andreevmaster.com\/fi\/tuote\/songmics-kiinnitystarppi-250-x-130-cm\/","title":{"rendered":"SONGMICS kiinnitystarppi 250 x 130 cm"},"content":{"rendered":"<p>Nauti kes\u00e4st\u00e4 ilman monimutkaista asennusta: Haluatko markiisin ilman poraamista? Sitten t\u00e4m\u00e4 SONGMICS-parvekemarkiisi on juuri sinulle sopiva. Ilman poraamista tai ruuvausta \u2013 sinun tarvitsee vain koota runko ja s\u00e4\u00e4t\u00e4\u00e4 tankojen ja markiisin korkeus, jotta tangot kiinnittyv\u00e4t tukevasti lattian ja katon v\u00e4liin.S\u00e4\u00e4dett\u00e4v\u00e4 ja suojaava: Markiisin korkealaatuinen kangas suojaa sinua paitsi UV-s\u00e4teilylt\u00e4 my\u00f6s sateelta. Kampikahvalla voit s\u00e4\u00e4t\u00e4\u00e4 markiisin kulmaa ja leveytt\u00e4, olitpa sitten parvekkeella, terassilla tai ulkona, se tarjoaa sinulle t\u00e4ydellisen suojan. Tuotetiedot: V\u00e4ri: antrasiitti Materiaali: jauhemaalatut ter\u00e4sputket, alumiini (kankaan rulla: \u00d8 38 mm), 280 g\/m\u00b2 polyesteri, PU-pinnoite Koko: 250 x 130 cm (P x L) Korkeus: 2,2-3 m Paino: 10,1 kg Toimitus sis\u00e4lt\u00e4\u00e4: 1 x kiinnitett\u00e4v\u00e4 markiisi 1 x ohjeet SONGICSin huomautukset: Asennus tulee suorittaa 2 henkil\u00f6n voimin. Tarkista asennuksen j\u00e4lkeen, ett\u00e4 tukitangot ovat kunnolla kiinni. \u00c4l\u00e4 k\u00e4yt\u00e4 tuotetta kovassa tuulessa, sateessa tai lumisateessa. Sulje markiisi v\u00e4litt\u00f6m\u00e4sti, jos s\u00e4\u00e4 muuttuu, muuten se voi vaurioitua. \u00c4l\u00e4 k\u00e4\u00e4nn\u00e4 kampia, kun markiisin kangas on t\u00e4ysin ulkona. Kangas tulee puhdistaa pehme\u00e4ll\u00e4, vedell\u00e4 tai miedolla pesuaineella kostutetulla liinalla.<\/p>\n","protected":false},"excerpt":{"rendered":"<p>SONGMICS kiinnitystarppi, 250 x 130 cm, parveketarppi, korkeuss\u00e4\u00e4dett\u00e4v\u00e4, k\u00e4sikammella, aurinkosuoja, parvekkeelle, terassille, puutarhaan, antrasiitti GSA253G02<\/p>\n","protected":false},"featured_media":40346,"comment_status":"open","ping_status":"closed","template":"","meta":[],"product_brand":[],"product_cat":[32],"product_tag":[],"class_list":{"0":"post-31162","1":"product","2":"type-product","3":"status-publish","4":"has-post-thumbnail","6":"product_cat-uncategorized-fi","8":"first","9":"instock","10":"shipping-taxable","11":"purchasable","12":"product-type-simple"},"_links":{"self":[{"href":"https:\/\/nordicmart.andreevmaster.com\/fi\/wp-json\/wp\/v2\/product\/31162","targetHints":{"allow":["GET"]}}],"collection":[{"href":"https:\/\/nordicmart.andreevmaster.com\/fi\/wp-json\/wp\/v2\/product"}],"about":[{"href":"https:\/\/nordicmart.andreevmaster.com\/fi\/wp-json\/wp\/v2\/types\/product"}],"replies":[{"embeddable":true,"href":"https:\/\/nordicmart.andreevmaster.com\/fi\/wp-json\/wp\/v2\/comments?post=31162"}],"wp:featuredmedia":[{"embeddable":true,"href":"https:\/\/nordicmart.andreevmaster.com\/fi\/wp-json\/wp\/v2\/media\/40346"}],"wp:attachment":[{"href":"https:\/\/nordicmart.andreevmaster.com\/fi\/wp-json\/wp\/v2\/media?parent=31162"}],"wp:term":[{"taxonomy":"product_brand","embeddable":true,"href":"https:\/\/nordicmart.andreevmaster.com\/fi\/wp-json\/wp\/v2\/product_brand?post=31162"},{"taxonomy":"product_cat","embeddable":true,"href":"https:\/\/nordicmart.andreevmaster.com\/fi\/wp-json\/wp\/v2\/product_cat?post=31162"},{"taxonomy":"product_tag","embeddable":true,"href":"https:\/\/nordicmart.andreevmaster.com\/fi\/wp-json\/wp\/v2\/product_tag?post=31162"}],"curies":[{"name":"wp","href":"https:\/\/api.w.org\/{rel}","templated":true}]}}