{"id":31160,"date":"2026-02-27T00:12:32","date_gmt":"2026-02-27T00:12:32","guid":{"rendered":"https:\/\/nordicmart.andreevmaster.com\/product\/songmics-kiinnitystarppi-kasikammella-250-x-120-cm-harmaa\/"},"modified":"2026-02-27T09:35:33","modified_gmt":"2026-02-27T09:35:33","slug":"songmics-kiinnitystarppi-kasikammella-250-x-120-cm-harmaa","status":"publish","type":"product","link":"https:\/\/nordicmart.andreevmaster.com\/fi\/tuote\/songmics-kiinnitystarppi-kasikammella-250-x-120-cm-harmaa\/","title":{"rendered":"SONGMICS kiinnitystarppi k\u00e4sikammella 250 x 120 cm harmaa"},"content":{"rendered":"<p>SONGMICS kiinnitett\u00e4v\u00e4 markiisi, parvekemarkiisi, korkeuss\u00e4\u00e4dett\u00e4v\u00e4, k\u00e4sikammella, aurinkosuoja, parvekkeelle, terassille, puutarhaan<br \/>\nV\u00e4ri: harmaa<br \/>\nMateriaali: jauhemaalattu ter\u00e4s, alumiiniseos, PA-pinnoitettu polyesteri (180 g\/m\u00b2)<br \/>\nKoko: 250 x 120 cm (P x L)<br \/>\nKorkeus: 220\u2013300 cm<br \/>\nKammion pituus: 120 cm<br \/>\nPaino: 8,8 kg<\/p>\n","protected":false},"excerpt":{"rendered":"<p>SONGMICS kiinnitett\u00e4v\u00e4 markiisi, parvekemarkiisi, korkeuss\u00e4\u00e4dett\u00e4v\u00e4, k\u00e4sikammella, aurinkosuoja, parvekkeelle, terassille, puutarhaan<\/p>\n","protected":false},"featured_media":40344,"comment_status":"open","ping_status":"closed","template":"","meta":[],"product_brand":[],"product_cat":[32],"product_tag":[],"class_list":{"0":"post-31160","1":"product","2":"type-product","3":"status-publish","4":"has-post-thumbnail","6":"product_cat-uncategorized-fi","8":"first","9":"instock","10":"shipping-taxable","11":"purchasable","12":"product-type-simple"},"_links":{"self":[{"href":"https:\/\/nordicmart.andreevmaster.com\/fi\/wp-json\/wp\/v2\/product\/31160","targetHints":{"allow":["GET"]}}],"collection":[{"href":"https:\/\/nordicmart.andreevmaster.com\/fi\/wp-json\/wp\/v2\/product"}],"about":[{"href":"https:\/\/nordicmart.andreevmaster.com\/fi\/wp-json\/wp\/v2\/types\/product"}],"replies":[{"embeddable":true,"href":"https:\/\/nordicmart.andreevmaster.com\/fi\/wp-json\/wp\/v2\/comments?post=31160"}],"wp:featuredmedia":[{"embeddable":true,"href":"https:\/\/nordicmart.andreevmaster.com\/fi\/wp-json\/wp\/v2\/media\/40344"}],"wp:attachment":[{"href":"https:\/\/nordicmart.andreevmaster.com\/fi\/wp-json\/wp\/v2\/media?parent=31160"}],"wp:term":[{"taxonomy":"product_brand","embeddable":true,"href":"https:\/\/nordicmart.andreevmaster.com\/fi\/wp-json\/wp\/v2\/product_brand?post=31160"},{"taxonomy":"product_cat","embeddable":true,"href":"https:\/\/nordicmart.andreevmaster.com\/fi\/wp-json\/wp\/v2\/product_cat?post=31160"},{"taxonomy":"product_tag","embeddable":true,"href":"https:\/\/nordicmart.andreevmaster.com\/fi\/wp-json\/wp\/v2\/product_tag?post=31160"}],"curies":[{"name":"wp","href":"https:\/\/api.w.org\/{rel}","templated":true}]}}