{"id":31157,"date":"2026-02-27T00:12:31","date_gmt":"2026-02-27T00:12:31","guid":{"rendered":"https:\/\/nordicmart.andreevmaster.com\/product\/songmics-sivumarkiisi-200-x-350-cm-antrasiitti\/"},"modified":"2026-02-27T09:35:33","modified_gmt":"2026-02-27T09:35:33","slug":"songmics-sivumarkiisi-200-x-350-cm-antrasiitti","status":"publish","type":"product","link":"https:\/\/nordicmart.andreevmaster.com\/fi\/tuote\/songmics-sivumarkiisi-200-x-350-cm-antrasiitti\/","title":{"rendered":"SONGMICS sivumarkiisi 200 x 350 cm, antrasiitti"},"content":{"rendered":"<p>Tyylik\u00e4s n\u00e4k\u00f6suoja parvekkeelle ja terassille SONGMICS-sivuteltan avulla voit nauttia aamiaisesta tai brunssista ilman naapureiden uteliaita katseita. Lis\u00e4ksi teltta tarjoaa kes\u00e4ll\u00e4 viilent\u00e4v\u00e4\u00e4 varjoa ja suojaa tuulelta. Nauti kes\u00e4n l\u00e4mpimist\u00e4 l\u00e4mp\u00f6tiloista ja rentoudu terassillasi tai parvekkeellasi. Ymm\u00e4rrett\u00e4vien asennusohjeiden ansiosta sivuteltan kokoaminen on nopeaa ja helppoa. Asennettuna se on helppo k\u00e4ytt\u00e4\u00e4 ja k\u00e4yt\u00f6n j\u00e4lkeen yht\u00e4 nopeasti rullattava takaisin. J\u00e4lkimm\u00e4ist\u00e4 suositellaan erityisesti voimakkaassa tuulessa, rankkasateessa tai lumisateessa, jotta voit nauttia n\u00e4k\u00f6suojasta pitk\u00e4\u00e4n. Tuotetiedot:- Markiisin kotelo: alumiini &#8211; Markiisin kangas: polyesteri (280 g\/m\u00b2) + vedenpit\u00e4v\u00e4 PU-pinnoite Toimitus sis\u00e4lt\u00e4\u00e4: &#8211; 1 x sivumarkiisi &#8211; 1 x lattiakiinnike &#8211; 1 x ohjeet (DE, EN, FR, IT, ES)<\/p>\n","protected":false},"excerpt":{"rendered":"<p>SONGMICS sivuteltta, ulosvedett\u00e4v\u00e4, 200 x 350 cm, n\u00e4k\u00f6suoja, aurinkosuoja, l\u00e4pin\u00e4kym\u00e4t\u00f6n, sivurulla, parvekkeelle, terassille, puutarhaan, antrasiitti GSA205G<\/p>\n","protected":false},"featured_media":40341,"comment_status":"open","ping_status":"closed","template":"","meta":[],"product_brand":[],"product_cat":[32],"product_tag":[],"class_list":{"0":"post-31157","1":"product","2":"type-product","3":"status-publish","4":"has-post-thumbnail","6":"product_cat-uncategorized-fi","8":"first","9":"instock","10":"shipping-taxable","11":"purchasable","12":"product-type-simple"},"_links":{"self":[{"href":"https:\/\/nordicmart.andreevmaster.com\/fi\/wp-json\/wp\/v2\/product\/31157","targetHints":{"allow":["GET"]}}],"collection":[{"href":"https:\/\/nordicmart.andreevmaster.com\/fi\/wp-json\/wp\/v2\/product"}],"about":[{"href":"https:\/\/nordicmart.andreevmaster.com\/fi\/wp-json\/wp\/v2\/types\/product"}],"replies":[{"embeddable":true,"href":"https:\/\/nordicmart.andreevmaster.com\/fi\/wp-json\/wp\/v2\/comments?post=31157"}],"wp:featuredmedia":[{"embeddable":true,"href":"https:\/\/nordicmart.andreevmaster.com\/fi\/wp-json\/wp\/v2\/media\/40341"}],"wp:attachment":[{"href":"https:\/\/nordicmart.andreevmaster.com\/fi\/wp-json\/wp\/v2\/media?parent=31157"}],"wp:term":[{"taxonomy":"product_brand","embeddable":true,"href":"https:\/\/nordicmart.andreevmaster.com\/fi\/wp-json\/wp\/v2\/product_brand?post=31157"},{"taxonomy":"product_cat","embeddable":true,"href":"https:\/\/nordicmart.andreevmaster.com\/fi\/wp-json\/wp\/v2\/product_cat?post=31157"},{"taxonomy":"product_tag","embeddable":true,"href":"https:\/\/nordicmart.andreevmaster.com\/fi\/wp-json\/wp\/v2\/product_tag?post=31157"}],"curies":[{"name":"wp","href":"https:\/\/api.w.org\/{rel}","templated":true}]}}