{"id":31156,"date":"2026-02-27T00:12:31","date_gmt":"2026-02-27T00:12:31","guid":{"rendered":"https:\/\/nordicmart.andreevmaster.com\/product\/songmics-sivuteltta-ulosvedettava-200-x-350-cm\/"},"modified":"2026-02-27T09:35:32","modified_gmt":"2026-02-27T09:35:32","slug":"songmics-sivuteltta-ulosvedettava-200-x-350-cm","status":"publish","type":"product","link":"https:\/\/nordicmart.andreevmaster.com\/fi\/tuote\/songmics-sivuteltta-ulosvedettava-200-x-350-cm\/","title":{"rendered":"SONGMICS sivuteltta, ulosvedett\u00e4v\u00e4 200 x 350 cm"},"content":{"rendered":"<p>T\u00e4m\u00e4 SONGMICS-sivuteltta on t\u00e4ydellinen kumppani, kun haluat suojautua auringon s\u00e4teilt\u00e4 ja naapureiden uteliailta katseilta. Monipuoliset k\u00e4ytt\u00f6mahdollisuudet: Voit k\u00e4ytt\u00e4\u00e4 t\u00e4t\u00e4 monipuolista tuotetta sek\u00e4 sis\u00e4tiloissa, kuten avokonttoreissa, vastaanotoissa, pukuhuoneissa tai valokuvastudioissa, ett\u00e4 ulkotiloissa, kuten terassilla, puutarhassa, uima-altaan vieress\u00e4 tai leirint\u00e4alueella.Lattialaippa ja suojakansi mukana: Toimitus sis\u00e4lt\u00e4\u00e4 lattialaippan sivupylv\u00e4\u00e4n kiinnitt\u00e4mist\u00e4 varten. Peit\u00e4 kiinnike turvallisuuden vuoksi mukana toimitetulla suojakannella, kun et k\u00e4yt\u00e4 markiisia. N\u00e4in laippa ei ole en\u00e4\u00e4 n\u00e4kyviss\u00e4. Laadukas metallinen markiisikotelo: Jauhemaalatusta metallista valmistettu markiisikotelo on ruoste- ja korroosionkest\u00e4v\u00e4. Kotelo suojaa markiisin kangasta my\u00f6s t\u00e4ysin UV-s\u00e4teilylt\u00e4, sateelta ja p\u00f6lylt\u00e4, mik\u00e4 pident\u00e4\u00e4 sen k\u00e4ytt\u00f6ik\u00e4\u00e4. Tuotetiedot: V\u00e4ri: beige Materiaali: jauhemaalattu metalli (markiisikotelo\/sivupylv\u00e4s), 220 g\/m\u00b2 PVC-pinnoitettu polyesteri (markiisin kangas) Koko: 200 x 350 cm (K x L) Paino: 10 kg Toimitus sis\u00e4lt\u00e4\u00e4: 1 x sivumarkiisi 1 x lis\u00e4varustepaketti 1 x ohjeet (DE, EN, IT, ES, FR) SONGMICS-huomautukset: T\u00e4m\u00e4 tuote on suunniteltu k\u00e4ytett\u00e4v\u00e4ksi vain aurinkoisina tai hieman tuulisina p\u00e4ivin\u00e4. Sulje markiisi v\u00e4litt\u00f6m\u00e4sti voimakkaassa tuulessa tai myrskyss\u00e4 vahingoittumisen v\u00e4ltt\u00e4miseksi. Puhdista t\u00e4m\u00e4 tuote vain vedell\u00e4, kostealla liinalla tai neutraalilla puhdistusaineella.<\/p>\n","protected":false},"excerpt":{"rendered":"<p>SONGMICS sivuteltta, ulosvedett\u00e4v\u00e4, 200 x 350 cm, n\u00e4k\u00f6suoja, aurinkosuoja, l\u00e4pin\u00e4kym\u00e4t\u00f6n, sivurulla, parvekkeelle, terassille, puutarhaan, antrasiitti GSA205G<\/p>\n","protected":false},"featured_media":40340,"comment_status":"open","ping_status":"closed","template":"","meta":[],"product_brand":[],"product_cat":[32],"product_tag":[],"class_list":{"0":"post-31156","1":"product","2":"type-product","3":"status-publish","4":"has-post-thumbnail","6":"product_cat-uncategorized-fi","8":"first","9":"instock","10":"shipping-taxable","11":"purchasable","12":"product-type-simple"},"_links":{"self":[{"href":"https:\/\/nordicmart.andreevmaster.com\/fi\/wp-json\/wp\/v2\/product\/31156","targetHints":{"allow":["GET"]}}],"collection":[{"href":"https:\/\/nordicmart.andreevmaster.com\/fi\/wp-json\/wp\/v2\/product"}],"about":[{"href":"https:\/\/nordicmart.andreevmaster.com\/fi\/wp-json\/wp\/v2\/types\/product"}],"replies":[{"embeddable":true,"href":"https:\/\/nordicmart.andreevmaster.com\/fi\/wp-json\/wp\/v2\/comments?post=31156"}],"wp:featuredmedia":[{"embeddable":true,"href":"https:\/\/nordicmart.andreevmaster.com\/fi\/wp-json\/wp\/v2\/media\/40340"}],"wp:attachment":[{"href":"https:\/\/nordicmart.andreevmaster.com\/fi\/wp-json\/wp\/v2\/media?parent=31156"}],"wp:term":[{"taxonomy":"product_brand","embeddable":true,"href":"https:\/\/nordicmart.andreevmaster.com\/fi\/wp-json\/wp\/v2\/product_brand?post=31156"},{"taxonomy":"product_cat","embeddable":true,"href":"https:\/\/nordicmart.andreevmaster.com\/fi\/wp-json\/wp\/v2\/product_cat?post=31156"},{"taxonomy":"product_tag","embeddable":true,"href":"https:\/\/nordicmart.andreevmaster.com\/fi\/wp-json\/wp\/v2\/product_tag?post=31156"}],"curies":[{"name":"wp","href":"https:\/\/api.w.org\/{rel}","templated":true}]}}