{"id":31153,"date":"2026-02-27T00:12:31","date_gmt":"2026-02-27T00:12:31","guid":{"rendered":"https:\/\/nordicmart.andreevmaster.com\/product\/songmics-sivumarkiisi-ulosvedettava-200-x-400-cm-parvekkeelle\/"},"modified":"2026-02-27T09:35:32","modified_gmt":"2026-02-27T09:35:32","slug":"songmics-sivumarkiisi-ulosvedettava-200-x-400-cm-parvekkeelle","status":"publish","type":"product","link":"https:\/\/nordicmart.andreevmaster.com\/fi\/tuote\/songmics-sivumarkiisi-ulosvedettava-200-x-400-cm-parvekkeelle\/","title":{"rendered":"SONGMICS sivumarkiisi, ulosvedett\u00e4v\u00e4, 200 x 400 cm, parvekkeelle"},"content":{"rendered":"<p>SONGMICS sivumarkiisi, ulosvedett\u00e4v\u00e4, 200 x 400 cm, n\u00e4k\u00f6suoja, aurinkosuoja, l\u00e4pin\u00e4kym\u00e4t\u00f6n, sivurollokaihdin, parvekkeelle, terassille, puutarhaan, antrasiitti GSA204G01<br \/>\nV\u00e4ri: antrasiitti<br \/>\nMateriaali: jauhemaalattu ter\u00e4s, polyesteri (220 g\/m\u00b2), PU-pinnoite<br \/>\nMitat: 200 x 400 cm (K x P)<br \/>\nPaino: 10,8 kg<\/p>\n","protected":false},"excerpt":{"rendered":"<p>SONGMICS sivumarkiisi, ulosvedett\u00e4v\u00e4, 200 x 400 cm, n\u00e4k\u00f6suoja, aurinkosuoja, l\u00e4pin\u00e4kym\u00e4t\u00f6n, sivurollokaihdin, parvekkeelle, terassille, puutarhaan, antrasiitti GSA204G01<\/p>\n","protected":false},"featured_media":40337,"comment_status":"open","ping_status":"closed","template":"","meta":[],"product_brand":[],"product_cat":[32],"product_tag":[],"class_list":{"0":"post-31153","1":"product","2":"type-product","3":"status-publish","4":"has-post-thumbnail","6":"product_cat-uncategorized-fi","8":"first","9":"instock","10":"shipping-taxable","11":"purchasable","12":"product-type-simple"},"_links":{"self":[{"href":"https:\/\/nordicmart.andreevmaster.com\/fi\/wp-json\/wp\/v2\/product\/31153","targetHints":{"allow":["GET"]}}],"collection":[{"href":"https:\/\/nordicmart.andreevmaster.com\/fi\/wp-json\/wp\/v2\/product"}],"about":[{"href":"https:\/\/nordicmart.andreevmaster.com\/fi\/wp-json\/wp\/v2\/types\/product"}],"replies":[{"embeddable":true,"href":"https:\/\/nordicmart.andreevmaster.com\/fi\/wp-json\/wp\/v2\/comments?post=31153"}],"wp:featuredmedia":[{"embeddable":true,"href":"https:\/\/nordicmart.andreevmaster.com\/fi\/wp-json\/wp\/v2\/media\/40337"}],"wp:attachment":[{"href":"https:\/\/nordicmart.andreevmaster.com\/fi\/wp-json\/wp\/v2\/media?parent=31153"}],"wp:term":[{"taxonomy":"product_brand","embeddable":true,"href":"https:\/\/nordicmart.andreevmaster.com\/fi\/wp-json\/wp\/v2\/product_brand?post=31153"},{"taxonomy":"product_cat","embeddable":true,"href":"https:\/\/nordicmart.andreevmaster.com\/fi\/wp-json\/wp\/v2\/product_cat?post=31153"},{"taxonomy":"product_tag","embeddable":true,"href":"https:\/\/nordicmart.andreevmaster.com\/fi\/wp-json\/wp\/v2\/product_tag?post=31153"}],"curies":[{"name":"wp","href":"https:\/\/api.w.org\/{rel}","templated":true}]}}