{"id":31151,"date":"2026-02-27T00:12:30","date_gmt":"2026-02-27T00:12:30","guid":{"rendered":"https:\/\/nordicmart.andreevmaster.com\/product\/songmics-sivuteltta-ulosvedettava-beige\/"},"modified":"2026-02-27T09:35:32","modified_gmt":"2026-02-27T09:35:32","slug":"songmics-sivuteltta-ulosvedettava-beige","status":"publish","type":"product","link":"https:\/\/nordicmart.andreevmaster.com\/fi\/tuote\/songmics-sivuteltta-ulosvedettava-beige\/","title":{"rendered":"SONGMICS sivuteltta, ulosvedett\u00e4v\u00e4, beige"},"content":{"rendered":"<p>N\u00e4k\u00f6este terassille ja parvekkeelle   SONGMICS-sivumarkiisien ansiosta voit nauttia aamiaista terassillasi huoletta naapureiden uteliaista katseista. K\u00e4yt\u00e4 varjostinta my\u00f6s suojaamaan haitallisilta auringon s\u00e4teilt\u00e4. N\u00e4in voit nauttia kes\u00e4n l\u00e4mpimist\u00e4 p\u00e4ivist\u00e4 rauhassa ja rentoutuneena ulkona. Sopii sis\u00e4- ja ulkok\u00e4ytt\u00f6\u00f6n   Voit k\u00e4ytt\u00e4\u00e4 t\u00e4t\u00e4 monipuolista tuotetta sek\u00e4 sis\u00e4tiloissa, kuten avokonttoreissa, vastaanotoissa, pukuhuoneissa tai valokuvastudioissa, ett\u00e4 ulkotiloissa, kuten terassilla, puutarhassa, uima-altaan vieress\u00e4 tai leirint\u00e4alueella. Tuotetiedot: &#8211; V\u00e4ri: beige &#8211; Materiaali: alumiini, 280 g\/m\u00b2 PU-pinnoitettu, vett\u00e4 hylkiv\u00e4 polyesteri (markiisikangas) &#8211; Koko: 200 x 400 cm (K x L) &#8211; Paino: 11 kg Toimitus sis\u00e4lt\u00e4\u00e4: &#8211; 1 x sivumarkiisi &#8211; 1 x lis\u00e4varustepaketti &#8211; 1 x ohjeet (DE, EN, IT, ES, FR)<\/p>\n","protected":false},"excerpt":{"rendered":"<p>SONGMICS sivumarkiisi, ulosvedett\u00e4v\u00e4, 200 x 400 cm, n\u00e4k\u00f6suoja, aurinkosuoja, l\u00e4pin\u00e4kym\u00e4t\u00f6n, sivurollokaihdin, parvekkeelle, terassille, puutarhaan, antrasiitti GSA204G01<\/p>\n","protected":false},"featured_media":40335,"comment_status":"open","ping_status":"closed","template":"","meta":[],"product_brand":[],"product_cat":[32],"product_tag":[],"class_list":{"0":"post-31151","1":"product","2":"type-product","3":"status-publish","4":"has-post-thumbnail","6":"product_cat-uncategorized-fi","8":"first","9":"instock","10":"shipping-taxable","11":"purchasable","12":"product-type-simple"},"_links":{"self":[{"href":"https:\/\/nordicmart.andreevmaster.com\/fi\/wp-json\/wp\/v2\/product\/31151","targetHints":{"allow":["GET"]}}],"collection":[{"href":"https:\/\/nordicmart.andreevmaster.com\/fi\/wp-json\/wp\/v2\/product"}],"about":[{"href":"https:\/\/nordicmart.andreevmaster.com\/fi\/wp-json\/wp\/v2\/types\/product"}],"replies":[{"embeddable":true,"href":"https:\/\/nordicmart.andreevmaster.com\/fi\/wp-json\/wp\/v2\/comments?post=31151"}],"wp:featuredmedia":[{"embeddable":true,"href":"https:\/\/nordicmart.andreevmaster.com\/fi\/wp-json\/wp\/v2\/media\/40335"}],"wp:attachment":[{"href":"https:\/\/nordicmart.andreevmaster.com\/fi\/wp-json\/wp\/v2\/media?parent=31151"}],"wp:term":[{"taxonomy":"product_brand","embeddable":true,"href":"https:\/\/nordicmart.andreevmaster.com\/fi\/wp-json\/wp\/v2\/product_brand?post=31151"},{"taxonomy":"product_cat","embeddable":true,"href":"https:\/\/nordicmart.andreevmaster.com\/fi\/wp-json\/wp\/v2\/product_cat?post=31151"},{"taxonomy":"product_tag","embeddable":true,"href":"https:\/\/nordicmart.andreevmaster.com\/fi\/wp-json\/wp\/v2\/product_tag?post=31151"}],"curies":[{"name":"wp","href":"https:\/\/api.w.org\/{rel}","templated":true}]}}