{"id":31147,"date":"2026-02-27T00:12:29","date_gmt":"2026-02-27T00:12:29","guid":{"rendered":"https:\/\/nordicmart.andreevmaster.com\/product\/songmics-sivuteltta-200-x-300-cm-antrasiitti\/"},"modified":"2026-02-27T09:35:31","modified_gmt":"2026-02-27T09:35:31","slug":"songmics-sivuteltta-200-x-300-cm-antrasiitti","status":"publish","type":"product","link":"https:\/\/nordicmart.andreevmaster.com\/fi\/tuote\/songmics-sivuteltta-200-x-300-cm-antrasiitti\/","title":{"rendered":"SONGMICS sivuteltta 200 x 300 cm antrasiitti"},"content":{"rendered":"<p>Tyylik\u00e4s n\u00e4k\u00f6suoja terassille ja parvekkeelle Nauti aamiaisesta tai brunssista ilman naapureiden uteliaita katseita. Hy\u00f6dynn\u00e4 viilent\u00e4v\u00e4\u00e4 varjoa kes\u00e4ll\u00e4 ja suojaa tuulelta ja nauti kes\u00e4n l\u00e4mpimist\u00e4 l\u00e4mp\u00f6tiloista rentoutuen terassillasi tai parvekkeellasi. Joustava sivuteltta ulko- ja sis\u00e4k\u00e4ytt\u00f6\u00f6nVoit k\u00e4ytt\u00e4\u00e4 sivutelttaa my\u00f6s sis\u00e4tiloissa, kuten vastaanotolla tai ateljeessa. Tarvitset vain tukevan sein\u00e4n, johon sivuteltta voidaan kiinnitt\u00e4\u00e4. Pohjakiinnikkeell\u00e4 teltan pylv\u00e4s on helppo irrottaa, jolloin lattialle j\u00e4\u00e4 vain pieni, huomaamaton kiinnike. Helppo asennus ja k\u00e4sittely Asennus on helppoa ja nopeaa mukana tulevien asennusohjeiden ansiosta. Valmiiksi asennettuna sivuteltta on helppo k\u00e4ytt\u00e4\u00e4 ja yht\u00e4 nopeasti rullattava takaisin, kun et en\u00e4\u00e4 tarvitse sit\u00e4. Rullaa teltta sis\u00e4\u00e4n kovalla tuulella, rankkasateella tai lumisateella, jotta voit nauttia n\u00e4k\u00f6suojasta pitk\u00e4\u00e4n. Tuotetiedot: &#8211; V\u00e4ri: antrasiitti &#8211; Materiaali: alumiiniseos, polyesteri (280 g\/m\u00b2), PU-pinnoite &#8211; Koko: 200 x 300 cm (K x L) &#8211; Paino: 9 kg Toimitus sis\u00e4lt\u00e4\u00e4: &#8211; 1 x sivuteltta &#8211; 1 x lis\u00e4varustepaketti &#8211; 1 x ohjeet SONGMICS Huomautukset:- Tuote on suunniteltu k\u00e4ytett\u00e4v\u00e4ksi vain aurinkoisina tai hieman tuulisina p\u00e4ivin\u00e4. Sulje markiisi v\u00e4litt\u00f6m\u00e4sti voimakkaassa tuulessa tai myrskyss\u00e4 vahingoittumisen v\u00e4ltt\u00e4miseksi. &#8211; Puhdista t\u00e4m\u00e4 tuote kostealla liinalla. &#8211; Varmista, ett\u00e4 koko sopii, ennen kuin teet tilauksen.<\/p>\n","protected":false},"excerpt":{"rendered":"<p>SONGMICS sivuteltta, ulosvedett\u00e4v\u00e4, 200 x 350 cm, n\u00e4k\u00f6suoja, aurinkosuoja, l\u00e4pin\u00e4kym\u00e4t\u00f6n, sivurulla, parvekkeelle, terassille, puutarhaan, antrasiitti GSA205G<\/p>\n","protected":false},"featured_media":40331,"comment_status":"open","ping_status":"closed","template":"","meta":[],"product_brand":[],"product_cat":[32],"product_tag":[],"class_list":{"0":"post-31147","1":"product","2":"type-product","3":"status-publish","4":"has-post-thumbnail","6":"product_cat-uncategorized-fi","8":"first","9":"instock","10":"shipping-taxable","11":"purchasable","12":"product-type-simple"},"_links":{"self":[{"href":"https:\/\/nordicmart.andreevmaster.com\/fi\/wp-json\/wp\/v2\/product\/31147","targetHints":{"allow":["GET"]}}],"collection":[{"href":"https:\/\/nordicmart.andreevmaster.com\/fi\/wp-json\/wp\/v2\/product"}],"about":[{"href":"https:\/\/nordicmart.andreevmaster.com\/fi\/wp-json\/wp\/v2\/types\/product"}],"replies":[{"embeddable":true,"href":"https:\/\/nordicmart.andreevmaster.com\/fi\/wp-json\/wp\/v2\/comments?post=31147"}],"wp:featuredmedia":[{"embeddable":true,"href":"https:\/\/nordicmart.andreevmaster.com\/fi\/wp-json\/wp\/v2\/media\/40331"}],"wp:attachment":[{"href":"https:\/\/nordicmart.andreevmaster.com\/fi\/wp-json\/wp\/v2\/media?parent=31147"}],"wp:term":[{"taxonomy":"product_brand","embeddable":true,"href":"https:\/\/nordicmart.andreevmaster.com\/fi\/wp-json\/wp\/v2\/product_brand?post=31147"},{"taxonomy":"product_cat","embeddable":true,"href":"https:\/\/nordicmart.andreevmaster.com\/fi\/wp-json\/wp\/v2\/product_cat?post=31147"},{"taxonomy":"product_tag","embeddable":true,"href":"https:\/\/nordicmart.andreevmaster.com\/fi\/wp-json\/wp\/v2\/product_tag?post=31147"}],"curies":[{"name":"wp","href":"https:\/\/api.w.org\/{rel}","templated":true}]}}