{"id":31144,"date":"2026-02-27T00:12:29","date_gmt":"2026-02-27T00:12:29","guid":{"rendered":"https:\/\/nordicmart.andreevmaster.com\/product\/songmics-vetokangasverho-beige\/"},"modified":"2026-02-27T09:35:31","modified_gmt":"2026-02-27T09:35:31","slug":"songmics-vetokangasverho-beige","status":"publish","type":"product","link":"https:\/\/nordicmart.andreevmaster.com\/fi\/tuote\/songmics-vetokangasverho-beige\/","title":{"rendered":"SONGMICS vetokangasverho, beige"},"content":{"rendered":"<p>Mukavuus on t\u00e4rke\u00e4\u00e4 T\u00e4m\u00e4 SONGMICS-vertikaalimarkiisi on ihanteellinen ratkaisu auringon ja uteliaiden naapureiden katseiden suojaamiseen. Se suojaa my\u00f6s kevyelt\u00e4 tuulelta. Sen avulla voit luoda rennon ilmapiirin puutarhapakettiin, parvekkeelle tai terassille. T\u00e4rkeimm\u00e4t ominaisuudet yhdell\u00e4 silm\u00e4yksell\u00e4: &#8211; 2,5 x 1,8 m:n kokoinen pystysuora markiisi tyylikk\u00e4\u00e4ss\u00e4 beige-v\u00e4riss\u00e4 luo modernin ilmeen &#8211; Markiisin kotelo on valmistettu korkealaatuisesta alumiiniseoksesta, joka on eritt\u00e4in kest\u00e4v\u00e4 ja ruostumaton &#8211; Suljettu kotelo suojaa kangasta ja takaa pitk\u00e4n k\u00e4ytt\u00f6i\u00e4n &#8211; Vahva markiisikangas (280 g\/m\u00b2) PU-pinnoitteella on rep\u00e4isyluja ja vedenkest\u00e4v\u00e4 &#8211; Markiisin kangas voidaan nostaa ja laskea joustavasti k\u00e4sikammella &#8211; Markiisia voi k\u00e4ytt\u00e4\u00e4 sek\u00e4 ulkona ett\u00e4 sis\u00e4ll\u00e4, esimerkiksi avokonttorissa tai pukuhuoneissa Tuotetiedot: &#8211; V\u00e4ri: beige &#8211; Materiaali: alumiiniseos, polyesteri (280 g\/m\u00b2), PU-pinnoite &#8211; Mitat: 2,5 x 1,8 m (P x L) &#8211; Paino: 9,5 kg Toimitus sis\u00e4lt\u00e4\u00e4: &#8211; 1 x sivumarkiisi &#8211; 1 x lis\u00e4varustepaketti &#8211; 1 x k\u00e4ytt\u00f6ohje (DE, EN, FR, IT, ES) SONGMICS Huomautukset:- Tuote on suunniteltu k\u00e4ytett\u00e4v\u00e4ksi vain aurinkoisina tai hieman tuulisina p\u00e4ivin\u00e4. Sulje markiisi v\u00e4litt\u00f6m\u00e4sti voimakkaassa tuulessa tai myrskyss\u00e4 vahingoittumisen v\u00e4ltt\u00e4miseksi. &#8211; Puhdista tuote kostealla liinalla.<\/p>\n","protected":false},"excerpt":{"rendered":"<p>SONGMICS 1,6 x 2,5 m pystysuora markiisi parvekkeelle, terassille, pystysuora markiisi ulkok\u00e4ytt\u00f6\u00f6n, markiisi tuulensuojaksi, aurinkosuojaksi ja n\u00e4k\u00f6suojaksi, vedenkest\u00e4v\u00e4, beige Classic GSA165BE -sarja<\/p>\n","protected":false},"featured_media":40329,"comment_status":"open","ping_status":"closed","template":"","meta":[],"product_brand":[],"product_cat":[32],"product_tag":[],"class_list":{"0":"post-31144","1":"product","2":"type-product","3":"status-publish","4":"has-post-thumbnail","6":"product_cat-uncategorized-fi","8":"first","9":"instock","10":"shipping-taxable","11":"purchasable","12":"product-type-simple"},"_links":{"self":[{"href":"https:\/\/nordicmart.andreevmaster.com\/fi\/wp-json\/wp\/v2\/product\/31144","targetHints":{"allow":["GET"]}}],"collection":[{"href":"https:\/\/nordicmart.andreevmaster.com\/fi\/wp-json\/wp\/v2\/product"}],"about":[{"href":"https:\/\/nordicmart.andreevmaster.com\/fi\/wp-json\/wp\/v2\/types\/product"}],"replies":[{"embeddable":true,"href":"https:\/\/nordicmart.andreevmaster.com\/fi\/wp-json\/wp\/v2\/comments?post=31144"}],"wp:featuredmedia":[{"embeddable":true,"href":"https:\/\/nordicmart.andreevmaster.com\/fi\/wp-json\/wp\/v2\/media\/40329"}],"wp:attachment":[{"href":"https:\/\/nordicmart.andreevmaster.com\/fi\/wp-json\/wp\/v2\/media?parent=31144"}],"wp:term":[{"taxonomy":"product_brand","embeddable":true,"href":"https:\/\/nordicmart.andreevmaster.com\/fi\/wp-json\/wp\/v2\/product_brand?post=31144"},{"taxonomy":"product_cat","embeddable":true,"href":"https:\/\/nordicmart.andreevmaster.com\/fi\/wp-json\/wp\/v2\/product_cat?post=31144"},{"taxonomy":"product_tag","embeddable":true,"href":"https:\/\/nordicmart.andreevmaster.com\/fi\/wp-json\/wp\/v2\/product_tag?post=31144"}],"curies":[{"name":"wp","href":"https:\/\/api.w.org\/{rel}","templated":true}]}}