{"id":31141,"date":"2026-02-27T00:12:28","date_gmt":"2026-02-27T00:12:28","guid":{"rendered":"https:\/\/nordicmart.andreevmaster.com\/product\/songmics-sivuteltta-ulosvedettava-harmaa\/"},"modified":"2026-02-27T09:35:30","modified_gmt":"2026-02-27T09:35:30","slug":"songmics-sivuteltta-ulosvedettava-harmaa","status":"publish","type":"product","link":"https:\/\/nordicmart.andreevmaster.com\/fi\/tuote\/songmics-sivuteltta-ulosvedettava-harmaa\/","title":{"rendered":"SONGMICS sivuteltta, ulosvedett\u00e4v\u00e4, harmaa"},"content":{"rendered":"<p>T\u00e4m\u00e4 markiisi on t\u00e4ydellinen valinta, jos haluat suojautua auringon s\u00e4teilt\u00e4 ja kevyelt\u00e4 tuulelta. T\u00e4rkeimm\u00e4t ominaisuudet yhdell\u00e4 silm\u00e4yksell\u00e4: &#8211; Alumiiniseoksesta valmistettu markiisikotelo on kest\u00e4v\u00e4 ja ruostumaton &#8211; Kulmikas pylv\u00e4s tarjoaa hyv\u00e4n j\u00e4nnityksen markiisin kankaalle &#8211; Tihe\u00e4 markiisikangas (280 g\/m\u00b2) on varustettu vett\u00e4 hylkiv\u00e4ll\u00e4 PU-pinnoitteella ja kest\u00e4\u00e4 sadetta &#8211; Takaisinkelausominaisuus helpottaa markiisin kankaan ulosvet\u00e4mist\u00e4 ja kelausta &#8211; Peit\u00e4 lattiakiinnike suojakorkilla, jotta se ei h\u00e4iritse p\u00e4ivitt\u00e4ist\u00e4 k\u00e4ytt\u00f6\u00e4 &#8211; Voit k\u00e4ytt\u00e4\u00e4 markiisia sek\u00e4 ulkona ett\u00e4 sis\u00e4ll\u00e4 Useita asennusvaihtoehtoja: &#8211; Kiinnit\u00e4 kotelo sein\u00e4\u00e4n (paksuus \u226510 cm) ja pylv\u00e4s lattiaan. Pylv\u00e4s voidaan asettaa lattiakiinnikkeeseen, jolloin se on helppo vet\u00e4\u00e4 ulos, kun sit\u00e4 ei k\u00e4ytet\u00e4. &#8211; Jos markiisin molemmat sivut asennetaan seiniin, on valmisteltava sein\u00e4kiinnike kahvaa varten. Jos koteloa ei asenneta sein\u00e4\u00e4n, tarvitaan pylv\u00e4s kiinnikkeeksi. &#8211; Jos molemmat sivut kiinnitet\u00e4\u00e4n nurmikolle, on valmisteltava kiinnityspylv\u00e4s ja 2 maakiinnikett\u00e4; jos vain sivupylv\u00e4s kiinnitet\u00e4\u00e4n nurmikolle, riitt\u00e4\u00e4 1 maakiinnike. Tuotetiedot: &#8211; V\u00e4ri: harmaa &#8211; Materiaali: alumiiniseos, polyesteri (280 g\/m\u00b2), PU-pinnoite &#8211; Mitat: 1,8 x 3,5 m (K x L) &#8211; Paino: 9,5 kg Toimitus sis\u00e4lt\u00e4\u00e4: &#8211; 1 x sivuteltta &#8211; 1 x lis\u00e4varustepaketti &#8211; 1 x ohjeet (DE, EN, FR, IT, ES) SONGMICS Huomautukset:- Tuote on suunniteltu k\u00e4ytett\u00e4v\u00e4ksi vain aurinkoisina tai hieman tuulisina p\u00e4ivin\u00e4. Sulje markiisi v\u00e4litt\u00f6m\u00e4sti voimakkaassa tuulessa tai myrskyss\u00e4 vahingoittumisen v\u00e4ltt\u00e4miseksi. &#8211; Puhdista tuote kostealla liinalla.<\/p>\n","protected":false},"excerpt":{"rendered":"<p>SONGMICS sivumarkiisi parvekkeelle ja terassille, sivurollokaihdin, n\u00e4k\u00f6suoja, ulkok\u00e4ytt\u00f6\u00f6n, puutarha, T\u00dcV S\u00dcD GS-sertifioitu, beige GSA180E<\/p>\n","protected":false},"featured_media":40326,"comment_status":"open","ping_status":"closed","template":"","meta":[],"product_brand":[],"product_cat":[32],"product_tag":[],"class_list":{"0":"post-31141","1":"product","2":"type-product","3":"status-publish","4":"has-post-thumbnail","6":"product_cat-uncategorized-fi","8":"first","9":"instock","10":"shipping-taxable","11":"purchasable","12":"product-type-simple"},"_links":{"self":[{"href":"https:\/\/nordicmart.andreevmaster.com\/fi\/wp-json\/wp\/v2\/product\/31141","targetHints":{"allow":["GET"]}}],"collection":[{"href":"https:\/\/nordicmart.andreevmaster.com\/fi\/wp-json\/wp\/v2\/product"}],"about":[{"href":"https:\/\/nordicmart.andreevmaster.com\/fi\/wp-json\/wp\/v2\/types\/product"}],"replies":[{"embeddable":true,"href":"https:\/\/nordicmart.andreevmaster.com\/fi\/wp-json\/wp\/v2\/comments?post=31141"}],"wp:featuredmedia":[{"embeddable":true,"href":"https:\/\/nordicmart.andreevmaster.com\/fi\/wp-json\/wp\/v2\/media\/40326"}],"wp:attachment":[{"href":"https:\/\/nordicmart.andreevmaster.com\/fi\/wp-json\/wp\/v2\/media?parent=31141"}],"wp:term":[{"taxonomy":"product_brand","embeddable":true,"href":"https:\/\/nordicmart.andreevmaster.com\/fi\/wp-json\/wp\/v2\/product_brand?post=31141"},{"taxonomy":"product_cat","embeddable":true,"href":"https:\/\/nordicmart.andreevmaster.com\/fi\/wp-json\/wp\/v2\/product_cat?post=31141"},{"taxonomy":"product_tag","embeddable":true,"href":"https:\/\/nordicmart.andreevmaster.com\/fi\/wp-json\/wp\/v2\/product_tag?post=31141"}],"curies":[{"name":"wp","href":"https:\/\/api.w.org\/{rel}","templated":true}]}}