{"id":31140,"date":"2026-02-27T00:12:28","date_gmt":"2026-02-27T00:12:28","guid":{"rendered":"https:\/\/nordicmart.andreevmaster.com\/product\/songmics-sivuteltta-180-x-350-cm-antrasiitti\/"},"modified":"2026-02-27T09:35:30","modified_gmt":"2026-02-27T09:35:30","slug":"songmics-sivuteltta-180-x-350-cm-antrasiitti","status":"publish","type":"product","link":"https:\/\/nordicmart.andreevmaster.com\/fi\/tuote\/songmics-sivuteltta-180-x-350-cm-antrasiitti\/","title":{"rendered":"SONGMICS sivuteltta 180 x 350 cm antrasiitti"},"content":{"rendered":"<p>&nbsp; Tuotetiedot: &#8211;&nbsp;V\u00e4ri: antrasiitti &#8211;&nbsp;Markiisin kotelo:&nbsp;alumiini&nbsp; &#8211;&nbsp;Markiisin kangas:&nbsp;polyesteri&nbsp;(280&nbsp;g\/m\u00b2)&nbsp;+&nbsp;vedenpit\u00e4v\u00e4&nbsp;PU-pinnoite &#8211;&nbsp;Mitat:&nbsp;180 x 350 cm (K x L) &#8211; Paino: 11,1 kg &nbsp; Toimitus sis\u00e4lt\u00e4\u00e4: &#8211; 1 x sivuteltta  &#8211; 1 x maakiinnike &#8211; 1 x ohjeet (DE, EN, FR, IT, ES)<\/p>\n","protected":false},"excerpt":{"rendered":"<p>SONGMICS sivumarkiisi parvekkeelle ja terassille, sivurollokaihdin, n\u00e4k\u00f6suoja, ulkok\u00e4ytt\u00f6\u00f6n, puutarha, T\u00dcV S\u00dcD GS-sertifioitu, beige GSA180E<\/p>\n","protected":false},"featured_media":40325,"comment_status":"open","ping_status":"closed","template":"","meta":[],"product_brand":[],"product_cat":[32],"product_tag":[],"class_list":{"0":"post-31140","1":"product","2":"type-product","3":"status-publish","4":"has-post-thumbnail","6":"product_cat-uncategorized-fi","8":"first","9":"instock","10":"shipping-taxable","11":"purchasable","12":"product-type-simple"},"_links":{"self":[{"href":"https:\/\/nordicmart.andreevmaster.com\/fi\/wp-json\/wp\/v2\/product\/31140","targetHints":{"allow":["GET"]}}],"collection":[{"href":"https:\/\/nordicmart.andreevmaster.com\/fi\/wp-json\/wp\/v2\/product"}],"about":[{"href":"https:\/\/nordicmart.andreevmaster.com\/fi\/wp-json\/wp\/v2\/types\/product"}],"replies":[{"embeddable":true,"href":"https:\/\/nordicmart.andreevmaster.com\/fi\/wp-json\/wp\/v2\/comments?post=31140"}],"wp:featuredmedia":[{"embeddable":true,"href":"https:\/\/nordicmart.andreevmaster.com\/fi\/wp-json\/wp\/v2\/media\/40325"}],"wp:attachment":[{"href":"https:\/\/nordicmart.andreevmaster.com\/fi\/wp-json\/wp\/v2\/media?parent=31140"}],"wp:term":[{"taxonomy":"product_brand","embeddable":true,"href":"https:\/\/nordicmart.andreevmaster.com\/fi\/wp-json\/wp\/v2\/product_brand?post=31140"},{"taxonomy":"product_cat","embeddable":true,"href":"https:\/\/nordicmart.andreevmaster.com\/fi\/wp-json\/wp\/v2\/product_cat?post=31140"},{"taxonomy":"product_tag","embeddable":true,"href":"https:\/\/nordicmart.andreevmaster.com\/fi\/wp-json\/wp\/v2\/product_tag?post=31140"}],"curies":[{"name":"wp","href":"https:\/\/api.w.org\/{rel}","templated":true}]}}