{"id":31126,"date":"2026-02-27T00:12:25","date_gmt":"2026-02-27T00:12:25","guid":{"rendered":"https:\/\/nordicmart.andreevmaster.com\/product\/songmics-sivumarkiisi-laajennettava-160-x-400-cm-parvekkeelle\/"},"modified":"2026-02-27T09:35:28","modified_gmt":"2026-02-27T09:35:28","slug":"songmics-sivumarkiisi-laajennettava-160-x-400-cm-parvekkeelle","status":"publish","type":"product","link":"https:\/\/nordicmart.andreevmaster.com\/fi\/tuote\/songmics-sivumarkiisi-laajennettava-160-x-400-cm-parvekkeelle\/","title":{"rendered":"SONGMICS sivumarkiisi, laajennettava, 160 x 400 cm, parvekkeelle"},"content":{"rendered":"<p>SONGMICS sivuteltta, laajennettava, 160 x 400 cm, n\u00e4k\u00f6suoja, aurinkosuoja, l\u00e4pin\u00e4kym\u00e4t\u00f6n, sivurulla, parvekkeelle, terassille, puutarhaan, harmaa GSA164G03<br \/>\nV\u00e4ri: harmaa<br \/>\nMateriaali: alumiiniseos, polyesteri (280 g\/m\u00b2), PU-pinnoite<br \/>\nMitat: 160 x 400 cm (K x P)<br \/>\nPaino: 9,7 kg<\/p>\n","protected":false},"excerpt":{"rendered":"<p>SONGMICS sivuteltta, laajennettava, 160 x 400 cm, n\u00e4k\u00f6suoja, aurinkosuoja, l\u00e4pin\u00e4kym\u00e4t\u00f6n, sivurulla, parvekkeelle, terassille, puutarhaan, harmaa GSA164G03<\/p>\n","protected":false},"featured_media":40311,"comment_status":"open","ping_status":"closed","template":"","meta":[],"product_brand":[],"product_cat":[32],"product_tag":[],"class_list":{"0":"post-31126","1":"product","2":"type-product","3":"status-publish","4":"has-post-thumbnail","6":"product_cat-uncategorized-fi","8":"first","9":"instock","10":"shipping-taxable","11":"purchasable","12":"product-type-simple"},"_links":{"self":[{"href":"https:\/\/nordicmart.andreevmaster.com\/fi\/wp-json\/wp\/v2\/product\/31126","targetHints":{"allow":["GET"]}}],"collection":[{"href":"https:\/\/nordicmart.andreevmaster.com\/fi\/wp-json\/wp\/v2\/product"}],"about":[{"href":"https:\/\/nordicmart.andreevmaster.com\/fi\/wp-json\/wp\/v2\/types\/product"}],"replies":[{"embeddable":true,"href":"https:\/\/nordicmart.andreevmaster.com\/fi\/wp-json\/wp\/v2\/comments?post=31126"}],"wp:featuredmedia":[{"embeddable":true,"href":"https:\/\/nordicmart.andreevmaster.com\/fi\/wp-json\/wp\/v2\/media\/40311"}],"wp:attachment":[{"href":"https:\/\/nordicmart.andreevmaster.com\/fi\/wp-json\/wp\/v2\/media?parent=31126"}],"wp:term":[{"taxonomy":"product_brand","embeddable":true,"href":"https:\/\/nordicmart.andreevmaster.com\/fi\/wp-json\/wp\/v2\/product_brand?post=31126"},{"taxonomy":"product_cat","embeddable":true,"href":"https:\/\/nordicmart.andreevmaster.com\/fi\/wp-json\/wp\/v2\/product_cat?post=31126"},{"taxonomy":"product_tag","embeddable":true,"href":"https:\/\/nordicmart.andreevmaster.com\/fi\/wp-json\/wp\/v2\/product_tag?post=31126"}],"curies":[{"name":"wp","href":"https:\/\/api.w.org\/{rel}","templated":true}]}}