{"id":31121,"date":"2026-02-27T00:12:24","date_gmt":"2026-02-27T00:12:24","guid":{"rendered":"https:\/\/nordicmart.andreevmaster.com\/product\/songmics-sivuteltta-160-x-300-cm-beige\/"},"modified":"2026-02-27T09:35:27","modified_gmt":"2026-02-27T09:35:27","slug":"songmics-sivuteltta-160-x-300-cm-beige","status":"publish","type":"product","link":"https:\/\/nordicmart.andreevmaster.com\/fi\/tuote\/songmics-sivuteltta-160-x-300-cm-beige\/","title":{"rendered":"SONGMICS sivuteltta 160 x 300 cm beige"},"content":{"rendered":"<p>Tyylik\u00e4s n\u00e4k\u00f6suoja terassille ja parvekkeelle Nauti aamiaisesta tai brunssista ilman naapureiden uteliaita katseita. Hy\u00f6dynn\u00e4 viilent\u00e4v\u00e4\u00e4 varjoa kes\u00e4ll\u00e4 ja suojaa tuulelta ja nauti kes\u00e4n l\u00e4mpimist\u00e4 l\u00e4mp\u00f6tiloista rentoutuen terassillasi tai parvekkeellasi. Joustava sivuteltta ulko- ja sis\u00e4k\u00e4ytt\u00f6\u00f6nVoit k\u00e4ytt\u00e4\u00e4 sivutelttaa my\u00f6s sis\u00e4tiloissa, kuten vastaanotolla tai ateljeessa. Tarvitset vain tukevan sein\u00e4n, johon sivuteltta voidaan kiinnitt\u00e4\u00e4. Pohjakiinnikkeell\u00e4 teltan pylv\u00e4s on helppo irrottaa, jolloin lattialle j\u00e4\u00e4 vain pieni, huomaamaton kiinnike. Helppo asennus ja k\u00e4sittely Asennus on helppoa ja nopeaa mukana tulevien asennusohjeiden ansiosta. Valmiiksi asennettuna sivuteltta on helppo k\u00e4ytt\u00e4\u00e4 ja yht\u00e4 nopeasti rullattava takaisin, kun et en\u00e4\u00e4 tarvitse sit\u00e4. Rullaa teltta sis\u00e4\u00e4n kovalla tuulella, rankkasateella tai lumisateella, jotta voit nauttia n\u00e4k\u00f6suojasta pitk\u00e4\u00e4n. Tuotetiedot: &#8211; Markiisin kotelo: alumiini &#8211; Markiisin kangas: polyesteri (280 g\/m\u00b2) + vedenpit\u00e4v\u00e4 PU-pinnoite Toimitus sis\u00e4lt\u00e4\u00e4: &#8211; 1 x sivumarkiisi &#8211; 1 x lattiakiinnike &#8211; 1 x ohjeet (DE, EN, FR, IT, ES)<\/p>\n","protected":false},"excerpt":{"rendered":"<p>SONGMICS GSA160G sivuteltta parvekkeelle ja terassille, T\u00dcV S\u00dcD GS -sertifioitu, n\u00e4k\u00f6suoja, aurinkosuoja<\/p>\n","protected":false},"featured_media":40306,"comment_status":"open","ping_status":"closed","template":"","meta":[],"product_brand":[],"product_cat":[32],"product_tag":[],"class_list":{"0":"post-31121","1":"product","2":"type-product","3":"status-publish","4":"has-post-thumbnail","6":"product_cat-uncategorized-fi","8":"first","9":"instock","10":"shipping-taxable","11":"purchasable","12":"product-type-simple"},"_links":{"self":[{"href":"https:\/\/nordicmart.andreevmaster.com\/fi\/wp-json\/wp\/v2\/product\/31121","targetHints":{"allow":["GET"]}}],"collection":[{"href":"https:\/\/nordicmart.andreevmaster.com\/fi\/wp-json\/wp\/v2\/product"}],"about":[{"href":"https:\/\/nordicmart.andreevmaster.com\/fi\/wp-json\/wp\/v2\/types\/product"}],"replies":[{"embeddable":true,"href":"https:\/\/nordicmart.andreevmaster.com\/fi\/wp-json\/wp\/v2\/comments?post=31121"}],"wp:featuredmedia":[{"embeddable":true,"href":"https:\/\/nordicmart.andreevmaster.com\/fi\/wp-json\/wp\/v2\/media\/40306"}],"wp:attachment":[{"href":"https:\/\/nordicmart.andreevmaster.com\/fi\/wp-json\/wp\/v2\/media?parent=31121"}],"wp:term":[{"taxonomy":"product_brand","embeddable":true,"href":"https:\/\/nordicmart.andreevmaster.com\/fi\/wp-json\/wp\/v2\/product_brand?post=31121"},{"taxonomy":"product_cat","embeddable":true,"href":"https:\/\/nordicmart.andreevmaster.com\/fi\/wp-json\/wp\/v2\/product_cat?post=31121"},{"taxonomy":"product_tag","embeddable":true,"href":"https:\/\/nordicmart.andreevmaster.com\/fi\/wp-json\/wp\/v2\/product_tag?post=31121"}],"curies":[{"name":"wp","href":"https:\/\/api.w.org\/{rel}","templated":true}]}}