{"id":31120,"date":"2026-02-27T00:12:24","date_gmt":"2026-02-27T00:12:24","guid":{"rendered":"https:\/\/nordicmart.andreevmaster.com\/product\/songmics-kiinnitettava-markiisi-150-x-130-cm-harmaa\/"},"modified":"2026-02-27T09:35:27","modified_gmt":"2026-02-27T09:35:27","slug":"songmics-kiinnitettava-markiisi-150-x-130-cm-harmaa","status":"publish","type":"product","link":"https:\/\/nordicmart.andreevmaster.com\/fi\/tuote\/songmics-kiinnitettava-markiisi-150-x-130-cm-harmaa\/","title":{"rendered":"SONGMICS kiinnitett\u00e4v\u00e4 markiisi 150 x 130 cm harmaa"},"content":{"rendered":"<p>Helppo ja nopea asentaa Aurinkosuoja toimitetaan kotiisi valmiiksi koottuna. Sinun tarvitsee vain koota runko ja s\u00e4\u00e4t\u00e4\u00e4 pystytankojen ja markiisin korkeus niin, ett\u00e4 tangot kiinnittyv\u00e4t tukevasti lattian ja katon v\u00e4liin. T\u00e4h\u00e4n tarvitaan mieluiten kaksi henkil\u00f6\u00e4. Ihanteellinen vuokra-asuntoihin T\u00e4m\u00e4n kiinnitystarttisen markiisin asentamiseen ei tarvita ruuveja. Siksi t\u00e4m\u00e4ntyyppinen aurinkosuoja sopii erityisen hyvin vuokra-asuntoihin, koska se ei aiheuta riitaa vuokranantajan kanssa, joka ei ehk\u00e4 halua pysyvi\u00e4 asennuksia omaisuuteensa. Vakaa ja tyylik\u00e4s T\u00e4m\u00e4 markiisi on paitsi k\u00e4yt\u00e4nn\u00f6llinen, my\u00f6s vakaa ja s\u00e4\u00e4nkest\u00e4v\u00e4. Rautaputket muodostavat yhten\u00e4isen kokonaisuuden parvekkeen katon ja lattian kanssa, jolloin syntyy tukeva aurinkosuojarakenne. Markiisin kangas on PU-pinnoitettu, joten kevyt sade ei vahingoita sit\u00e4. Tuotetiedot: &#8211; V\u00e4ri: harmaa &#8211; Materiaali: alumiini (\u00d8 38 mm kangasrulla), jauhemaalattu rautakehys, 280 g\/m\u00b2 polyesteri\u00e4 PU-pinnoitteella (markiisin kangas) &#8211; Koko: 150 x 130 cm (P x L) &#8211; Korkeus: 2-3 m &#8211; Paino: 9 kg Toimitus sis\u00e4lt\u00e4\u00e4:- 1 x kiinnitystarjotin kampi &#8211; 1 x ohjeet SONGMICSin huomautukset: &#8211; Asennus tulee suorittaa kahden henkil\u00f6n voimin. Tarkista asennuksen j\u00e4lkeen, ett\u00e4 tukiputket ovat tukevasti kiinni. &#8211; \u00c4l\u00e4 k\u00e4yt\u00e4 tuotetta kovassa tuulessa, sateessa tai lumisateessa. Sulje markiisi v\u00e4litt\u00f6m\u00e4sti, jos s\u00e4\u00e4 muuttuu, muuten se voi vaurioitua. &#8211; \u00c4l\u00e4 k\u00e4\u00e4nn\u00e4 kampia, kun markiisin kangas on t\u00e4ysin ulkona. &#8211; Kangas tulee puhdistaa pehme\u00e4ll\u00e4, vedell\u00e4 tai miedolla pesuaineella kostutetulla liinalla.<\/p>\n","protected":false},"excerpt":{"rendered":"<p>SONGMICS kiinnitett\u00e4v\u00e4 markiisi, 150 x 130 cm, rullattava parvekemarkiisi, aurinkosuoja, markiisi telineell\u00e4, s\u00e4\u00e4dett\u00e4v\u00e4 korkeus 2\u20133 m, harmaa GSA153G<\/p>\n","protected":false},"featured_media":40305,"comment_status":"open","ping_status":"closed","template":"","meta":[],"product_brand":[],"product_cat":[32],"product_tag":[],"class_list":{"0":"post-31120","1":"product","2":"type-product","3":"status-publish","4":"has-post-thumbnail","6":"product_cat-uncategorized-fi","8":"first","9":"instock","10":"shipping-taxable","11":"purchasable","12":"product-type-simple"},"_links":{"self":[{"href":"https:\/\/nordicmart.andreevmaster.com\/fi\/wp-json\/wp\/v2\/product\/31120","targetHints":{"allow":["GET"]}}],"collection":[{"href":"https:\/\/nordicmart.andreevmaster.com\/fi\/wp-json\/wp\/v2\/product"}],"about":[{"href":"https:\/\/nordicmart.andreevmaster.com\/fi\/wp-json\/wp\/v2\/types\/product"}],"replies":[{"embeddable":true,"href":"https:\/\/nordicmart.andreevmaster.com\/fi\/wp-json\/wp\/v2\/comments?post=31120"}],"wp:featuredmedia":[{"embeddable":true,"href":"https:\/\/nordicmart.andreevmaster.com\/fi\/wp-json\/wp\/v2\/media\/40305"}],"wp:attachment":[{"href":"https:\/\/nordicmart.andreevmaster.com\/fi\/wp-json\/wp\/v2\/media?parent=31120"}],"wp:term":[{"taxonomy":"product_brand","embeddable":true,"href":"https:\/\/nordicmart.andreevmaster.com\/fi\/wp-json\/wp\/v2\/product_brand?post=31120"},{"taxonomy":"product_cat","embeddable":true,"href":"https:\/\/nordicmart.andreevmaster.com\/fi\/wp-json\/wp\/v2\/product_cat?post=31120"},{"taxonomy":"product_tag","embeddable":true,"href":"https:\/\/nordicmart.andreevmaster.com\/fi\/wp-json\/wp\/v2\/product_tag?post=31120"}],"curies":[{"name":"wp","href":"https:\/\/api.w.org\/{rel}","templated":true}]}}