{"id":31113,"date":"2026-02-27T00:12:23","date_gmt":"2026-02-27T00:12:23","guid":{"rendered":"https:\/\/nordicmart.andreevmaster.com\/product\/songmics-maakiinnike-sivuteltalle-sopii-vain-songmics-alumiinisille-kaksipuolisille-sivuteltalle\/"},"modified":"2026-02-27T09:35:26","modified_gmt":"2026-02-27T09:35:26","slug":"songmics-maakiinnike-sivuteltalle-sopii-vain-songmics-alumiinisille-kaksipuolisille-sivuteltalle","status":"publish","type":"product","link":"https:\/\/nordicmart.andreevmaster.com\/fi\/tuote\/songmics-maakiinnike-sivuteltalle-sopii-vain-songmics-alumiinisille-kaksipuolisille-sivuteltalle\/","title":{"rendered":"SONGMICS maakiinnike sivuteltalle, sopii vain SONGMICS alumiinisille kaksipuolisille sivuteltalle"},"content":{"rendered":"<p>Turvallinen kiinnitys puutarhaan Kaksipuolinen markiisi kiinnitet\u00e4\u00e4n maakiinnikkeell\u00e4 tukevasti ja turvallisesti puutarhan maahan tai nurmikolle. N\u00e4in markiisi voidaan asettaa joustavasti haluttuun paikkaan ilman, ett\u00e4 sit\u00e4 varten tarvitsee kaivaa reik\u00e4\u00e4 ja betonoida. Nopea asennus Maakiinnike ly\u00f6d\u00e4\u00e4n yksinkertaisesti maahan. Markiisin kotelo kiinnitet\u00e4\u00e4n maakiinnikkeeseen mukana toimitetuilla ruuveilla, kolme ruuvia vastakkaisille sivuille. Ruuveihin kuuluvat aluslevyt sis\u00e4ltyv\u00e4t toimitukseen. Laadukas materiaali takaa pitk\u00e4n k\u00e4ytt\u00f6i\u00e4n Jauhemaalattu rauta takaa maakiinnikkeen pitk\u00e4n k\u00e4ytt\u00f6i\u00e4n. Se pysyy tukevasti maassa eik\u00e4 ruostu. Tarkista kuitenkin s\u00e4\u00e4nn\u00f6llisesti, ett\u00e4 ruuvit ovat kunnolla kiinni.  Tuotetiedot: Materiaali: jauhemaalattu rauta Mitat: 20,2 x 10,7 x 46 cm (L x S x K) Korkeus: 46 cm Paino: 2,2 kg V\u00e4ri: harmaa  Toimitus sis\u00e4lt\u00e4\u00e4: 1 x maakiila 6 x ruuvia aluslevyill\u00e4 <\/p>\n","protected":false},"excerpt":{"rendered":"<p>SONGMICS Maakiinnike sivuteltalle Maakiinnike puutarhaan asennettavaksi, kiinnitys kaksipuoliseen sivutelttaan ilman betonia, rautainen maaholkki GSA006<\/p>\n","protected":false},"featured_media":40298,"comment_status":"open","ping_status":"closed","template":"","meta":[],"product_brand":[],"product_cat":[32],"product_tag":[],"class_list":{"0":"post-31113","1":"product","2":"type-product","3":"status-publish","4":"has-post-thumbnail","6":"product_cat-uncategorized-fi","8":"first","9":"instock","10":"shipping-taxable","11":"purchasable","12":"product-type-simple"},"_links":{"self":[{"href":"https:\/\/nordicmart.andreevmaster.com\/fi\/wp-json\/wp\/v2\/product\/31113","targetHints":{"allow":["GET"]}}],"collection":[{"href":"https:\/\/nordicmart.andreevmaster.com\/fi\/wp-json\/wp\/v2\/product"}],"about":[{"href":"https:\/\/nordicmart.andreevmaster.com\/fi\/wp-json\/wp\/v2\/types\/product"}],"replies":[{"embeddable":true,"href":"https:\/\/nordicmart.andreevmaster.com\/fi\/wp-json\/wp\/v2\/comments?post=31113"}],"wp:featuredmedia":[{"embeddable":true,"href":"https:\/\/nordicmart.andreevmaster.com\/fi\/wp-json\/wp\/v2\/media\/40298"}],"wp:attachment":[{"href":"https:\/\/nordicmart.andreevmaster.com\/fi\/wp-json\/wp\/v2\/media?parent=31113"}],"wp:term":[{"taxonomy":"product_brand","embeddable":true,"href":"https:\/\/nordicmart.andreevmaster.com\/fi\/wp-json\/wp\/v2\/product_brand?post=31113"},{"taxonomy":"product_cat","embeddable":true,"href":"https:\/\/nordicmart.andreevmaster.com\/fi\/wp-json\/wp\/v2\/product_cat?post=31113"},{"taxonomy":"product_tag","embeddable":true,"href":"https:\/\/nordicmart.andreevmaster.com\/fi\/wp-json\/wp\/v2\/product_tag?post=31113"}],"curies":[{"name":"wp","href":"https:\/\/api.w.org\/{rel}","templated":true}]}}