{"id":31112,"date":"2026-02-27T00:12:22","date_gmt":"2026-02-27T00:12:22","guid":{"rendered":"https:\/\/nordicmart.andreevmaster.com\/product\/songmics-seinakiinnike-sivuteltalle-sopii-vain-songmics-alumiinisivuteltalle\/"},"modified":"2026-02-27T09:35:26","modified_gmt":"2026-02-27T09:35:26","slug":"songmics-seinakiinnike-sivuteltalle-sopii-vain-songmics-alumiinisivuteltalle","status":"publish","type":"product","link":"https:\/\/nordicmart.andreevmaster.com\/fi\/tuote\/songmics-seinakiinnike-sivuteltalle-sopii-vain-songmics-alumiinisivuteltalle\/","title":{"rendered":"SONGMICS sein\u00e4kiinnike sivuteltalle, sopii vain SONGMICS alumiinisivuteltalle"},"content":{"rendered":"<p>Upea lis\u00e4 SONGMICS-sivutelttoihin Sein\u00e4teline mahdollistaa sivuteltan joustavan asennuksen. N\u00e4in saat viel\u00e4 enemm\u00e4n vapautta asennuksessa, koska voit asentaa sivuteltan sein\u00e4n viereen ilman, ett\u00e4 sinun tarvitsee asentaa pylv\u00e4st\u00e4.Sopii SONGMICS-alumiinisiin sivumarkiiseihin Riippumatta siit\u00e4, mink\u00e4 SONGMICS-alumiinisen sivumarkiisin olet p\u00e4\u00e4tt\u00e4nyt ostaa, sein\u00e4kiinnike sopii siihen t\u00e4ydellisesti. Helppo asennus Sein\u00e4kiinnike asennetaan helposti sein\u00e4\u00e4n. Tarvittavat ruuvit ja tulpat, jotka takaavat turvallisen ja tukevan kiinnityksen, sis\u00e4ltyv\u00e4t tietysti toimitukseen. S\u00e4\u00e4d\u00e4 sein\u00e4telineen korkeus sivuteltan kahvan korkeuden mukaan. Laadukas ja kest\u00e4v\u00e4 Sein\u00e4teline on valmistettu tukevasta PA66-muovista ja pit\u00e4\u00e4 sivuteltan tukevasti ja turvallisesti paikallaan. Tarkista ruuvit s\u00e4\u00e4nn\u00f6llisesti. Tuotetiedot: V\u00e4ri: harmaa Materiaali: PA66-muovi Tuotteen mitat: 9 x 8 x 12,8 cm Paino: 0,3 kg Toimitus sis\u00e4lt\u00e4\u00e4: 1 x sein\u00e4teline 4 x ruuvia sein\u00e4tulpilla SONGMICS Huomautukset:T\u00e4m\u00e4 tuote ei sovellu SONGMICS-sivutelttoihin, joissa on rautaiset tukipylv\u00e4\u00e4t. Sopii seuraaviin malleihin: GSA160E, GSA160G, GSA180E, GSA180G, GSA200E, GSA200G, GSA185E, GSA185G, GSA185G01,GSA205E,GSA205G,GSA205G01,GSA164G01,GSA184E01,GSA184G,GSA204E01,GSA204G01<\/p>\n","protected":false},"excerpt":{"rendered":"<p>SONGMICS sein\u00e4kiinnike sivumarkiisi, sein\u00e4kiinnike ulosvedett\u00e4v\u00e4lle kiinnikkeelle, sivumarkiisit GSA005<\/p>\n","protected":false},"featured_media":40297,"comment_status":"open","ping_status":"closed","template":"","meta":[],"product_brand":[],"product_cat":[32],"product_tag":[],"class_list":{"0":"post-31112","1":"product","2":"type-product","3":"status-publish","4":"has-post-thumbnail","6":"product_cat-uncategorized-fi","8":"first","9":"instock","10":"shipping-taxable","11":"purchasable","12":"product-type-simple"},"_links":{"self":[{"href":"https:\/\/nordicmart.andreevmaster.com\/fi\/wp-json\/wp\/v2\/product\/31112","targetHints":{"allow":["GET"]}}],"collection":[{"href":"https:\/\/nordicmart.andreevmaster.com\/fi\/wp-json\/wp\/v2\/product"}],"about":[{"href":"https:\/\/nordicmart.andreevmaster.com\/fi\/wp-json\/wp\/v2\/types\/product"}],"replies":[{"embeddable":true,"href":"https:\/\/nordicmart.andreevmaster.com\/fi\/wp-json\/wp\/v2\/comments?post=31112"}],"wp:featuredmedia":[{"embeddable":true,"href":"https:\/\/nordicmart.andreevmaster.com\/fi\/wp-json\/wp\/v2\/media\/40297"}],"wp:attachment":[{"href":"https:\/\/nordicmart.andreevmaster.com\/fi\/wp-json\/wp\/v2\/media?parent=31112"}],"wp:term":[{"taxonomy":"product_brand","embeddable":true,"href":"https:\/\/nordicmart.andreevmaster.com\/fi\/wp-json\/wp\/v2\/product_brand?post=31112"},{"taxonomy":"product_cat","embeddable":true,"href":"https:\/\/nordicmart.andreevmaster.com\/fi\/wp-json\/wp\/v2\/product_cat?post=31112"},{"taxonomy":"product_tag","embeddable":true,"href":"https:\/\/nordicmart.andreevmaster.com\/fi\/wp-json\/wp\/v2\/product_tag?post=31112"}],"curies":[{"name":"wp","href":"https:\/\/api.w.org\/{rel}","templated":true}]}}