{"id":31111,"date":"2026-02-27T00:12:22","date_gmt":"2026-02-27T00:12:22","guid":{"rendered":"https:\/\/nordicmart.andreevmaster.com\/product\/songmics-maakiinnike-markiisipylvaalle-sopii-vain-songmics-alumiinisiin-sivumarkiiseihin\/"},"modified":"2026-02-27T09:35:26","modified_gmt":"2026-02-27T09:35:26","slug":"songmics-maakiinnike-markiisipylvaalle-sopii-vain-songmics-alumiinisiin-sivumarkiiseihin","status":"publish","type":"product","link":"https:\/\/nordicmart.andreevmaster.com\/fi\/tuote\/songmics-maakiinnike-markiisipylvaalle-sopii-vain-songmics-alumiinisiin-sivumarkiiseihin\/","title":{"rendered":"SONGMICS-maakiinnike markiisipylv\u00e4\u00e4lle, sopii vain SONGMICS-alumiinisiin sivumarkiiseihin"},"content":{"rendered":"<p>SONGMICS-sivuteltan toimitukseen sis\u00e4ltyy maakiinnike. Meilt\u00e4 kysyt\u00e4\u00e4n usein, voiko sivuteltan pylv\u00e4\u00e4n poistaa asennuksen j\u00e4lkeen. T\u00e4m\u00e4n maakiinnikkeen avulla se onkin mahdollista! Ty\u00f6nn\u00e4 pylv\u00e4\u00e4n alaosa maakiinnikkeeseen, kun haluat k\u00e4ytt\u00e4\u00e4 sivutelttaa ja suojautua auringolta, tuulelta tai uteliailta katseilta. Ved\u00e4 kiinnike ulos ja rullaa markiisi kokoon, kun tarvitset taas enemm\u00e4n tilaa terassillasi tai puutarhassasi. Tuotetiedot: &#8211; V\u00e4ri: harmaa &#8211; Materiaali: jauhemaalattu rauta, muovi &#8211; Pohjalevyn koko: 9,6 x 9,6 x 1,3 cm (P x L x K) &#8211; Kannen koko: 11,5 x 11,5 x 1,5 cm (P x L x K) &#8211; Paino: 0,7 kg Toimitus sis\u00e4lt\u00e4\u00e4: &#8211; 1 x maakiinnike markiisipylv\u00e4\u00e4lle &#8211; 1 x s\u00e4ili\u00f6 ruuveilla<\/p>\n","protected":false},"excerpt":{"rendered":"<p>SONGMICS lattiakiinnike, ulosvedett\u00e4v\u00e4n kiinnike, lattiakiinnike sivutelttojen telineille, kansi GSA004<\/p>\n","protected":false},"featured_media":40296,"comment_status":"open","ping_status":"closed","template":"","meta":[],"product_brand":[],"product_cat":[32],"product_tag":[],"class_list":{"0":"post-31111","1":"product","2":"type-product","3":"status-publish","4":"has-post-thumbnail","6":"product_cat-uncategorized-fi","8":"first","9":"instock","10":"shipping-taxable","11":"purchasable","12":"product-type-simple"},"_links":{"self":[{"href":"https:\/\/nordicmart.andreevmaster.com\/fi\/wp-json\/wp\/v2\/product\/31111","targetHints":{"allow":["GET"]}}],"collection":[{"href":"https:\/\/nordicmart.andreevmaster.com\/fi\/wp-json\/wp\/v2\/product"}],"about":[{"href":"https:\/\/nordicmart.andreevmaster.com\/fi\/wp-json\/wp\/v2\/types\/product"}],"replies":[{"embeddable":true,"href":"https:\/\/nordicmart.andreevmaster.com\/fi\/wp-json\/wp\/v2\/comments?post=31111"}],"wp:featuredmedia":[{"embeddable":true,"href":"https:\/\/nordicmart.andreevmaster.com\/fi\/wp-json\/wp\/v2\/media\/40296"}],"wp:attachment":[{"href":"https:\/\/nordicmart.andreevmaster.com\/fi\/wp-json\/wp\/v2\/media?parent=31111"}],"wp:term":[{"taxonomy":"product_brand","embeddable":true,"href":"https:\/\/nordicmart.andreevmaster.com\/fi\/wp-json\/wp\/v2\/product_brand?post=31111"},{"taxonomy":"product_cat","embeddable":true,"href":"https:\/\/nordicmart.andreevmaster.com\/fi\/wp-json\/wp\/v2\/product_cat?post=31111"},{"taxonomy":"product_tag","embeddable":true,"href":"https:\/\/nordicmart.andreevmaster.com\/fi\/wp-json\/wp\/v2\/product_tag?post=31111"}],"curies":[{"name":"wp","href":"https:\/\/api.w.org\/{rel}","templated":true}]}}