{"id":31110,"date":"2026-02-27T00:12:22","date_gmt":"2026-02-27T00:12:22","guid":{"rendered":"https:\/\/nordicmart.andreevmaster.com\/product\/songmics-kiinnike-markiisikotelolle-vain-songmicsn-kaksinkertaisille-alumiinisille-sivuverhoille\/"},"modified":"2026-02-27T09:35:26","modified_gmt":"2026-02-27T09:35:26","slug":"songmics-kiinnike-markiisikotelolle-vain-songmicsn-kaksinkertaisille-alumiinisille-sivuverhoille","status":"publish","type":"product","link":"https:\/\/nordicmart.andreevmaster.com\/fi\/tuote\/songmics-kiinnike-markiisikotelolle-vain-songmicsn-kaksinkertaisille-alumiinisille-sivuverhoille\/","title":{"rendered":"SONGMICS kiinnike markiisikotelolle, vain SONGMICS:n kaksinkertaisille alumiinisille sivuverhoille"},"content":{"rendered":"<p>Meilt\u00e4 kysyt\u00e4\u00e4n usein, voiko kaksinkertaisen sivuteltan poistaa asennuksen j\u00e4lkeen. T\u00e4m\u00e4n pohjalevyn avulla se onkin mahdollista! Ty\u00f6nn\u00e4 markiisikotelon alaosa yksinkertaisesti pohjakiinnikkeeseen, kun haluat suojautua auringolta, tuulelta tai uteliailta katseilta. Ved\u00e4 kotelo takaisin ulos, kun tarvitset taas hieman enemm\u00e4n tilaa terassillasi. Tuotetiedot: &#8211; V\u00e4ri: harmaa &#8211; Materiaali: jauhemaalattu rauta &#8211; Koko: 21,5 x 12,8 x 1,3 cm (P x L x K) &#8211; Paino: 0,7 kg Toimitus sis\u00e4lt\u00e4\u00e4: &#8211; 1 x pohjakiinnike markiisikotelolle &#8211; 1 x s\u00e4ili\u00f6 ruuveilla<\/p>\n","protected":false},"excerpt":{"rendered":"<p>SONGMICS maakiinnike maakiinnitys markiisikotelolle, kaksipuolisen sivu markiisin markiisikotelo, maakiinnitys GSA003<\/p>\n","protected":false},"featured_media":40295,"comment_status":"open","ping_status":"closed","template":"","meta":[],"product_brand":[],"product_cat":[32],"product_tag":[],"class_list":{"0":"post-31110","1":"product","2":"type-product","3":"status-publish","4":"has-post-thumbnail","6":"product_cat-uncategorized-fi","8":"first","9":"instock","10":"shipping-taxable","11":"purchasable","12":"product-type-simple"},"_links":{"self":[{"href":"https:\/\/nordicmart.andreevmaster.com\/fi\/wp-json\/wp\/v2\/product\/31110","targetHints":{"allow":["GET"]}}],"collection":[{"href":"https:\/\/nordicmart.andreevmaster.com\/fi\/wp-json\/wp\/v2\/product"}],"about":[{"href":"https:\/\/nordicmart.andreevmaster.com\/fi\/wp-json\/wp\/v2\/types\/product"}],"replies":[{"embeddable":true,"href":"https:\/\/nordicmart.andreevmaster.com\/fi\/wp-json\/wp\/v2\/comments?post=31110"}],"wp:featuredmedia":[{"embeddable":true,"href":"https:\/\/nordicmart.andreevmaster.com\/fi\/wp-json\/wp\/v2\/media\/40295"}],"wp:attachment":[{"href":"https:\/\/nordicmart.andreevmaster.com\/fi\/wp-json\/wp\/v2\/media?parent=31110"}],"wp:term":[{"taxonomy":"product_brand","embeddable":true,"href":"https:\/\/nordicmart.andreevmaster.com\/fi\/wp-json\/wp\/v2\/product_brand?post=31110"},{"taxonomy":"product_cat","embeddable":true,"href":"https:\/\/nordicmart.andreevmaster.com\/fi\/wp-json\/wp\/v2\/product_cat?post=31110"},{"taxonomy":"product_tag","embeddable":true,"href":"https:\/\/nordicmart.andreevmaster.com\/fi\/wp-json\/wp\/v2\/product_tag?post=31110"}],"curies":[{"name":"wp","href":"https:\/\/api.w.org\/{rel}","templated":true}]}}