{"id":31109,"date":"2026-02-27T00:12:22","date_gmt":"2026-02-27T00:12:22","guid":{"rendered":"https:\/\/nordicmart.andreevmaster.com\/product\/songmics-korkeussaadettava-pystysuora-markiisi-200-x-220-300-cm-antrasiitinharmaa\/"},"modified":"2026-02-27T09:35:25","modified_gmt":"2026-02-27T09:35:25","slug":"songmics-korkeussaadettava-pystysuora-markiisi-200-x-220-300-cm-antrasiitinharmaa","status":"publish","type":"product","link":"https:\/\/nordicmart.andreevmaster.com\/fi\/tuote\/songmics-korkeussaadettava-pystysuora-markiisi-200-x-220-300-cm-antrasiitinharmaa\/","title":{"rendered":"SONGMICS korkeuss\u00e4\u00e4dett\u00e4v\u00e4 pystysuora markiisi 200 x (220-300) cm antrasiitinharmaa"},"content":{"rendered":"<p>SONGMICS pystysuora markiisi, korkeuss\u00e4\u00e4dett\u00e4v\u00e4, 150 x (220-300) cm, poraamista ei tarvita, pystysuora markiisi terassille, parvekkeelle markiisikotelolla, UPF 50+, n\u00e4k\u00f6suoja, antrasiitinharmaa GSA0150G01<br \/>\nV\u00e4ri: antrasiitinharmaa<br \/>\nMateriaali: ter\u00e4s, polyesteri (180 g\/m\u00b2)<br \/>\nKoko: 200 x (220-300) cm (L x K)<br \/>\nPaino: 7,6 kg<\/p>\n","protected":false},"excerpt":{"rendered":"<p>SONGMICS pystysuora markiisi, korkeuss\u00e4\u00e4dett\u00e4v\u00e4, 150 x (220-300) cm, poraamista ei tarvita, pystysuora markiisi terassille, parvekkeelle markiisikotelolla, UPF 50+, n\u00e4k\u00f6suoja, antrasiitinharmaa GSA0150G01<\/p>\n","protected":false},"featured_media":40294,"comment_status":"open","ping_status":"closed","template":"","meta":[],"product_brand":[],"product_cat":[32],"product_tag":[],"class_list":{"0":"post-31109","1":"product","2":"type-product","3":"status-publish","4":"has-post-thumbnail","6":"product_cat-uncategorized-fi","8":"first","9":"instock","10":"shipping-taxable","11":"purchasable","12":"product-type-simple"},"_links":{"self":[{"href":"https:\/\/nordicmart.andreevmaster.com\/fi\/wp-json\/wp\/v2\/product\/31109","targetHints":{"allow":["GET"]}}],"collection":[{"href":"https:\/\/nordicmart.andreevmaster.com\/fi\/wp-json\/wp\/v2\/product"}],"about":[{"href":"https:\/\/nordicmart.andreevmaster.com\/fi\/wp-json\/wp\/v2\/types\/product"}],"replies":[{"embeddable":true,"href":"https:\/\/nordicmart.andreevmaster.com\/fi\/wp-json\/wp\/v2\/comments?post=31109"}],"wp:featuredmedia":[{"embeddable":true,"href":"https:\/\/nordicmart.andreevmaster.com\/fi\/wp-json\/wp\/v2\/media\/40294"}],"wp:attachment":[{"href":"https:\/\/nordicmart.andreevmaster.com\/fi\/wp-json\/wp\/v2\/media?parent=31109"}],"wp:term":[{"taxonomy":"product_brand","embeddable":true,"href":"https:\/\/nordicmart.andreevmaster.com\/fi\/wp-json\/wp\/v2\/product_brand?post=31109"},{"taxonomy":"product_cat","embeddable":true,"href":"https:\/\/nordicmart.andreevmaster.com\/fi\/wp-json\/wp\/v2\/product_cat?post=31109"},{"taxonomy":"product_tag","embeddable":true,"href":"https:\/\/nordicmart.andreevmaster.com\/fi\/wp-json\/wp\/v2\/product_tag?post=31109"}],"curies":[{"name":"wp","href":"https:\/\/api.w.org\/{rel}","templated":true}]}}