{"id":31107,"date":"2026-02-27T00:12:21","date_gmt":"2026-02-27T00:12:21","guid":{"rendered":"https:\/\/nordicmart.andreevmaster.com\/product\/songmics-maakiila-sivuteltalle-sopii-vain-songmics-alumiinisivutelttoihin\/"},"modified":"2026-02-27T09:35:25","modified_gmt":"2026-02-27T09:35:25","slug":"songmics-maakiila-sivuteltalle-sopii-vain-songmics-alumiinisivutelttoihin","status":"publish","type":"product","link":"https:\/\/nordicmart.andreevmaster.com\/fi\/tuote\/songmics-maakiila-sivuteltalle-sopii-vain-songmics-alumiinisivutelttoihin\/","title":{"rendered":"SONGMICS-maakiila sivuteltalle, sopii vain SONGMICS-alumiinisivutelttoihin"},"content":{"rendered":"<p>Haluatko viett\u00e4\u00e4 rauhallisia p\u00e4ivi\u00e4 puutarhassa perheen kanssa? T\u00e4ll\u00f6in t\u00e4m\u00e4 puutarhamaalle sopiva maakiila on todellinen tuki SONGMICS-sivuteltan pylv\u00e4ille. Maakiilan kiinnitt\u00e4miseksi sinun ei tarvitse etsi\u00e4 tukevaa alustaa, vaan voit vain kutsua perheen ja yst\u00e4v\u00e4t koolle ja j\u00e4rjest\u00e4\u00e4 juhlat raikkaassa ilmassa! Tuotetiedot: &#8211; V\u00e4ri: harmaa &#8211; Materiaali: jauhemaalattu rauta &#8211; Koko: 11,5 x 11,5 x 46 cm (P x L x K) &#8211; Paino: 2,1 kg Toimitus sis\u00e4lt\u00e4\u00e4: &#8211; 1 x maakiila sivuteltan pylv\u00e4\u00e4lle &#8211; 1 x s\u00e4ili\u00f6 ruuveilla<\/p>\n","protected":false},"excerpt":{"rendered":"<p>SONGMICS lis\u00e4varusteet Maakiinnike Maakiinnike sivuteltalle GSA001<\/p>\n","protected":false},"featured_media":40292,"comment_status":"open","ping_status":"closed","template":"","meta":[],"product_brand":[],"product_cat":[32],"product_tag":[],"class_list":{"0":"post-31107","1":"product","2":"type-product","3":"status-publish","4":"has-post-thumbnail","6":"product_cat-uncategorized-fi","8":"first","9":"instock","10":"shipping-taxable","11":"purchasable","12":"product-type-simple"},"_links":{"self":[{"href":"https:\/\/nordicmart.andreevmaster.com\/fi\/wp-json\/wp\/v2\/product\/31107","targetHints":{"allow":["GET"]}}],"collection":[{"href":"https:\/\/nordicmart.andreevmaster.com\/fi\/wp-json\/wp\/v2\/product"}],"about":[{"href":"https:\/\/nordicmart.andreevmaster.com\/fi\/wp-json\/wp\/v2\/types\/product"}],"replies":[{"embeddable":true,"href":"https:\/\/nordicmart.andreevmaster.com\/fi\/wp-json\/wp\/v2\/comments?post=31107"}],"wp:featuredmedia":[{"embeddable":true,"href":"https:\/\/nordicmart.andreevmaster.com\/fi\/wp-json\/wp\/v2\/media\/40292"}],"wp:attachment":[{"href":"https:\/\/nordicmart.andreevmaster.com\/fi\/wp-json\/wp\/v2\/media?parent=31107"}],"wp:term":[{"taxonomy":"product_brand","embeddable":true,"href":"https:\/\/nordicmart.andreevmaster.com\/fi\/wp-json\/wp\/v2\/product_brand?post=31107"},{"taxonomy":"product_cat","embeddable":true,"href":"https:\/\/nordicmart.andreevmaster.com\/fi\/wp-json\/wp\/v2\/product_cat?post=31107"},{"taxonomy":"product_tag","embeddable":true,"href":"https:\/\/nordicmart.andreevmaster.com\/fi\/wp-json\/wp\/v2\/product_tag?post=31107"}],"curies":[{"name":"wp","href":"https:\/\/api.w.org\/{rel}","templated":true}]}}