{"id":31105,"date":"2026-02-27T00:12:21","date_gmt":"2026-02-27T00:12:21","guid":{"rendered":"https:\/\/nordicmart.andreevmaster.com\/product\/markise-med-leddelt-arm-350-cm-2\/"},"modified":"2026-02-27T09:35:25","modified_gmt":"2026-02-27T09:35:25","slug":"markise-med-leddelt-arm-350-cm-2","status":"publish","type":"product","link":"https:\/\/nordicmart.andreevmaster.com\/fi\/tuote\/markise-med-leddelt-arm-350-cm-2\/","title":{"rendered":"Markise med leddelt arm 350 cm"},"content":{"rendered":"<p>Tyylik\u00e4s Korkealaatuinen VakaaKun teet tilauksesi, muista ilmoittaa puhelinnumero, johon sinulle voidaan soittaa p\u00e4iv\u00e4n aikana. Jos kuljetusyritys ei saa sinua kiinni ilmoittamastasi numerosta ja\/tai tavarat palautetaan meille, sinulle veloitetaan lis\u00e4kustannukset, koska kuljetusyritys veloittaa lis\u00e4maksun jokaisesta v\u00e4\u00e4r\u00e4st\u00e4 puhelinnumerosta sek\u00e4 palautetuista paketeista (toimittamattomista).T\u00e4m\u00e4 taitettava markiisi on ihanteellinen valinta, jos tarvitset varjoisaa paikkaa terassille, etenkin jos haluat nauttia rentouttavasta ajasta perheen tai yst\u00e4vien kanssa kes\u00e4ll\u00e4. Voitte grillata tai juhlia yhdess\u00e4 rauhassa ja turvallisesti. N\u00e4m\u00e4 markiisimallit ovat t\u00e4ydellisi\u00e4 auringonsuojaksi t\u00e4llaisiin aktiviteetteihin ja ne erottuvat erityisen korkeasta vakaudestaan. N\u00e4m\u00e4 markiisit ovat ihanteellisia sein\u00e4lle asennettaviksi. SONGMICS-taitettava markiisi erottuu my\u00f6s kest\u00e4vyydest\u00e4\u00e4n. Kaikkien materiaalien on t\u00e4ytett\u00e4v\u00e4 korkeat laatu-, kest\u00e4vyys- ja suunnittelustandardit. Taitettava markiisi \u2013 yksi markkinoiden suosituimmista aurinkosuojista Markiisi toimitetaan valmiiksi asennettuna ja se on kiinnitett\u00e4v\u00e4 betonisein\u00e4\u00e4n. Se vaatii useamman henkil\u00f6n voimat, koska tuotteen paino on 22,8 kg. Jos sinulla on jo manuaalisia taitoja, asennus on nopeaa ja helppoa. Muussa tapauksessa voit palkata ammattilaisen asentamaan markiisin puolestasi lyhyess\u00e4 ajassa. HUOM: Ennen tilaamista varmista, ett\u00e4 t\u00e4m\u00e4n tuotteen koko vastaa henkil\u00f6kohtaisia vaatimuksiasi ja ett\u00e4 se sopii k\u00e4ytett\u00e4v\u00e4ksi parvekkeellasi tai terassillasi. \u00c4l\u00e4 k\u00e4yt\u00e4 laastia tai onteloista sein\u00e4\u00e4 asennuspinnana. N\u00e4m\u00e4 materiaalit eiv\u00e4t tarjoa tarvittavaa tukea markiisin kiinnitt\u00e4miseen.<\/p>\n","protected":false},"excerpt":{"rendered":"<p>Tyylik\u00e4s Korkealaatuinen VakaaKun teet tilauksesi, muista ilmoittaa puhelinnumero, johon sinulle voidaan soittaa p\u00e4iv\u00e4n aikana. Jos kuljetusyritys ei saa sinua kiinni ilmoittamastasi numerosta ja\/tai tavarat palautetaan meille, sinulle veloitetaan lis\u00e4kustannukset, koska kuljetusyritys veloittaa lis\u00e4maksun jokaisesta v\u00e4\u00e4r\u00e4st\u00e4 puhelinnumerosta sek\u00e4 palautetuista paketeista (toimittamattomista).T\u00e4m\u00e4 taitettava markiisi on ihanteellinen valinta, jos tarvitset varjoisaa paikkaa terassille, etenkin jos haluat nauttia rentouttavasta [&hellip;]<\/p>\n","protected":false},"featured_media":0,"comment_status":"open","ping_status":"closed","template":"","meta":[],"product_brand":[],"product_cat":[32],"product_tag":[],"class_list":{"0":"post-31105","1":"product","2":"type-product","3":"status-publish","5":"product_cat-uncategorized-fi","7":"first","8":"instock","9":"shipping-taxable","10":"purchasable","11":"product-type-simple"},"_links":{"self":[{"href":"https:\/\/nordicmart.andreevmaster.com\/fi\/wp-json\/wp\/v2\/product\/31105","targetHints":{"allow":["GET"]}}],"collection":[{"href":"https:\/\/nordicmart.andreevmaster.com\/fi\/wp-json\/wp\/v2\/product"}],"about":[{"href":"https:\/\/nordicmart.andreevmaster.com\/fi\/wp-json\/wp\/v2\/types\/product"}],"replies":[{"embeddable":true,"href":"https:\/\/nordicmart.andreevmaster.com\/fi\/wp-json\/wp\/v2\/comments?post=31105"}],"wp:attachment":[{"href":"https:\/\/nordicmart.andreevmaster.com\/fi\/wp-json\/wp\/v2\/media?parent=31105"}],"wp:term":[{"taxonomy":"product_brand","embeddable":true,"href":"https:\/\/nordicmart.andreevmaster.com\/fi\/wp-json\/wp\/v2\/product_brand?post=31105"},{"taxonomy":"product_cat","embeddable":true,"href":"https:\/\/nordicmart.andreevmaster.com\/fi\/wp-json\/wp\/v2\/product_cat?post=31105"},{"taxonomy":"product_tag","embeddable":true,"href":"https:\/\/nordicmart.andreevmaster.com\/fi\/wp-json\/wp\/v2\/product_tag?post=31105"}],"curies":[{"name":"wp","href":"https:\/\/api.w.org\/{rel}","templated":true}]}}