{"id":31104,"date":"2026-02-27T00:12:21","date_gmt":"2026-02-27T00:12:21","guid":{"rendered":"https:\/\/nordicmart.andreevmaster.com\/product\/songmics-aurinkovarjo-200-cm-aurinkosuoja\/"},"modified":"2026-02-27T09:35:25","modified_gmt":"2026-02-27T09:35:25","slug":"songmics-aurinkovarjo-200-cm-aurinkosuoja","status":"publish","type":"product","link":"https:\/\/nordicmart.andreevmaster.com\/fi\/tuote\/songmics-aurinkovarjo-200-cm-aurinkosuoja\/","title":{"rendered":"SONGMICS aurinkovarjo, 200 cm, aurinkosuoja"},"content":{"rendered":"<p>Nauti kauniista s\u00e4\u00e4st\u00e4 varjossa! Ulkouima-kausi on alkanut, ja on aika valloittaa puutarha, terassi tai ranta! Mutta varo! Muista hankkia riitt\u00e4v\u00e4 aurinkosuoja! Kun vihdoin valloitat ulkotilasi takaisin pitk\u00e4n, kylm\u00e4n talven j\u00e4lkeen ja kutsut yst\u00e4v\u00e4si grillijuhliin, on tullut t\u00e4ydellinen hetki ottaa k\u00e4ytt\u00f6\u00f6n uusi SONGMICS-aurinkovarjosi! Kes\u00e4n v\u00e4ltt\u00e4m\u00e4t\u00f6n varuste T\u00e4m\u00e4 aurinkovarjo voidaan taivuttaa vasemmalle ja oikealle. N\u00e4in voit s\u00e4\u00e4t\u00e4\u00e4 sen kulloisenkin vuorokaudenajan ja valon tulokulman mukaan. Sateenvarjon halkaisija on 1,8 m ja korkeus 2,3 m. Sateenvarjon alle mahtuu siis 1\u20132 henkil\u00f6\u00e4. Sateenvarjon masto on ruostumatonta ter\u00e4st\u00e4. Lis\u00e4ksi polyesterist\u00e4 valmistettu suojakangas tarjoaa erinomaisen UV-suojan jopa UPF 50+ -tasolle asti. Tuotetiedot: V\u00e4ri: beige Materiaali: sateenvarjon masto jauhemaalattua ter\u00e4st\u00e4, 160 g\/m\u00b2 polyesterikangas PA-pinnoitteella, sateenvarjon s\u00e4teet lasikuitua Kaarevuuden pituus: 2,2 m Vaakasuora halkaisija: 2 m Paino: 2 kg Toimitus sis\u00e4lt\u00e4\u00e4: 1 x sateenvarjo 1 x kuljetuslaukku 1 x turvalukko SONGMICSin huomautukset:Sateenvarjotelinett\u00e4 ei toimiteta mukana. \u00c4l\u00e4 avaa sateenvarjoa v\u00e4kisin, vaan avaa se varovasti ja hitaasti. Sulje sateenvarjo y\u00f6ll\u00e4, kovalla tuulella tai sateisella s\u00e4\u00e4ll\u00e4 vahingoittumisen est\u00e4miseksi.Suojaa sateenvarjo suojapeitteell\u00e4 (ei sis\u00e4lly toimitukseen), jotta se kest\u00e4\u00e4 pidemp\u00e4\u00e4n. Sulje sateenvarjo hitaasti, jotta sormesi eiv\u00e4t j\u00e4\u00e4 puristuksiin.<\/p>\n","protected":false},"excerpt":{"rendered":"<p>Aurinkovarjo 160 cm, aurinkosuoja, UPF 50+, rantavarjo, taivutettavissa 30\u00b0 molemmin puolin, korkeuss\u00e4\u00e4dett\u00e4v\u00e4, kantolaukku mukana, ilman jalustaa, harmaa<\/p>\n","protected":false},"featured_media":40290,"comment_status":"open","ping_status":"closed","template":"","meta":[],"product_brand":[],"product_cat":[32],"product_tag":[],"class_list":{"0":"post-31104","1":"product","2":"type-product","3":"status-publish","4":"has-post-thumbnail","6":"product_cat-uncategorized-fi","8":"first","9":"instock","10":"shipping-taxable","11":"purchasable","12":"product-type-simple"},"_links":{"self":[{"href":"https:\/\/nordicmart.andreevmaster.com\/fi\/wp-json\/wp\/v2\/product\/31104","targetHints":{"allow":["GET"]}}],"collection":[{"href":"https:\/\/nordicmart.andreevmaster.com\/fi\/wp-json\/wp\/v2\/product"}],"about":[{"href":"https:\/\/nordicmart.andreevmaster.com\/fi\/wp-json\/wp\/v2\/types\/product"}],"replies":[{"embeddable":true,"href":"https:\/\/nordicmart.andreevmaster.com\/fi\/wp-json\/wp\/v2\/comments?post=31104"}],"wp:featuredmedia":[{"embeddable":true,"href":"https:\/\/nordicmart.andreevmaster.com\/fi\/wp-json\/wp\/v2\/media\/40290"}],"wp:attachment":[{"href":"https:\/\/nordicmart.andreevmaster.com\/fi\/wp-json\/wp\/v2\/media?parent=31104"}],"wp:term":[{"taxonomy":"product_brand","embeddable":true,"href":"https:\/\/nordicmart.andreevmaster.com\/fi\/wp-json\/wp\/v2\/product_brand?post=31104"},{"taxonomy":"product_cat","embeddable":true,"href":"https:\/\/nordicmart.andreevmaster.com\/fi\/wp-json\/wp\/v2\/product_cat?post=31104"},{"taxonomy":"product_tag","embeddable":true,"href":"https:\/\/nordicmart.andreevmaster.com\/fi\/wp-json\/wp\/v2\/product_tag?post=31104"}],"curies":[{"name":"wp","href":"https:\/\/api.w.org\/{rel}","templated":true}]}}