{"id":31101,"date":"2026-02-27T00:12:20","date_gmt":"2026-02-27T00:12:20","guid":{"rendered":"https:\/\/nordicmart.andreevmaster.com\/product\/aurinkovarjo-160-cm-aurinkosuoja-upf-50-2\/"},"modified":"2026-02-27T09:35:24","modified_gmt":"2026-02-27T09:35:24","slug":"aurinkovarjo-160-cm-aurinkosuoja-upf-50-2","status":"publish","type":"product","link":"https:\/\/nordicmart.andreevmaster.com\/fi\/tuote\/aurinkovarjo-160-cm-aurinkosuoja-upf-50-2\/","title":{"rendered":"Aurinkovarjo 160 cm, aurinkosuoja, UPF 50+."},"content":{"rendered":"<p>Nauti kauniista s\u00e4\u00e4st\u00e4 varjossa! Ulkoilukausi on alkanut ja on aika l\u00e4hte\u00e4 puutarhaan, terassille tai rannalle! Mutta ole varovainen! \u00c4l\u00e4 unohda riitt\u00e4v\u00e4\u00e4 aurinkosuojaa! Kun vihdoin valloitat ulkotilasi takaisin pitkien, kylmien talvip\u00e4ivien j\u00e4lkeen ja kutsut yst\u00e4v\u00e4si grillijuhliin, on t\u00e4ydellinen aika k\u00e4ytt\u00e4\u00e4 uutta SONGMICSin aurinkovarjoasi! Kes\u00e4n must-have T\u00e4m\u00e4 aurinkovarjo voidaan taittaa vasemmalle ja oikealle. N\u00e4in voit s\u00e4\u00e4t\u00e4\u00e4 sen vuorokaudenajan ja valon tulokulman mukaan. Aurinkovarjon halkaisija on 1,6 metri\u00e4 ja korkeus 2,1 metri\u00e4. Aurinkovarjon alle mahtuu siis 1-2 henkil\u00f6\u00e4. My\u00f6s aurinkovarjon tanko on valmistettu ruostumattomasta ter\u00e4ksest\u00e4. Polyesterist\u00e4 valmistettu aurinkovarjon kangas tarjoaa my\u00f6s erinomaisen UV-suojan UPF 50+ -arvoon asti. Tuotetiedot:- V\u00e4ri: Beige- Materiaali: Keltainen: Pulverimaalattu ter\u00e4s, 160 g\/m\u00b2 polyesteri, lasikuitu- Korkeus: 2,1 m- Kaaren pituus: 1,8 m- \u00d8 aurinkovarjo: 1,6 m- \u00d8 aurinkovarjon tanko: 22\/25 mm, sein\u00e4m\u00e4n paksuus: 0,5 mm- Paino: 1,6 kgToimituksen laajuus:- 1 x aurinkovarjo- 1 x kantolaukkuSONGMICS Huomautuksia:- Aurinkovarjon jalusta ei sis\u00e4lly toimitukseen. Sulje aurinkovarjo y\u00f6ll\u00e4 ja kovalla tuulella.- T\u00e4t\u00e4 aurinkovarjoa ei suositella k\u00e4ytett\u00e4v\u00e4ksi sateisella s\u00e4\u00e4ll\u00e4.<\/p>\n","protected":false},"excerpt":{"rendered":"<p>Nauti kauniista s\u00e4\u00e4st\u00e4 varjossa! Ulkoilukausi on alkanut ja on aika l\u00e4hte\u00e4 puutarhaan, terassille tai rannalle! Mutta ole varovainen! \u00c4l\u00e4 unohda riitt\u00e4v\u00e4\u00e4 aurinkosuojaa! Kun vihdoin valloitat ulkotilasi takaisin pitkien, kylmien talvip\u00e4ivien j\u00e4lkeen ja kutsut yst\u00e4v\u00e4si grillijuhliin, on t\u00e4ydellinen aika k\u00e4ytt\u00e4\u00e4 uutta SONGMICSin aurinkovarjoasi! Kes\u00e4n must-have T\u00e4m\u00e4 aurinkovarjo voidaan taittaa vasemmalle ja oikealle. N\u00e4in voit s\u00e4\u00e4t\u00e4\u00e4 sen [&hellip;]<\/p>\n","protected":false},"featured_media":0,"comment_status":"open","ping_status":"closed","template":"","meta":[],"product_brand":[],"product_cat":[32],"product_tag":[],"class_list":{"0":"post-31101","1":"product","2":"type-product","3":"status-publish","5":"product_cat-uncategorized-fi","7":"first","8":"instock","9":"shipping-taxable","10":"product-type-simple"},"_links":{"self":[{"href":"https:\/\/nordicmart.andreevmaster.com\/fi\/wp-json\/wp\/v2\/product\/31101","targetHints":{"allow":["GET"]}}],"collection":[{"href":"https:\/\/nordicmart.andreevmaster.com\/fi\/wp-json\/wp\/v2\/product"}],"about":[{"href":"https:\/\/nordicmart.andreevmaster.com\/fi\/wp-json\/wp\/v2\/types\/product"}],"replies":[{"embeddable":true,"href":"https:\/\/nordicmart.andreevmaster.com\/fi\/wp-json\/wp\/v2\/comments?post=31101"}],"wp:attachment":[{"href":"https:\/\/nordicmart.andreevmaster.com\/fi\/wp-json\/wp\/v2\/media?parent=31101"}],"wp:term":[{"taxonomy":"product_brand","embeddable":true,"href":"https:\/\/nordicmart.andreevmaster.com\/fi\/wp-json\/wp\/v2\/product_brand?post=31101"},{"taxonomy":"product_cat","embeddable":true,"href":"https:\/\/nordicmart.andreevmaster.com\/fi\/wp-json\/wp\/v2\/product_cat?post=31101"},{"taxonomy":"product_tag","embeddable":true,"href":"https:\/\/nordicmart.andreevmaster.com\/fi\/wp-json\/wp\/v2\/product_tag?post=31101"}],"curies":[{"name":"wp","href":"https:\/\/api.w.org\/{rel}","templated":true}]}}