{"id":31098,"date":"2026-02-27T00:12:20","date_gmt":"2026-02-27T00:12:20","guid":{"rendered":"https:\/\/nordicmart.andreevmaster.com\/product\/songmics-kaksoisparasolli-460-x-270-cm-erityisen-suuri-parasolli-puutarhaparasolli\/"},"modified":"2026-02-27T09:35:24","modified_gmt":"2026-02-27T09:35:24","slug":"songmics-kaksoisparasolli-460-x-270-cm-erityisen-suuri-parasolli-puutarhaparasolli","status":"publish","type":"product","link":"https:\/\/nordicmart.andreevmaster.com\/fi\/tuote\/songmics-kaksoisparasolli-460-x-270-cm-erityisen-suuri-parasolli-puutarhaparasolli\/","title":{"rendered":"SONGMICS kaksoisparasolli 460 x 270 cm, erityisen suuri parasolli, puutarhaparasolli"},"content":{"rendered":"<p>SONGMICS-kaksinkertaisen aurinkovarjon kohokohdat:Eritt\u00e4in suuri varjokangas (460 x 270 cm); tarjoaa laajan varjostuksenUV-suoja UPF 50+; optimaalinen suoja UV-s\u00e4teilylt\u00e4Kest\u00e4v\u00e4 varjomasto \u00d8 48 mm metallitangoista12 metallista varjokaaria; antavat sateenvarjolle vahvan tuen; sateenvarjokangas 180 g\/m\u00b2 polyesteri\u00e4; takaa pitk\u00e4n k\u00e4ytt\u00f6i\u00e4n; sateenvarjo on helppo avata ja sulkea k\u00e4tev\u00e4n vipukahvan avulla; k\u00e4tev\u00e4 lukitusjousi; mahdollistaa sateenvarjon 2 metallitangon helpon yhdist\u00e4misen toisiinsa; ty\u00f6kaluja ei tarvita; asennus onnistuu muutamassa minuutissaTuotetiedot:V\u00e4ri: harmaaMateriaali: metallinen sateenvarjon varsi ja sateenvarjon ripat, 180 g\/m\u00b2 polyesteriKorkeus: 245 cmSateenvarjon kankaan koko: 460 x 270 cm (P x L) Sateenvarjon varren halkaisija: 48 mm Nettopaino: 15 kg Toimitus sis\u00e4lt\u00e4\u00e4: 1 x aurinkovarjo 1 x ohjeet (DE, EN, FR, ES, IT) SONGMICSin huomautukset: Sateenvarjon jalustaa ei toimiteta mukana. Suosittelemme k\u00e4ytt\u00e4m\u00e4\u00e4n yli 50 kg painavaa aurinkovarjotelinett\u00e4. \u00c4l\u00e4 avaa aurinkovarjoa v\u00e4kisin, vaan avaa se varovasti ja hitaasti. Puhdista varjokangas pehme\u00e4ll\u00e4, neutraalilla puhdistusaineella kostutetulla liinalla. S\u00e4ilyt\u00e4 tuotetta kuivassa, hyvin ilmastoidussa paikassa, mutta vasta kun sateenvarjon kangas on t\u00e4ysin kuivunut. Sulje sateenvarjo tuulisina p\u00e4ivin\u00e4 vahingoittumisen est\u00e4miseksi. Pid\u00e4 tuote poissa tulen l\u00e4hteist\u00e4; suojaa sit\u00e4 my\u00f6s \u00e4\u00e4rimm\u00e4iselt\u00e4 kylmyydelt\u00e4 tai kuumuudelta ja muilta s\u00e4\u00e4olosuhteilta, kuten sateelta, tuulelta, lumelta, rakeilta jne.<\/p>\n","protected":false},"excerpt":{"rendered":"<p>Kaksinkertainen aurinkovarjo 460 x 270 cm, erityisen suuri aurinkovarjo, puutarhavarjo, UV-suoja UPF 50+, terassivarjo, ilman jalustaa, liuskekivi-harmaa<\/p>\n","protected":false},"featured_media":40286,"comment_status":"open","ping_status":"closed","template":"","meta":[],"product_brand":[],"product_cat":[32],"product_tag":[],"class_list":{"0":"post-31098","1":"product","2":"type-product","3":"status-publish","4":"has-post-thumbnail","6":"product_cat-uncategorized-fi","8":"first","9":"instock","10":"shipping-taxable","11":"purchasable","12":"product-type-simple"},"_links":{"self":[{"href":"https:\/\/nordicmart.andreevmaster.com\/fi\/wp-json\/wp\/v2\/product\/31098","targetHints":{"allow":["GET"]}}],"collection":[{"href":"https:\/\/nordicmart.andreevmaster.com\/fi\/wp-json\/wp\/v2\/product"}],"about":[{"href":"https:\/\/nordicmart.andreevmaster.com\/fi\/wp-json\/wp\/v2\/types\/product"}],"replies":[{"embeddable":true,"href":"https:\/\/nordicmart.andreevmaster.com\/fi\/wp-json\/wp\/v2\/comments?post=31098"}],"wp:featuredmedia":[{"embeddable":true,"href":"https:\/\/nordicmart.andreevmaster.com\/fi\/wp-json\/wp\/v2\/media\/40286"}],"wp:attachment":[{"href":"https:\/\/nordicmart.andreevmaster.com\/fi\/wp-json\/wp\/v2\/media?parent=31098"}],"wp:term":[{"taxonomy":"product_brand","embeddable":true,"href":"https:\/\/nordicmart.andreevmaster.com\/fi\/wp-json\/wp\/v2\/product_brand?post=31098"},{"taxonomy":"product_cat","embeddable":true,"href":"https:\/\/nordicmart.andreevmaster.com\/fi\/wp-json\/wp\/v2\/product_cat?post=31098"},{"taxonomy":"product_tag","embeddable":true,"href":"https:\/\/nordicmart.andreevmaster.com\/fi\/wp-json\/wp\/v2\/product_tag?post=31098"}],"curies":[{"name":"wp","href":"https:\/\/api.w.org\/{rel}","templated":true}]}}