{"id":31097,"date":"2026-02-27T00:12:19","date_gmt":"2026-02-27T00:12:19","guid":{"rendered":"https:\/\/nordicmart.andreevmaster.com\/product\/songmics-aurinkovarjo-300-cm-upf-50-rantavarjo\/"},"modified":"2026-02-27T09:35:24","modified_gmt":"2026-02-27T09:35:24","slug":"songmics-aurinkovarjo-300-cm-upf-50-rantavarjo","status":"publish","type":"product","link":"https:\/\/nordicmart.andreevmaster.com\/fi\/tuote\/songmics-aurinkovarjo-300-cm-upf-50-rantavarjo\/","title":{"rendered":"SONGMICS aurinkovarjo 300 cm, UPF 50+, rantavarjo"},"content":{"rendered":"<p>Nauti kauniista s\u00e4\u00e4st\u00e4 varjossa! Ulkona vietett\u00e4v\u00e4 kausi on alkanut, ja on aika valloittaa puutarha, terassi tai ranta! Mutta varo! Muista hankkia riitt\u00e4v\u00e4 aurinkosuoja! Kun vihdoin valloitat ulkotilasi takaisin pitk\u00e4n, kylm\u00e4n talven j\u00e4lkeen ja kutsut yst\u00e4v\u00e4si grillijuhliin, on tullut t\u00e4ydellinen hetki k\u00e4ytt\u00e4\u00e4 uutta SONGMICS-aurinkovarjoasi! Kes\u00e4n v\u00e4ltt\u00e4m\u00e4t\u00f6n varuste T\u00e4m\u00e4 aurinkovarjo voidaan taivuttaa vasemmalle ja oikealle. N\u00e4in voit s\u00e4\u00e4t\u00e4\u00e4 sen p\u00e4iv\u00e4najan ja valon tulokulman mukaan. Varjon halkaisija on 3 m ja korkeus 2,4 m. Aurinkovarjon alle mahtuu siis 4\u20136 henkil\u00f6\u00e4. Aurinkovarjon masto on ruostumatonta ter\u00e4st\u00e4. Kest\u00e4v\u00e4 ja pitk\u00e4ik\u00e4inen suojakangas UV-suojakangas (UPF 50+) on valmistettu 100 % polyesterist\u00e4, se on vett\u00e4 hylkiv\u00e4 ja v\u00e4rinkest\u00e4v\u00e4. Lis\u00e4ksi siin\u00e4 on muutamia tuuletusaukkoja. N\u00e4in puutarhaparapyyhe kest\u00e4\u00e4 paremmin tuulta. Suojakangas on irrotettava ja se voidaan pest\u00e4 k\u00e4sin. Tuotetiedot: &#8211; V\u00e4ri: harmaa &#8211; Materiaali: jauhemaalattu ter\u00e4s, 180 g\/m\u00b2 polyesteri &#8211; Korkeus: 2,4 m &#8211; \u00d8 sateenvarjo: 3 m &#8211; \u00d8 sateenvarjon varsi: 36\/38 mm, sein\u00e4m\u00e4n paksuus: 1 mm &#8211; Paino: 6,2 kg Toimitus sis\u00e4lt\u00e4\u00e4: &#8211; 1 x sateenvarjo SONGMICS Huomautukset:- Varjostimen jalustaa ei toimiteta mukana. &#8211; Sulje varjostin y\u00f6ll\u00e4 ja kovalla tuulella. &#8211; T\u00e4t\u00e4 varjostinta ei suositella k\u00e4ytett\u00e4v\u00e4ksi sateisella s\u00e4\u00e4ll\u00e4.<\/p>\n","protected":false},"excerpt":{"rendered":"<p>Aurinkovarjo 300 cm, UPF 50+, rantavarjo, taivutettavissa 30\u00b0 molemmin puolin, aurinkosuoja, avaus-\/sulkemiskampi, ilman jalustaa, harmaa<\/p>\n","protected":false},"featured_media":40285,"comment_status":"open","ping_status":"closed","template":"","meta":[],"product_brand":[],"product_cat":[32],"product_tag":[],"class_list":{"0":"post-31097","1":"product","2":"type-product","3":"status-publish","4":"has-post-thumbnail","6":"product_cat-uncategorized-fi","8":"first","9":"instock","10":"shipping-taxable","11":"purchasable","12":"product-type-simple"},"_links":{"self":[{"href":"https:\/\/nordicmart.andreevmaster.com\/fi\/wp-json\/wp\/v2\/product\/31097","targetHints":{"allow":["GET"]}}],"collection":[{"href":"https:\/\/nordicmart.andreevmaster.com\/fi\/wp-json\/wp\/v2\/product"}],"about":[{"href":"https:\/\/nordicmart.andreevmaster.com\/fi\/wp-json\/wp\/v2\/types\/product"}],"replies":[{"embeddable":true,"href":"https:\/\/nordicmart.andreevmaster.com\/fi\/wp-json\/wp\/v2\/comments?post=31097"}],"wp:featuredmedia":[{"embeddable":true,"href":"https:\/\/nordicmart.andreevmaster.com\/fi\/wp-json\/wp\/v2\/media\/40285"}],"wp:attachment":[{"href":"https:\/\/nordicmart.andreevmaster.com\/fi\/wp-json\/wp\/v2\/media?parent=31097"}],"wp:term":[{"taxonomy":"product_brand","embeddable":true,"href":"https:\/\/nordicmart.andreevmaster.com\/fi\/wp-json\/wp\/v2\/product_brand?post=31097"},{"taxonomy":"product_cat","embeddable":true,"href":"https:\/\/nordicmart.andreevmaster.com\/fi\/wp-json\/wp\/v2\/product_cat?post=31097"},{"taxonomy":"product_tag","embeddable":true,"href":"https:\/\/nordicmart.andreevmaster.com\/fi\/wp-json\/wp\/v2\/product_tag?post=31097"}],"curies":[{"name":"wp","href":"https:\/\/api.w.org\/{rel}","templated":true}]}}