{"id":31096,"date":"2026-02-27T00:12:19","date_gmt":"2026-02-27T00:12:19","guid":{"rendered":"https:\/\/nordicmart.andreevmaster.com\/product\/aurinkovarjo-300-cm-upf-50-aurinkovarjo-rantavarjo-2\/"},"modified":"2026-02-27T09:35:23","modified_gmt":"2026-02-27T09:35:23","slug":"aurinkovarjo-300-cm-upf-50-aurinkovarjo-rantavarjo-2","status":"publish","type":"product","link":"https:\/\/nordicmart.andreevmaster.com\/fi\/tuote\/aurinkovarjo-300-cm-upf-50-aurinkovarjo-rantavarjo-2\/","title":{"rendered":"Aurinkovarjo 300 cm, UPF 50+, aurinkovarjo, rantavarjo"},"content":{"rendered":"<p>Nauti kauniista s\u00e4\u00e4st\u00e4 varjossa! Ulkoilukausi on alkanut ja on aika l\u00e4hte\u00e4 puutarhaan, terassille tai rannalle! Mutta ole varovainen! \u00c4l\u00e4 unohda riitt\u00e4v\u00e4\u00e4 aurinkosuojaa! Kun vihdoin valloitat ulkotilasi takaisin pitkien, kylmien talvip\u00e4ivien j\u00e4lkeen ja kutsut yst\u00e4v\u00e4si grillijuhliin, on t\u00e4ydellinen aika k\u00e4ytt\u00e4\u00e4 uutta SONGMICSin aurinkovarjoasi! Kes\u00e4n must-have T\u00e4m\u00e4 aurinkovarjo voidaan taittaa vasemmalle ja oikealle. N\u00e4in voit s\u00e4\u00e4t\u00e4\u00e4 sen vuorokaudenajan ja valon tulokulman mukaan. Aurinkovarjon halkaisija on 3 metri\u00e4 ja korkeus 2,4 metri\u00e4. Aurinkovarjon alle mahtuu siis 4-6 henkil\u00f6\u00e4. My\u00f6s aurinkovarjon tanko on valmistettu ruostumattomasta ter\u00e4ksest\u00e4. Tukeva ja kest\u00e4v\u00e4 suojakangas UV-suojakangas (UPF 50+) on valmistettu 100 % polyesterist\u00e4, se on vett\u00e4hylkiv\u00e4 ja v\u00e4rinkest\u00e4v\u00e4. Siin\u00e4 on my\u00f6s useita tuuletusaukkoja. T\u00e4m\u00e4n ansiosta puutarhamonitori kest\u00e4\u00e4 paremmin tuulta. Suojakangas on my\u00f6s irrotettava ja se voidaan pest\u00e4 k\u00e4sin. Tuotetiedot:- V\u00e4ri: harmaa- Materiaali: pulverimaalattu ter\u00e4s, 180 g\/m\u00b2 polyesteri- Korkeus: 2,4 m- \u00d8 aurinkovarjo: 3 m- \u00d8 aurinkovarjon tanko: 36\/38 mm, sein\u00e4m\u00e4n paksuus: 1 mm- Paino: 6,2 kgToimituksen laajuus:- 1 x aurinkovarjoSONGMICS Huomautuksia:- Aurinkovarjon jalusta ei sis\u00e4lly toimitukseen.- Sulje aurinkovarjo y\u00f6ksi ja kovalla tuulella.- T\u00e4t\u00e4 aurinkovarjoa ei suositella k\u00e4ytett\u00e4v\u00e4ksi sateisella s\u00e4\u00e4ll\u00e4.<\/p>\n","protected":false},"excerpt":{"rendered":"<p>Nauti kauniista s\u00e4\u00e4st\u00e4 varjossa! Ulkoilukausi on alkanut ja on aika l\u00e4hte\u00e4 puutarhaan, terassille tai rannalle! Mutta ole varovainen! \u00c4l\u00e4 unohda riitt\u00e4v\u00e4\u00e4 aurinkosuojaa! Kun vihdoin valloitat ulkotilasi takaisin pitkien, kylmien talvip\u00e4ivien j\u00e4lkeen ja kutsut yst\u00e4v\u00e4si grillijuhliin, on t\u00e4ydellinen aika k\u00e4ytt\u00e4\u00e4 uutta SONGMICSin aurinkovarjoasi! Kes\u00e4n must-have T\u00e4m\u00e4 aurinkovarjo voidaan taittaa vasemmalle ja oikealle. N\u00e4in voit s\u00e4\u00e4t\u00e4\u00e4 sen [&hellip;]<\/p>\n","protected":false},"featured_media":0,"comment_status":"open","ping_status":"closed","template":"","meta":[],"product_brand":[],"product_cat":[32],"product_tag":[],"class_list":{"0":"post-31096","1":"product","2":"type-product","3":"status-publish","5":"product_cat-uncategorized-fi","7":"first","8":"instock","9":"shipping-taxable","10":"product-type-simple"},"_links":{"self":[{"href":"https:\/\/nordicmart.andreevmaster.com\/fi\/wp-json\/wp\/v2\/product\/31096","targetHints":{"allow":["GET"]}}],"collection":[{"href":"https:\/\/nordicmart.andreevmaster.com\/fi\/wp-json\/wp\/v2\/product"}],"about":[{"href":"https:\/\/nordicmart.andreevmaster.com\/fi\/wp-json\/wp\/v2\/types\/product"}],"replies":[{"embeddable":true,"href":"https:\/\/nordicmart.andreevmaster.com\/fi\/wp-json\/wp\/v2\/comments?post=31096"}],"wp:attachment":[{"href":"https:\/\/nordicmart.andreevmaster.com\/fi\/wp-json\/wp\/v2\/media?parent=31096"}],"wp:term":[{"taxonomy":"product_brand","embeddable":true,"href":"https:\/\/nordicmart.andreevmaster.com\/fi\/wp-json\/wp\/v2\/product_brand?post=31096"},{"taxonomy":"product_cat","embeddable":true,"href":"https:\/\/nordicmart.andreevmaster.com\/fi\/wp-json\/wp\/v2\/product_cat?post=31096"},{"taxonomy":"product_tag","embeddable":true,"href":"https:\/\/nordicmart.andreevmaster.com\/fi\/wp-json\/wp\/v2\/product_tag?post=31096"}],"curies":[{"name":"wp","href":"https:\/\/api.w.org\/{rel}","templated":true}]}}