{"id":31094,"date":"2026-02-27T00:12:19","date_gmt":"2026-02-27T00:12:19","guid":{"rendered":"https:\/\/nordicmart.andreevmaster.com\/product\/songmics-aurinkovarjo-180-x-125-cm-parvekeaurinkovarjo-upf-50-aurinkosuoja\/"},"modified":"2026-02-27T09:35:23","modified_gmt":"2026-02-27T09:35:23","slug":"songmics-aurinkovarjo-180-x-125-cm-parvekeaurinkovarjo-upf-50-aurinkosuoja","status":"publish","type":"product","link":"https:\/\/nordicmart.andreevmaster.com\/fi\/tuote\/songmics-aurinkovarjo-180-x-125-cm-parvekeaurinkovarjo-upf-50-aurinkosuoja\/","title":{"rendered":"SONGMICS aurinkovarjo 180 x 125 cm, parvekeaurinkovarjo UPF 50+, aurinkosuoja"},"content":{"rendered":"<p>Nauti kauniista s\u00e4\u00e4st\u00e4 varjossa! Ulkona vietett\u00e4v\u00e4 kausi on alkanut, ja on aika valloittaa puutarha tai terassi! Mutta varo! Muista hankkia riitt\u00e4v\u00e4 aurinkosuoja! Kun vihdoin saatat vallata ulkotilasi takaisin pitk\u00e4n, kylm\u00e4n talven j\u00e4lkeen ja nautit kahvitauosta perheen kanssa, on tullut t\u00e4ydellinen hetki k\u00e4ytt\u00e4\u00e4 t\u00e4t\u00e4 aurinkovarjoa! Mit\u00e4 etuja voit odottaa t\u00e4st\u00e4 aurinkovarjosta? Erinomainen aurinkosuoja? Kyll\u00e4! Jopa UPF 50+. Kallistuskulma ja korkeus s\u00e4\u00e4dett\u00e4viss\u00e4? Kyll\u00e4! Tukevan sinkkiseosmekanismin ja k\u00e4tev\u00e4n kiertokytkimen ansiosta. Hyv\u00e4 vakaus kevyess\u00e4 tuulessa? Kyll\u00e4! Pulverimaalatun metallisen varren ja nelj\u00e4n lis\u00e4vahvistustangon ansiosta. Lis\u00e4ksi: Sateenvarjossamme on turvalukko, joka est\u00e4\u00e4 sateenvarjon \u00e4killisen sulkeutumisen. Toimitamme my\u00f6s kuljetuslaukun, jotta voit ottaa aurinkovarjon mukaasi minne tahansa. Tuotetiedot: &#8211; V\u00e4ri: harmaa &#8211; Materiaali: jauhemaalattu ter\u00e4svarsi, 160 g\/m\u00b2 polyesterikangas PA-pinnoitteella &#8211; Korkeus: 2,4 m &#8211; Varjokangas: 1,8 x 1,25 m (P x L) &#8211; Paino: 2,6 kg Toimitus sis\u00e4lt\u00e4\u00e4: &#8211; 1 x aurinkovarjo &#8211; 1 x kuljetuslaukku &#8211; 1 x turvalukko SONGMICS-ohjeet: &#8211; Aurinkovarjon jalustaa ei toimiteta mukana. &#8211; \u00c4l\u00e4 avaa aurinkovarjoa v\u00e4kisin, vaan avaa se varovasti ja hitaasti. &#8211; Sulje aurinkovarjo y\u00f6ll\u00e4, kovalla tuulella tai sateisella s\u00e4\u00e4ll\u00e4 vahingoittumisen est\u00e4miseksi.- Suojaa sateenvarjo suojapeitteell\u00e4 (ei sis\u00e4lly toimitukseen), jotta se kest\u00e4\u00e4 pidemp\u00e4\u00e4n. &#8211; Sulje sateenvarjo hitaasti, jotta sormesi eiv\u00e4t j\u00e4\u00e4 puristuksiin.<\/p>\n","protected":false},"excerpt":{"rendered":"<p>Aurinkovarjo 180 x 125 cm, parvekeaurinkovarjo UPF 50+, aurinkosuoja, taittuu 30\u00b0 molemmin puolin, korkeuss\u00e4\u00e4dett\u00e4v\u00e4, s\u00e4ilytyslaukku mukana, ilman jalustaa, harmaa<\/p>\n","protected":false},"featured_media":40283,"comment_status":"open","ping_status":"closed","template":"","meta":[],"product_brand":[],"product_cat":[32],"product_tag":[],"class_list":{"0":"post-31094","1":"product","2":"type-product","3":"status-publish","4":"has-post-thumbnail","6":"product_cat-uncategorized-fi","8":"first","9":"instock","10":"shipping-taxable","11":"purchasable","12":"product-type-simple"},"_links":{"self":[{"href":"https:\/\/nordicmart.andreevmaster.com\/fi\/wp-json\/wp\/v2\/product\/31094","targetHints":{"allow":["GET"]}}],"collection":[{"href":"https:\/\/nordicmart.andreevmaster.com\/fi\/wp-json\/wp\/v2\/product"}],"about":[{"href":"https:\/\/nordicmart.andreevmaster.com\/fi\/wp-json\/wp\/v2\/types\/product"}],"replies":[{"embeddable":true,"href":"https:\/\/nordicmart.andreevmaster.com\/fi\/wp-json\/wp\/v2\/comments?post=31094"}],"wp:featuredmedia":[{"embeddable":true,"href":"https:\/\/nordicmart.andreevmaster.com\/fi\/wp-json\/wp\/v2\/media\/40283"}],"wp:attachment":[{"href":"https:\/\/nordicmart.andreevmaster.com\/fi\/wp-json\/wp\/v2\/media?parent=31094"}],"wp:term":[{"taxonomy":"product_brand","embeddable":true,"href":"https:\/\/nordicmart.andreevmaster.com\/fi\/wp-json\/wp\/v2\/product_brand?post=31094"},{"taxonomy":"product_cat","embeddable":true,"href":"https:\/\/nordicmart.andreevmaster.com\/fi\/wp-json\/wp\/v2\/product_cat?post=31094"},{"taxonomy":"product_tag","embeddable":true,"href":"https:\/\/nordicmart.andreevmaster.com\/fi\/wp-json\/wp\/v2\/product_tag?post=31094"}],"curies":[{"name":"wp","href":"https:\/\/api.w.org\/{rel}","templated":true}]}}