{"id":31091,"date":"2026-02-27T00:12:18","date_gmt":"2026-02-27T00:12:18","guid":{"rendered":"https:\/\/nordicmart.andreevmaster.com\/product\/songmics-aurinkovarjo-riippuva-aurinkovarjo-300-cm-jalustalla\/"},"modified":"2026-02-27T09:35:23","modified_gmt":"2026-02-27T09:35:23","slug":"songmics-aurinkovarjo-riippuva-aurinkovarjo-300-cm-jalustalla","status":"publish","type":"product","link":"https:\/\/nordicmart.andreevmaster.com\/fi\/tuote\/songmics-aurinkovarjo-riippuva-aurinkovarjo-300-cm-jalustalla\/","title":{"rendered":"SONGMICS aurinkovarjo, riippuva aurinkovarjo 300 cm, jalustalla"},"content":{"rendered":"<p>Aurinkovarjo, riippuva aurinkovarjo 300 cm, jalustalla, aurinkosuoja parvekkeelle, parvekeaurinkovarjo, UV-suoja UPF 50+, avaamiseen ja sulkemiseen kammella, harmaa<br \/>\nTuotetiedot:<br \/>\n&#8211; V\u00e4ri: harmaa<br \/>\n&#8211; Materiaali: metallinen varjostin, varjostinkangas 180 g\/m\u00b2 polyesterikangasta<br \/>\n&#8211; Sateenvarjon halkaisija: 300 cm<br \/>\n&#8211; Korkeus: 245 cm<br \/>\n&#8211; Varjostimen tangon halkaisija: 48 mm<br \/>\n&#8211; Jalustan pituus: 88 cm<br \/>\n&#8211; Paino: 13,5 kg<\/p>\n<p>Toimitus sis\u00e4lt\u00e4\u00e4<br \/>\n&#8211; 1 x aurinkovarjo<br \/>\n&#8211; 1 x jalusta<br \/>\n&#8211; 1 x k\u00e4ytt\u00f6ohje<\/p>\n<p>Huomautukset:<br \/>\n&#8211; Aseta painavat esineet (70\u201390 kg; eiv\u00e4t sis\u00e4lly toimitukseen) jalustalle, jotta aurinkovarjo pysyy vakaana.<br \/>\n&#8211; \u00c4l\u00e4 kallista parvekesateenvarjoa tuulisella tai sateisella s\u00e4\u00e4ll\u00e4, jotta lukitusmekanismi ei vaurioidu.<br \/>\n&#8211; Sulje puutarhaparveke, kun sit\u00e4 ei k\u00e4ytet\u00e4, kovalla tuulella tai sateisella s\u00e4\u00e4ll\u00e4, jotta se ei vaurioidu.<br \/>\n&#8211; Suojaa sateenvarjo suojapeitteell\u00e4 (ei sis\u00e4lly toimitukseen), jotta se kest\u00e4\u00e4 pidemp\u00e4\u00e4n.<br \/>\n&#8211; Pyyhi sateenvarjon kangas p\u00e4ivitt\u00e4in pehme\u00e4ll\u00e4, neutraalilla puhdistusaineella kostutetulla liinalla. S\u00e4ilyt\u00e4 sateenvarjo, kun et k\u00e4yt\u00e4 sit\u00e4, vasta kun kangas on t\u00e4ysin kuivunut.<\/p>\n","protected":false},"excerpt":{"rendered":"<p>Aurinkovarjo, riippuva aurinkovarjo 300 cm, jalustalla, aurinkosuoja parvekkeelle, parvekeaurinkovarjo, UV-suoja UPF 50+, avaamiseen ja sulkemiseen kammella, harmaa<\/p>\n","protected":false},"featured_media":40280,"comment_status":"open","ping_status":"closed","template":"","meta":[],"product_brand":[],"product_cat":[32],"product_tag":[],"class_list":{"0":"post-31091","1":"product","2":"type-product","3":"status-publish","4":"has-post-thumbnail","6":"product_cat-uncategorized-fi","8":"first","9":"instock","10":"shipping-taxable","11":"purchasable","12":"product-type-simple"},"_links":{"self":[{"href":"https:\/\/nordicmart.andreevmaster.com\/fi\/wp-json\/wp\/v2\/product\/31091","targetHints":{"allow":["GET"]}}],"collection":[{"href":"https:\/\/nordicmart.andreevmaster.com\/fi\/wp-json\/wp\/v2\/product"}],"about":[{"href":"https:\/\/nordicmart.andreevmaster.com\/fi\/wp-json\/wp\/v2\/types\/product"}],"replies":[{"embeddable":true,"href":"https:\/\/nordicmart.andreevmaster.com\/fi\/wp-json\/wp\/v2\/comments?post=31091"}],"wp:featuredmedia":[{"embeddable":true,"href":"https:\/\/nordicmart.andreevmaster.com\/fi\/wp-json\/wp\/v2\/media\/40280"}],"wp:attachment":[{"href":"https:\/\/nordicmart.andreevmaster.com\/fi\/wp-json\/wp\/v2\/media?parent=31091"}],"wp:term":[{"taxonomy":"product_brand","embeddable":true,"href":"https:\/\/nordicmart.andreevmaster.com\/fi\/wp-json\/wp\/v2\/product_brand?post=31091"},{"taxonomy":"product_cat","embeddable":true,"href":"https:\/\/nordicmart.andreevmaster.com\/fi\/wp-json\/wp\/v2\/product_cat?post=31091"},{"taxonomy":"product_tag","embeddable":true,"href":"https:\/\/nordicmart.andreevmaster.com\/fi\/wp-json\/wp\/v2\/product_tag?post=31091"}],"curies":[{"name":"wp","href":"https:\/\/api.w.org\/{rel}","templated":true}]}}