{"id":31088,"date":"2026-02-27T00:12:17","date_gmt":"2026-02-27T00:12:17","guid":{"rendered":"https:\/\/nordicmart.andreevmaster.com\/product\/songmics-aurinkovarjo-200-x-150-cm-suorakulmainen-parvekeaurinkovarjo-aurinkosuoja-upf-50\/"},"modified":"2026-02-27T09:35:22","modified_gmt":"2026-02-27T09:35:22","slug":"songmics-aurinkovarjo-200-x-150-cm-suorakulmainen-parvekeaurinkovarjo-aurinkosuoja-upf-50","status":"publish","type":"product","link":"https:\/\/nordicmart.andreevmaster.com\/fi\/tuote\/songmics-aurinkovarjo-200-x-150-cm-suorakulmainen-parvekeaurinkovarjo-aurinkosuoja-upf-50\/","title":{"rendered":"SONGMICS aurinkovarjo 200 x 150 cm, suorakulmainen parvekeaurinkovarjo, aurinkosuoja UPF 50+"},"content":{"rendered":"<p>Aurinkovarjo 200 x 150 cm, suorakulmainen parvekeaurinkovarjo, aurinkosuoja UPF 50+, taivutettavissa 30\u00b0 molemmin puolin, puutarhaan, terassille, ilman jalustaa, harmaa<br \/>\nTuotetiedot:<br \/>\n&#8211; V\u00e4ri: harmaa<br \/>\n&#8211; Materiaali: ter\u00e4srunko, sateenvarjokangas 180 g\/m\u00b2 polyesterikangasta<br \/>\n&#8211; Varjokangaskoko: 200 x 150 cm (P x L)<br \/>\n&#8211; Korkeus pystyss\u00e4: 220 cm<br \/>\n&#8211; Sateenvarjon varren halkaisija: 38 mm<br \/>\n&#8211; Paino: 4,3 kg<\/p>\n<p>Toimitus sis\u00e4lt\u00e4\u00e4<br \/>\n&#8211; 1 x aurinkovarjo<br \/>\n&#8211; 1 x k\u00e4ytt\u00f6ohje<\/p>\n<p>Huomautukset:<br \/>\n&#8211; Varjostimen jalustaa ei toimiteta mukana.<br \/>\n&#8211; Sulje aurinkovarjo voimakkaassa tuulessa tai sateisella s\u00e4\u00e4ll\u00e4 vahingoittumisen est\u00e4miseksi.<br \/>\n&#8211; \u00c4l\u00e4 avaa parvekesateenvarjoa v\u00e4kisin, vaan avaa se varovasti ja hitaasti.<\/p>\n","protected":false},"excerpt":{"rendered":"<p>Aurinkovarjo 200 x 150 cm, suorakulmainen parvekeaurinkovarjo, aurinkosuoja UPF 50+, taivutettavissa 30\u00b0 molemmin puolin, puutarhaan, terassille, ilman jalustaa, harmaa<\/p>\n","protected":false},"featured_media":40277,"comment_status":"open","ping_status":"closed","template":"","meta":[],"product_brand":[],"product_cat":[32],"product_tag":[],"class_list":{"0":"post-31088","1":"product","2":"type-product","3":"status-publish","4":"has-post-thumbnail","6":"product_cat-uncategorized-fi","8":"first","9":"instock","10":"shipping-taxable","11":"purchasable","12":"product-type-simple"},"_links":{"self":[{"href":"https:\/\/nordicmart.andreevmaster.com\/fi\/wp-json\/wp\/v2\/product\/31088","targetHints":{"allow":["GET"]}}],"collection":[{"href":"https:\/\/nordicmart.andreevmaster.com\/fi\/wp-json\/wp\/v2\/product"}],"about":[{"href":"https:\/\/nordicmart.andreevmaster.com\/fi\/wp-json\/wp\/v2\/types\/product"}],"replies":[{"embeddable":true,"href":"https:\/\/nordicmart.andreevmaster.com\/fi\/wp-json\/wp\/v2\/comments?post=31088"}],"wp:featuredmedia":[{"embeddable":true,"href":"https:\/\/nordicmart.andreevmaster.com\/fi\/wp-json\/wp\/v2\/media\/40277"}],"wp:attachment":[{"href":"https:\/\/nordicmart.andreevmaster.com\/fi\/wp-json\/wp\/v2\/media?parent=31088"}],"wp:term":[{"taxonomy":"product_brand","embeddable":true,"href":"https:\/\/nordicmart.andreevmaster.com\/fi\/wp-json\/wp\/v2\/product_brand?post=31088"},{"taxonomy":"product_cat","embeddable":true,"href":"https:\/\/nordicmart.andreevmaster.com\/fi\/wp-json\/wp\/v2\/product_cat?post=31088"},{"taxonomy":"product_tag","embeddable":true,"href":"https:\/\/nordicmart.andreevmaster.com\/fi\/wp-json\/wp\/v2\/product_tag?post=31088"}],"curies":[{"name":"wp","href":"https:\/\/api.w.org\/{rel}","templated":true}]}}