{"id":31086,"date":"2026-02-27T00:12:17","date_gmt":"2026-02-27T00:12:17","guid":{"rendered":"https:\/\/nordicmart.andreevmaster.com\/product\/songmics-aurinkovarjo-riippuva-aurinkovarjo-300-cm\/"},"modified":"2026-02-27T09:35:22","modified_gmt":"2026-02-27T09:35:22","slug":"songmics-aurinkovarjo-riippuva-aurinkovarjo-300-cm","status":"publish","type":"product","link":"https:\/\/nordicmart.andreevmaster.com\/fi\/tuote\/songmics-aurinkovarjo-riippuva-aurinkovarjo-300-cm\/","title":{"rendered":"SONGMICS aurinkovarjo, riippuva aurinkovarjo, 300 cm"},"content":{"rendered":"<p>Aurinkovarjo, riippuva aurinkovarjo, 300 cm, 28 aurinkok\u00e4ytt\u00f6ist\u00e4 LED-valoa, UPF 50+, puutarhavarjo, 360\u00b0 k\u00e4\u00e4ntyv\u00e4, kallistuskulma s\u00e4\u00e4dett\u00e4viss\u00e4, ristijalka, harmaankirjava<br \/>\nTuotetiedot:<br \/>\n&#8211; V\u00e4ri: kyyhkynharmaa<br \/>\n&#8211; Materiaali: ter\u00e4s, 180 g\/m\u00b2 polyesteri<br \/>\n&#8211; Varjokangas: 300 cm d<br \/>\n&#8211; Korkeus: 240 cm<br \/>\n&#8211; Paino: 15,3 kg<\/p>\n<p>Toimitus sis\u00e4lt\u00e4\u00e4<br \/>\n&#8211; 1 x katosvarjo<br \/>\n&#8211; 1 x ristijalka<br \/>\n&#8211; 1 x aurinkopaneeli<br \/>\n&#8211; 1 x k\u00e4ytt\u00f6ohje<\/p>\n<p>SONGMICS-ohjeet:<br \/>\n&#8211; Aseta jalustalle yli 80 kg painavat esineet (ei sis\u00e4lly toimitukseen), jotta puutarhavarjo pysyy vakaana.<br \/>\n&#8211; \u00c4l\u00e4 avaa puutarhasateenvarjoa v\u00e4kisin, vaan avaa se varovasti ja hitaasti.<br \/>\n&#8211; Sulje aurinkovarjo y\u00f6ll\u00e4, kovalla tuulella tai sateisella s\u00e4\u00e4ll\u00e4 vahingoittumisen est\u00e4miseksi.<br \/>\n&#8211; Pident\u00e4\u00e4ksesi aurinkovarjon k\u00e4ytt\u00f6ik\u00e4\u00e4, s\u00e4ilyt\u00e4 sit\u00e4 suojapeitteess\u00e4 (ei sis\u00e4lly toimitukseen).<br \/>\n&#8211; Varjokangas voi takertua varjomastoon kuljetuksen tai varastoinnin aikana. Ravista varjokangasta ennen k\u00e4ytt\u00f6\u00e4, jotta varjo avautuu helposti.<\/p>\n","protected":false},"excerpt":{"rendered":"<p>Aurinkovarjo, riippuva aurinkovarjo, 300 cm, 28 aurinkok\u00e4ytt\u00f6ist\u00e4 LED-valoa, UPF 50+, puutarhavarjo, 360\u00b0 k\u00e4\u00e4ntyv\u00e4, kallistuskulma s\u00e4\u00e4dett\u00e4viss\u00e4, ristijalka, harmaankirjava<\/p>\n","protected":false},"featured_media":40275,"comment_status":"open","ping_status":"closed","template":"","meta":[],"product_brand":[],"product_cat":[32],"product_tag":[],"class_list":{"0":"post-31086","1":"product","2":"type-product","3":"status-publish","4":"has-post-thumbnail","6":"product_cat-uncategorized-fi","8":"first","9":"instock","10":"shipping-taxable","11":"purchasable","12":"product-type-simple"},"_links":{"self":[{"href":"https:\/\/nordicmart.andreevmaster.com\/fi\/wp-json\/wp\/v2\/product\/31086","targetHints":{"allow":["GET"]}}],"collection":[{"href":"https:\/\/nordicmart.andreevmaster.com\/fi\/wp-json\/wp\/v2\/product"}],"about":[{"href":"https:\/\/nordicmart.andreevmaster.com\/fi\/wp-json\/wp\/v2\/types\/product"}],"replies":[{"embeddable":true,"href":"https:\/\/nordicmart.andreevmaster.com\/fi\/wp-json\/wp\/v2\/comments?post=31086"}],"wp:featuredmedia":[{"embeddable":true,"href":"https:\/\/nordicmart.andreevmaster.com\/fi\/wp-json\/wp\/v2\/media\/40275"}],"wp:attachment":[{"href":"https:\/\/nordicmart.andreevmaster.com\/fi\/wp-json\/wp\/v2\/media?parent=31086"}],"wp:term":[{"taxonomy":"product_brand","embeddable":true,"href":"https:\/\/nordicmart.andreevmaster.com\/fi\/wp-json\/wp\/v2\/product_brand?post=31086"},{"taxonomy":"product_cat","embeddable":true,"href":"https:\/\/nordicmart.andreevmaster.com\/fi\/wp-json\/wp\/v2\/product_cat?post=31086"},{"taxonomy":"product_tag","embeddable":true,"href":"https:\/\/nordicmart.andreevmaster.com\/fi\/wp-json\/wp\/v2\/product_tag?post=31086"}],"curies":[{"name":"wp","href":"https:\/\/api.w.org\/{rel}","templated":true}]}}