{"id":31085,"date":"2026-02-27T00:12:17","date_gmt":"2026-02-27T00:12:17","guid":{"rendered":"https:\/\/nordicmart.andreevmaster.com\/product\/songmics-aurinkovarjo-340-cm-upf-50-rantavarjo\/"},"modified":"2026-02-27T09:35:22","modified_gmt":"2026-02-27T09:35:22","slug":"songmics-aurinkovarjo-340-cm-upf-50-rantavarjo","status":"publish","type":"product","link":"https:\/\/nordicmart.andreevmaster.com\/fi\/tuote\/songmics-aurinkovarjo-340-cm-upf-50-rantavarjo\/","title":{"rendered":"SONGMICS aurinkovarjo 340 cm, UPF 50+, rantavarjo"},"content":{"rendered":"<p>Aurinkovarjo 300 cm, UPF 50+, rantavarjo, taivutettavissa 30\u00b0 molemmin puolin, aurinkosuoja, avaus-\/sulkemiskampi, ilman jalustaa, harmaa<br \/>\nTuotetiedot:<br \/>\n&#8211; V\u00e4ri: harmaa<br \/>\n&#8211; Materiaali: metallinen varjopylv\u00e4s, 180 g\/m\u00b2 polyesterikangas<br \/>\n&#8211; Sateenvarjon kaaren kaarevuus: 340 cm<br \/>\n&#8211; Sateenvarjon kankaan vaakasuora halkaisija: 327,5 cm<br \/>\n&#8211; Varjostimen tangon halkaisija: 38 mm<br \/>\n&#8211; Korkeus: 246 cm<br \/>\n&#8211; Paino: 7,6 kg<\/p>\n<p>Toimitus sis\u00e4lt\u00e4\u00e4<br \/>\n&#8211; 1 x aurinkovarjo<br \/>\n&#8211; 1 x k\u00e4ytt\u00f6ohje<\/p>\n<p>Huomautukset:<br \/>\n&#8211; Varjostimen jalustaa ei toimiteta mukana.<br \/>\n&#8211; \u00c4l\u00e4 avaa aurinkovarjoa v\u00e4kisin, vaan avaa se varovasti ja hitaasti.<br \/>\n&#8211; Sulje aurinkovarjo y\u00f6ll\u00e4, kovalla tuulella tai sateisella s\u00e4\u00e4ll\u00e4 vahingoittumisen est\u00e4miseksi.<br \/>\n&#8211; Suojaa sateenvarjo suojapeitteell\u00e4 (ei sis\u00e4lly toimitukseen), jotta se kest\u00e4\u00e4 k\u00e4yt\u00f6ss\u00e4 pidemp\u00e4\u00e4n.<\/p>\n","protected":false},"excerpt":{"rendered":"<p>Aurinkovarjo 300 cm, UPF 50+, rantavarjo, taivutettavissa 30\u00b0 molemmin puolin, aurinkosuoja, avaus-\/sulkemiskampi, ilman jalustaa, harmaa<\/p>\n","protected":false},"featured_media":40274,"comment_status":"open","ping_status":"closed","template":"","meta":[],"product_brand":[],"product_cat":[32],"product_tag":[],"class_list":{"0":"post-31085","1":"product","2":"type-product","3":"status-publish","4":"has-post-thumbnail","6":"product_cat-uncategorized-fi","8":"first","9":"instock","10":"shipping-taxable","11":"purchasable","12":"product-type-simple"},"_links":{"self":[{"href":"https:\/\/nordicmart.andreevmaster.com\/fi\/wp-json\/wp\/v2\/product\/31085","targetHints":{"allow":["GET"]}}],"collection":[{"href":"https:\/\/nordicmart.andreevmaster.com\/fi\/wp-json\/wp\/v2\/product"}],"about":[{"href":"https:\/\/nordicmart.andreevmaster.com\/fi\/wp-json\/wp\/v2\/types\/product"}],"replies":[{"embeddable":true,"href":"https:\/\/nordicmart.andreevmaster.com\/fi\/wp-json\/wp\/v2\/comments?post=31085"}],"wp:featuredmedia":[{"embeddable":true,"href":"https:\/\/nordicmart.andreevmaster.com\/fi\/wp-json\/wp\/v2\/media\/40274"}],"wp:attachment":[{"href":"https:\/\/nordicmart.andreevmaster.com\/fi\/wp-json\/wp\/v2\/media?parent=31085"}],"wp:term":[{"taxonomy":"product_brand","embeddable":true,"href":"https:\/\/nordicmart.andreevmaster.com\/fi\/wp-json\/wp\/v2\/product_brand?post=31085"},{"taxonomy":"product_cat","embeddable":true,"href":"https:\/\/nordicmart.andreevmaster.com\/fi\/wp-json\/wp\/v2\/product_cat?post=31085"},{"taxonomy":"product_tag","embeddable":true,"href":"https:\/\/nordicmart.andreevmaster.com\/fi\/wp-json\/wp\/v2\/product_tag?post=31085"}],"curies":[{"name":"wp","href":"https:\/\/api.w.org\/{rel}","templated":true}]}}