{"id":31081,"date":"2026-02-27T00:12:16","date_gmt":"2026-02-27T00:12:16","guid":{"rendered":"https:\/\/nordicmart.andreevmaster.com\/product\/songmics-puutarhavarjo-o-200-cm-taittuva\/"},"modified":"2026-02-27T09:35:21","modified_gmt":"2026-02-27T09:35:21","slug":"songmics-puutarhavarjo-o-200-cm-taittuva","status":"publish","type":"product","link":"https:\/\/nordicmart.andreevmaster.com\/fi\/tuote\/songmics-puutarhavarjo-o-200-cm-taittuva\/","title":{"rendered":"SONGMICS puutarhavarjo \u00d8 200 cm, taittuva"},"content":{"rendered":"<p>Nauti kauniista s\u00e4\u00e4st\u00e4 varjossa! Ulkona vietett\u00e4v\u00e4 kausi on alkanut, ja on aika varustaa puutarha, terassi tai ranta-alue sopivalla aurinkosuojalla: aurinkovarjolla! Kun vihdoin saatat vallata ulkotilasi takaisin pitk\u00e4n, kylm\u00e4n talven j\u00e4lkeen ja kutsua yst\u00e4v\u00e4si grillijuhliin, on tullut t\u00e4ydellinen hetki ottaa uusi aurinkovarjosi k\u00e4ytt\u00f6\u00f6n! Kes\u00e4n &#8221;must-have&#8221; T\u00e4m\u00e4 aurinkovarjo on taivutettava molemmilta sivuilta, joten voit s\u00e4\u00e4t\u00e4\u00e4 sit\u00e4 p\u00e4iv\u00e4najan ja valon tulokulman mukaan. Varjon halkaisija on 1,8 metri\u00e4 ja korkeus 2,3 metri\u00e4. Aurinkosuojaan mahtuu 3\u20134 henkil\u00f6\u00e4. P\u00e4iv\u00e4nvarjon masto on ruostumatonta ter\u00e4st\u00e4. Lis\u00e4ksi polyesterist\u00e4 valmistettu suojakangas tarjoaa erinomaisen UV-suojan jopa UPF 50+ -tasolle asti. Lis\u00e4ksi siin\u00e4 on muutamia tuuletusaukkoja, jotka ohjaavat tuulen pois ja varmistavat puutarhap\u00e4iv\u00e4nvarjon vakauden. Tuotetiedot:- Materiaali: jauhemaalattu ter\u00e4s, 160 g\/m\u00b2 polyesteri &#8211; Korkeus: 2,3 m &#8211; Kaarevuuden pituus: 2 m &#8211; Vaakasuora halkaisija: 1,8 m &#8211; \u00d8 sateenvarjon masto: 22\/25 mm, sein\u00e4m\u00e4n paksuus: 0,5 mm &#8211; Paino: 2 kg Toimitus sis\u00e4lt\u00e4\u00e4:- 1 x aurinkovarjo &#8211; 1 x kantolaukku SONGMS-ohjeet: &#8211; Varjoteline ei sis\u00e4lly toimitukseen. &#8211; Sulje aurinkovarjo y\u00f6ll\u00e4 ja kovalla tuulella. &#8211; T\u00e4t\u00e4 aurinkovarjoa ei suositella k\u00e4ytett\u00e4v\u00e4ksi sateisella s\u00e4\u00e4ll\u00e4.<\/p>\n","protected":false},"excerpt":{"rendered":"<p>SONGMICS Aurinkovarjo rannalle, \u00d8 160 cm, puutarhavarjo, UV-suoja UPF 50+, taittuva, kannettava, lasikuiturungot, kuljetuslaukku, sinivalkoinen raidallinen GPU60WU<\/p>\n","protected":false},"featured_media":40270,"comment_status":"open","ping_status":"closed","template":"","meta":[],"product_brand":[],"product_cat":[32],"product_tag":[],"class_list":{"0":"post-31081","1":"product","2":"type-product","3":"status-publish","4":"has-post-thumbnail","6":"product_cat-uncategorized-fi","8":"first","9":"instock","10":"shipping-taxable","11":"purchasable","12":"product-type-simple"},"_links":{"self":[{"href":"https:\/\/nordicmart.andreevmaster.com\/fi\/wp-json\/wp\/v2\/product\/31081","targetHints":{"allow":["GET"]}}],"collection":[{"href":"https:\/\/nordicmart.andreevmaster.com\/fi\/wp-json\/wp\/v2\/product"}],"about":[{"href":"https:\/\/nordicmart.andreevmaster.com\/fi\/wp-json\/wp\/v2\/types\/product"}],"replies":[{"embeddable":true,"href":"https:\/\/nordicmart.andreevmaster.com\/fi\/wp-json\/wp\/v2\/comments?post=31081"}],"wp:featuredmedia":[{"embeddable":true,"href":"https:\/\/nordicmart.andreevmaster.com\/fi\/wp-json\/wp\/v2\/media\/40270"}],"wp:attachment":[{"href":"https:\/\/nordicmart.andreevmaster.com\/fi\/wp-json\/wp\/v2\/media?parent=31081"}],"wp:term":[{"taxonomy":"product_brand","embeddable":true,"href":"https:\/\/nordicmart.andreevmaster.com\/fi\/wp-json\/wp\/v2\/product_brand?post=31081"},{"taxonomy":"product_cat","embeddable":true,"href":"https:\/\/nordicmart.andreevmaster.com\/fi\/wp-json\/wp\/v2\/product_cat?post=31081"},{"taxonomy":"product_tag","embeddable":true,"href":"https:\/\/nordicmart.andreevmaster.com\/fi\/wp-json\/wp\/v2\/product_tag?post=31081"}],"curies":[{"name":"wp","href":"https:\/\/api.w.org\/{rel}","templated":true}]}}