{"id":31072,"date":"2026-02-27T00:12:14","date_gmt":"2026-02-27T00:12:14","guid":{"rendered":"https:\/\/nordicmart.andreevmaster.com\/product\/parasol-o-180-cm-2\/"},"modified":"2026-02-27T09:35:20","modified_gmt":"2026-02-27T09:35:20","slug":"parasol-o-180-cm-2","status":"publish","type":"product","link":"https:\/\/nordicmart.andreevmaster.com\/fi\/tuote\/parasol-o-180-cm-2\/","title":{"rendered":"Parasol \u00d8 180 cm"},"content":{"rendered":"<p>Nauti kauniista s\u00e4\u00e4st\u00e4 varjossa! Ulkokausi on alkanut, ja on aika menn\u00e4 puutarhaan, terassille tai rannalle! Mutta ole varovainen! \u00c4l\u00e4 unohda riitt\u00e4v\u00e4\u00e4 aurinkosuojaa! Kun vihdoin saat takaisin ulkotilasi pitk\u00e4n, kylm\u00e4n talven j\u00e4lkeen ja kutsut yst\u00e4v\u00e4si grillijuhliin, on t\u00e4ydellinen hetki k\u00e4ytt\u00e4\u00e4 uutta SONGMICS-aurinkovarjoasi! Kes\u00e4n v\u00e4ltt\u00e4m\u00e4t\u00f6n varuste T\u00e4m\u00e4 aurinkovarjo voidaan taittaa vasemmalle ja oikealle. N\u00e4in voit s\u00e4\u00e4t\u00e4\u00e4 sen p\u00e4iv\u00e4najan ja valon kulman mukaan. Aurinkovarjon halkaisija on 1,8 metri\u00e4 ja korkeus 2,3 metri\u00e4. Aurinkovarjon alle mahtuu siis 1\u20132 henkil\u00f6\u00e4. Aurinkovarjon varsi on valmistettu ruostumattomasta ter\u00e4ksest\u00e4. Polyesterist\u00e4 valmistettu aurinkovarjon kangas tarjoaa my\u00f6s erinomaisen UV-suojan, jopa UPF 50+. Tuotetiedot: &#8211; V\u00e4ri: sininen &#8211; Materiaali: jauhemaalattu ter\u00e4s, 160 g\/m\u00b2 polyesteri, lasikuitu &#8211; Korkeus: 2,3 m &#8211; Kaaren pituus: 2 m &#8211; Aurinkovarjon halkaisija: 1,8 m &#8211; Aurinkovarjon tangon halkaisija: 22\/25 mm, paino: 0,5 mm &#8211; Paino: 2 kg Toimitus sis\u00e4lt\u00e4\u00e4: &#8211; 1 x aurinkovarjo &#8211; 1 x kantolaukku SONGMICSin huomautukset: &#8211; Aurinkovarjon jalusta ei sis\u00e4lly toimitukseen. Sulje aurinkovarjo y\u00f6ll\u00e4 ja kovassa tuulessa. T\u00e4t\u00e4 aurinkovarjoa ei suositella k\u00e4ytett\u00e4v\u00e4ksi sateella.<\/p>\n","protected":false},"excerpt":{"rendered":"<p>Nauti kauniista s\u00e4\u00e4st\u00e4 varjossa! Ulkokausi on alkanut, ja on aika menn\u00e4 puutarhaan, terassille tai rannalle! Mutta ole varovainen! \u00c4l\u00e4 unohda riitt\u00e4v\u00e4\u00e4 aurinkosuojaa! Kun vihdoin saat takaisin ulkotilasi pitk\u00e4n, kylm\u00e4n talven j\u00e4lkeen ja kutsut yst\u00e4v\u00e4si grillijuhliin, on t\u00e4ydellinen hetki k\u00e4ytt\u00e4\u00e4 uutta SONGMICS-aurinkovarjoasi! Kes\u00e4n v\u00e4ltt\u00e4m\u00e4t\u00f6n varuste T\u00e4m\u00e4 aurinkovarjo voidaan taittaa vasemmalle ja oikealle. N\u00e4in voit s\u00e4\u00e4t\u00e4\u00e4 sen [&hellip;]<\/p>\n","protected":false},"featured_media":0,"comment_status":"open","ping_status":"closed","template":"","meta":[],"product_brand":[],"product_cat":[32],"product_tag":[],"class_list":{"0":"post-31072","1":"product","2":"type-product","3":"status-publish","5":"product_cat-uncategorized-fi","7":"first","8":"instock","9":"shipping-taxable","10":"product-type-simple"},"_links":{"self":[{"href":"https:\/\/nordicmart.andreevmaster.com\/fi\/wp-json\/wp\/v2\/product\/31072","targetHints":{"allow":["GET"]}}],"collection":[{"href":"https:\/\/nordicmart.andreevmaster.com\/fi\/wp-json\/wp\/v2\/product"}],"about":[{"href":"https:\/\/nordicmart.andreevmaster.com\/fi\/wp-json\/wp\/v2\/types\/product"}],"replies":[{"embeddable":true,"href":"https:\/\/nordicmart.andreevmaster.com\/fi\/wp-json\/wp\/v2\/comments?post=31072"}],"wp:attachment":[{"href":"https:\/\/nordicmart.andreevmaster.com\/fi\/wp-json\/wp\/v2\/media?parent=31072"}],"wp:term":[{"taxonomy":"product_brand","embeddable":true,"href":"https:\/\/nordicmart.andreevmaster.com\/fi\/wp-json\/wp\/v2\/product_brand?post=31072"},{"taxonomy":"product_cat","embeddable":true,"href":"https:\/\/nordicmart.andreevmaster.com\/fi\/wp-json\/wp\/v2\/product_cat?post=31072"},{"taxonomy":"product_tag","embeddable":true,"href":"https:\/\/nordicmart.andreevmaster.com\/fi\/wp-json\/wp\/v2\/product_tag?post=31072"}],"curies":[{"name":"wp","href":"https:\/\/api.w.org\/{rel}","templated":true}]}}