{"id":31070,"date":"2026-02-27T00:12:14","date_gmt":"2026-02-27T00:12:14","guid":{"rendered":"https:\/\/nordicmart.andreevmaster.com\/product\/2-m-aurinkovarjo-rantavarjo-upf-50-aurinkosuoja-kannettava-kahdeksankulmainen-polyesterkatos-lasikuituripustimet-kallistusmekanismi-kantolaukku-rannalle-puutarhaan-parvekkeelle-uima-altaa\/"},"modified":"2026-02-27T09:35:19","modified_gmt":"2026-02-27T09:35:19","slug":"2-m-aurinkovarjo-rantavarjo-upf-50-aurinkosuoja-kannettava-kahdeksankulmainen-polyesterkatos-lasikuituripustimet-kallistusmekanismi-kantolaukku-rannalle-puutarhaan-parvekkeelle-uima-altaa","status":"publish","type":"product","link":"https:\/\/nordicmart.andreevmaster.com\/fi\/tuote\/2-m-aurinkovarjo-rantavarjo-upf-50-aurinkosuoja-kannettava-kahdeksankulmainen-polyesterkatos-lasikuituripustimet-kallistusmekanismi-kantolaukku-rannalle-puutarhaan-parvekkeelle-uima-altaa\/","title":{"rendered":"2 m aurinkovarjo, rantavarjo, UPF 50+, aurinkosuoja, kannettava, kahdeksankulmainen polyesterkatos, lasikuituripustimet, kallistusmekanismi, kantolaukku, rannalle, puutarhaan, parvekkeelle, uima-altaalle, Taupe GPU65BRV1"},"content":{"rendered":"<p>Oikea suoja: Aiotko viett\u00e4\u00e4 pitki\u00e4 p\u00e4ivi\u00e4 rannalla, ehk\u00e4 jopa lasten kanssa? Vahva UV-suoja on v\u00e4ltt\u00e4m\u00e4t\u00f6n! Kuten t\u00e4m\u00e4 aurinkovarjo, jossa on PA-pinnoitettu katos, joka tarjoaa erinomaisen UPF 50+ -suojan.<br \/>\nOta se mukaasi: Haluatko rentoutua aurinkotuolissa rannalla koko p\u00e4iv\u00e4n? Se ei ole ongelma! Voit helposti kallistaa t\u00e4m\u00e4n aurinkovarjon sen tukevalla sinkkiseosnivelell\u00e4, jotta voit aina olla varjossa ilman, ett\u00e4 sinun tarvitsee liikkua ymp\u00e4riins\u00e4.<br \/>\nNauti tuulesta! Kun tuulee viile\u00e4 tuuli, voit nauttia siit\u00e4 sen sijaan, ett\u00e4 huolehtisit siit\u00e4, ett\u00e4 aurinkovarjo heiluu tai rikkoutuu: yl\u00e4osassa oleva ilmanventtiili p\u00e4\u00e4st\u00e4\u00e4 ilman l\u00e4pi, kun taas lasikuituripustukset antavat vakaata tukea katokselle. <\/p>\n<p>Mihin tahansa olet menossa: kaunis p\u00e4iv\u00e4 rannalla? Retkeily yst\u00e4vien kanssa? Tai piknikin perheen kanssa? S\u00e4ilyt\u00e4 t\u00e4m\u00e4 kevyt rantavarjo mukana tulevassa k\u00e4tev\u00e4ss\u00e4 kantolaukussa, jotta voit kuljettaa sit\u00e4 helposti ja se voi olla mukana kaikissa ulkona vietetyiss\u00e4 onnellisissa hetkiss\u00e4si. <\/p>\n<p>Viile\u00e4 keidas hetkess\u00e4: Kierr\u00e4 vain varren yl\u00e4osa kiinni pohjaan, kiinnit\u00e4 varsi alustaan (ei sis\u00e4lly toimitukseen), avaa sateenvarjo, kiinnit\u00e4 se metallitulpalla, ja jo voitkin virkist\u00e4\u00e4 terassiasi, parvekettasi tai puutarhaasi!<\/p>\n<p>Nauti hyv\u00e4st\u00e4 s\u00e4\u00e4st\u00e4 varjossa! Ulkona vietett\u00e4v\u00e4 kausi on alkanut, ja on aika tehd\u00e4 puutarhastasi, terassistasi tai rannastasi turvallinen! Mutta ole varovainen! \u00c4l\u00e4 unohda riitt\u00e4v\u00e4\u00e4 aurinkosuojaa! Kun vihdoin viet\u00e4t aikaa ulkona pitkien, kylmien talvip\u00e4ivien j\u00e4lkeen ja kutsut yst\u00e4v\u00e4si grillijuhliin, on t\u00e4ydellinen hetki k\u00e4ytt\u00e4\u00e4 uutta SONGMICS-aurinkovarjoasi! Kes\u00e4n v\u00e4ltt\u00e4m\u00e4t\u00f6n varuste T\u00e4m\u00e4 aurinkovarjo voidaan taittaa vasemmalle ja oikealle. N\u00e4in voit s\u00e4\u00e4t\u00e4\u00e4 sen p\u00e4iv\u00e4najan ja valon kulman mukaan. P\u00e4iv\u00e4nvarjon halkaisija on 1,8 metri\u00e4 ja korkeus 2,3 metri\u00e4. Siksi p\u00e4iv\u00e4nvarjon alle mahtuu 1\u20132 henkil\u00f6\u00e4. P\u00e4iv\u00e4nvarjon varsi on valmistettu ruostumattomasta ter\u00e4ksest\u00e4. Polyesterist\u00e4 valmistettu p\u00e4iv\u00e4nvarjon kangas tarjoaa my\u00f6s erinomaisen UV-suojan, jopa UPF 50+. Tuotetiedot: &#8211; V\u00e4ri: Taupe &#8211; Materiaali: Jauhemaalattu ter\u00e4s, 160 g\/m\u00b2 polyesteri, lasikuitu &#8211; Korkeus: 2,3 m &#8211; Kaaren pituus: 2 m &#8211; Sateenvarjon halkaisija: 1,8 m &#8211; Sateenvarjon tangon halkaisija: 22\/25 mm, paksuus: 0,5 mm &#8211; Paino: 2 kgToimitus sis\u00e4lt\u00e4\u00e4:- 1 x aurinkovarjo- 1 x kantolaukkuSONGMICS Huomautukset:- Aurinkovarjon jalusta ei sis\u00e4lly toimitukseen. Sulje aurinkovarjo y\u00f6ll\u00e4 ja kovassa tuulessa &#8211; T\u00e4t\u00e4 aurinkovarjoa ei suositella k\u00e4ytett\u00e4v\u00e4ksi sateella.<\/p>\n","protected":false},"excerpt":{"rendered":"<p>Oikea suoja: Aiotko viett\u00e4\u00e4 pitki\u00e4 p\u00e4ivi\u00e4 rannalla, ehk\u00e4 jopa lasten kanssa? Vahva UV-suoja on v\u00e4ltt\u00e4m\u00e4t\u00f6n! Kuten t\u00e4m\u00e4 aurinkovarjo, jossa on PA-pinnoitettu katos, joka tarjoaa erinomaisen UPF 50+ -suojan. Ota se mukaasi: Haluatko rentoutua aurinkotuolissa rannalla koko p\u00e4iv\u00e4n? Se ei ole ongelma! Voit helposti kallistaa t\u00e4m\u00e4n aurinkovarjon sen tukevalla sinkkiseosnivelell\u00e4, jotta voit aina olla varjossa ilman, [&hellip;]<\/p>\n","protected":false},"featured_media":0,"comment_status":"open","ping_status":"closed","template":"","meta":[],"product_brand":[],"product_cat":[32],"product_tag":[],"class_list":{"0":"post-31070","1":"product","2":"type-product","3":"status-publish","5":"product_cat-uncategorized-fi","7":"first","8":"instock","9":"shipping-taxable","10":"product-type-simple"},"_links":{"self":[{"href":"https:\/\/nordicmart.andreevmaster.com\/fi\/wp-json\/wp\/v2\/product\/31070","targetHints":{"allow":["GET"]}}],"collection":[{"href":"https:\/\/nordicmart.andreevmaster.com\/fi\/wp-json\/wp\/v2\/product"}],"about":[{"href":"https:\/\/nordicmart.andreevmaster.com\/fi\/wp-json\/wp\/v2\/types\/product"}],"replies":[{"embeddable":true,"href":"https:\/\/nordicmart.andreevmaster.com\/fi\/wp-json\/wp\/v2\/comments?post=31070"}],"wp:attachment":[{"href":"https:\/\/nordicmart.andreevmaster.com\/fi\/wp-json\/wp\/v2\/media?parent=31070"}],"wp:term":[{"taxonomy":"product_brand","embeddable":true,"href":"https:\/\/nordicmart.andreevmaster.com\/fi\/wp-json\/wp\/v2\/product_brand?post=31070"},{"taxonomy":"product_cat","embeddable":true,"href":"https:\/\/nordicmart.andreevmaster.com\/fi\/wp-json\/wp\/v2\/product_cat?post=31070"},{"taxonomy":"product_tag","embeddable":true,"href":"https:\/\/nordicmart.andreevmaster.com\/fi\/wp-json\/wp\/v2\/product_tag?post=31070"}],"curies":[{"name":"wp","href":"https:\/\/api.w.org\/{rel}","templated":true}]}}