{"id":31065,"date":"2026-02-27T00:12:13","date_gmt":"2026-02-27T00:12:13","guid":{"rendered":"https:\/\/nordicmart.andreevmaster.com\/product\/songmics-o-160-cm-aurinkovarjo-rannalle\/"},"modified":"2026-02-27T09:35:18","modified_gmt":"2026-02-27T09:35:18","slug":"songmics-o-160-cm-aurinkovarjo-rannalle","status":"publish","type":"product","link":"https:\/\/nordicmart.andreevmaster.com\/fi\/tuote\/songmics-o-160-cm-aurinkovarjo-rannalle\/","title":{"rendered":"SONGMICS \u00d8 160 cm aurinkovarjo rannalle"},"content":{"rendered":"<p>Nauti kauniista s\u00e4\u00e4st\u00e4 varjossa! Ulkouima-kausi on alkanut, ja on aika valloittaa puutarha, terassi tai ranta! Mutta varo! Muista hankkia riitt\u00e4v\u00e4 aurinkosuoja! Kun vihdoin valloitat ulkotilasi takaisin pitk\u00e4n, kylm\u00e4n talven j\u00e4lkeen ja kutsut yst\u00e4v\u00e4si grillijuhliin, on tullut t\u00e4ydellinen hetki ottaa k\u00e4ytt\u00f6\u00f6n uusi SONGMICS-aurinkovarjosi! Kes\u00e4n v\u00e4ltt\u00e4m\u00e4t\u00f6n varuste T\u00e4m\u00e4 aurinkovarjo voidaan taivuttaa vasemmalle ja oikealle. N\u00e4in voit s\u00e4\u00e4t\u00e4\u00e4 sen kulloisenkin vuorokaudenajan ja valon tulokulman mukaan. Sateenvarjon halkaisija on 1,6 m ja korkeus 2,1 m. Sateenvarjon alle mahtuu siis 1\u20132 henkil\u00f6\u00e4. Sateenvarjon masto on ruostumatonta ter\u00e4st\u00e4. Lis\u00e4ksi polyesterist\u00e4 valmistettu suojakangas tarjoaa erinomaisen UV-suojan jopa UPF 50+ -tasolle asti. Tuotetiedot: &#8211; V\u00e4ri: oranssi-valkoinen raidallinen &#8211; Materiaali: jauhemaalattu ter\u00e4s, 160 g\/m\u00b2 polyesteri, lasikuitu &#8211; Korkeus: 2,1 m &#8211; Kaarevuuden pituus: 1,8 m &#8211; Sateenvarjon halkaisija: 1,6 m &#8211; Sateenvarjon maston halkaisija: 22\/25 mm, sein\u00e4m\u00e4n paksuus: 0,5 mm &#8211; Paino: 1,6 kg Toimitus sis\u00e4lt\u00e4\u00e4:- 1 x aurinkovarjo &#8211; 1 x kantolaukku SONGMS-ohjeet: &#8211; Varjoteline ei sis\u00e4lly toimitukseen. &#8211; Sulje aurinkovarjo y\u00f6ll\u00e4 ja kovalla tuulella. &#8211; T\u00e4t\u00e4 aurinkovarjoa ei suositella k\u00e4ytett\u00e4v\u00e4ksi sateisella s\u00e4\u00e4ll\u00e4.<\/p>\n","protected":false},"excerpt":{"rendered":"<p>SONGMICS Aurinkovarjo rannalle, \u00d8 160 cm, puutarhavarjo, UV-suoja UPF 50+, taittuva, kannettava, lasikuiturungot, kuljetuslaukku, sinivalkoinen raidallinen GPU60WU<\/p>\n","protected":false},"featured_media":40260,"comment_status":"open","ping_status":"closed","template":"","meta":[],"product_brand":[],"product_cat":[32],"product_tag":[],"class_list":{"0":"post-31065","1":"product","2":"type-product","3":"status-publish","4":"has-post-thumbnail","6":"product_cat-uncategorized-fi","8":"first","9":"instock","10":"shipping-taxable","11":"purchasable","12":"product-type-simple"},"_links":{"self":[{"href":"https:\/\/nordicmart.andreevmaster.com\/fi\/wp-json\/wp\/v2\/product\/31065","targetHints":{"allow":["GET"]}}],"collection":[{"href":"https:\/\/nordicmart.andreevmaster.com\/fi\/wp-json\/wp\/v2\/product"}],"about":[{"href":"https:\/\/nordicmart.andreevmaster.com\/fi\/wp-json\/wp\/v2\/types\/product"}],"replies":[{"embeddable":true,"href":"https:\/\/nordicmart.andreevmaster.com\/fi\/wp-json\/wp\/v2\/comments?post=31065"}],"wp:featuredmedia":[{"embeddable":true,"href":"https:\/\/nordicmart.andreevmaster.com\/fi\/wp-json\/wp\/v2\/media\/40260"}],"wp:attachment":[{"href":"https:\/\/nordicmart.andreevmaster.com\/fi\/wp-json\/wp\/v2\/media?parent=31065"}],"wp:term":[{"taxonomy":"product_brand","embeddable":true,"href":"https:\/\/nordicmart.andreevmaster.com\/fi\/wp-json\/wp\/v2\/product_brand?post=31065"},{"taxonomy":"product_cat","embeddable":true,"href":"https:\/\/nordicmart.andreevmaster.com\/fi\/wp-json\/wp\/v2\/product_cat?post=31065"},{"taxonomy":"product_tag","embeddable":true,"href":"https:\/\/nordicmart.andreevmaster.com\/fi\/wp-json\/wp\/v2\/product_tag?post=31065"}],"curies":[{"name":"wp","href":"https:\/\/api.w.org\/{rel}","templated":true}]}}