{"id":31063,"date":"2026-02-27T00:12:12","date_gmt":"2026-02-27T00:12:12","guid":{"rendered":"https:\/\/nordicmart.andreevmaster.com\/product\/songmics-aurinkovarjo-taittotoiminnolla\/"},"modified":"2026-02-27T09:35:18","modified_gmt":"2026-02-27T09:35:18","slug":"songmics-aurinkovarjo-taittotoiminnolla","status":"publish","type":"product","link":"https:\/\/nordicmart.andreevmaster.com\/fi\/tuote\/songmics-aurinkovarjo-taittotoiminnolla\/","title":{"rendered":"SONGMICS aurinkovarjo taittotoiminnolla"},"content":{"rendered":"<p>Nauti kauniista s\u00e4\u00e4st\u00e4 varjossa! Ulkona vietett\u00e4v\u00e4 kausi on alkanut, ja on aika varustaa puutarha, terassi tai ranta-alue sopivalla aurinkosuojalla: aurinkovarjolla! Kun vihdoin saatat vallata ulkotilasi takaisin pitk\u00e4n, kylm\u00e4n talven j\u00e4lkeen ja kutsua yst\u00e4v\u00e4si grillijuhliin, on tullut t\u00e4ydellinen hetki ottaa uusi aurinkovarjosi k\u00e4ytt\u00f6\u00f6n! Kes\u00e4n &#8221;must-have&#8221; T\u00e4m\u00e4 aurinkovarjo on taivutettavissa molemmilta sivuilta, joten voit s\u00e4\u00e4t\u00e4\u00e4 sit\u00e4 p\u00e4iv\u00e4najan ja valon tulokulman mukaan. Sateenvarjon halkaisija on 1,6 metri\u00e4 ja korkeus 2,1 metri\u00e4. Sateenvarjon alle mahtuu 2\u20133 henkil\u00f6\u00e4. Sateenvarjon masto on ruostumatonta ter\u00e4st\u00e4. Lis\u00e4ksi polyesterist\u00e4 valmistettu suojakangas tarjoaa erinomaisen UV-suojan jopa UPF 50+. Tuotetiedot: &#8211; Materiaali: jauhemaalattu ter\u00e4s, 160 g\/m\u00b2 polyesteri &#8211; Korkeus: 2,1 m &#8211; Kaarevuuden pituus: 1,8 m &#8211; Vaakasuora halkaisija: 1,6 m &#8211; \u00d8 sateenvarjon masto: 22\/25 mm, sein\u00e4m\u00e4n paksuus: 0,5 mm &#8211; Paino: 1,6 kg Toimitus sis\u00e4lt\u00e4\u00e4:- 1 x aurinkovarjo &#8211; 1 x kantolaukku SONGICS Huomautukset: &#8211; Aurinkovarjon jalustaa ei toimiteta mukana. &#8211; Sulje aurinkovarjo y\u00f6ll\u00e4 ja kovalla tuulella. &#8211; Aurinkovarjon k\u00e4ytt\u00f6\u00e4 sateisella s\u00e4\u00e4ll\u00e4 ei suositella. Tuotekuvaus<\/p>\n","protected":false},"excerpt":{"rendered":"<p>SONGMICS aurinkovarjo, \u00d8 160 cm, markkinavarjo, UV-suoja UPF 50+, aurinkosuoja, kahdeksankulmainen puutarhavarjo polyesterist\u00e4, lasikuituripustukset, kantolaukku, sininen GPU60BU<\/p>\n","protected":false},"featured_media":40258,"comment_status":"open","ping_status":"closed","template":"","meta":[],"product_brand":[],"product_cat":[32],"product_tag":[],"class_list":{"0":"post-31063","1":"product","2":"type-product","3":"status-publish","4":"has-post-thumbnail","6":"product_cat-uncategorized-fi","8":"first","9":"instock","10":"shipping-taxable","11":"purchasable","12":"product-type-simple"},"_links":{"self":[{"href":"https:\/\/nordicmart.andreevmaster.com\/fi\/wp-json\/wp\/v2\/product\/31063","targetHints":{"allow":["GET"]}}],"collection":[{"href":"https:\/\/nordicmart.andreevmaster.com\/fi\/wp-json\/wp\/v2\/product"}],"about":[{"href":"https:\/\/nordicmart.andreevmaster.com\/fi\/wp-json\/wp\/v2\/types\/product"}],"replies":[{"embeddable":true,"href":"https:\/\/nordicmart.andreevmaster.com\/fi\/wp-json\/wp\/v2\/comments?post=31063"}],"wp:featuredmedia":[{"embeddable":true,"href":"https:\/\/nordicmart.andreevmaster.com\/fi\/wp-json\/wp\/v2\/media\/40258"}],"wp:attachment":[{"href":"https:\/\/nordicmart.andreevmaster.com\/fi\/wp-json\/wp\/v2\/media?parent=31063"}],"wp:term":[{"taxonomy":"product_brand","embeddable":true,"href":"https:\/\/nordicmart.andreevmaster.com\/fi\/wp-json\/wp\/v2\/product_brand?post=31063"},{"taxonomy":"product_cat","embeddable":true,"href":"https:\/\/nordicmart.andreevmaster.com\/fi\/wp-json\/wp\/v2\/product_cat?post=31063"},{"taxonomy":"product_tag","embeddable":true,"href":"https:\/\/nordicmart.andreevmaster.com\/fi\/wp-json\/wp\/v2\/product_tag?post=31063"}],"curies":[{"name":"wp","href":"https:\/\/api.w.org\/{rel}","templated":true}]}}