{"id":31059,"date":"2026-02-27T00:12:11","date_gmt":"2026-02-27T00:12:11","guid":{"rendered":"https:\/\/nordicmart.andreevmaster.com\/product\/songmics-aurinkovarjo-erittain-suuri-taupe\/"},"modified":"2026-02-27T09:35:17","modified_gmt":"2026-02-27T09:35:17","slug":"songmics-aurinkovarjo-erittain-suuri-taupe","status":"publish","type":"product","link":"https:\/\/nordicmart.andreevmaster.com\/fi\/tuote\/songmics-aurinkovarjo-erittain-suuri-taupe\/","title":{"rendered":"SONGMICS aurinkovarjo, eritt\u00e4in suuri, taupe"},"content":{"rendered":"<p>SONGMICS-tuotemerkin kaksinkertaisen aurinkovarjon kohokohdat: Erityisen suuri varjokangas (460 x 270 cm); tarjoaa laajan varjostuksen UV-suoja UPF 50+; optimaalinen suoja UV-s\u00e4teilylt\u00e4 Kest\u00e4v\u00e4 varjomasto \u00d8 48 mm metallitangoista 12 metallista varjokaaria; antavat sateenvarjolle vahvan tuen; sateenvarjon kangas 180 g\/m\u00b2 polyesteri\u00e4; takaa pitk\u00e4n k\u00e4ytt\u00f6i\u00e4n; sateenvarjo on helppo avata ja sulkea k\u00e4tev\u00e4n vipukahvan avulla; k\u00e4tev\u00e4 lukitusjousi; mahdollistaa sateenvarjon 2 metallitangon helpon yhdist\u00e4misen toisiinsa; ty\u00f6kaluja ei tarvita; asennus onnistuu muutamassa minuutissaTuotetiedot:V\u00e4ri: harmaaMateriaali: metallinen sateenvarjon varsi ja sateenvarjon tukiripat, 180 g\/m\u00b2 polyesteriKorkeus: 245 cmSateenvarjon kankaan koko: 460 x 270 cm (P x L) Sateenvarjon varren halkaisija: 48 mm Nettopaino: 15 kg Toimitus sis\u00e4lt\u00e4\u00e4: 1 x aurinkovarjo 1 x ohjeet (DE, EN, FR, ES, IT) SONGMICSin huomautukset: Sateenvarjon jalustaa ei toimiteta mukana. Suosittelemme k\u00e4ytt\u00e4m\u00e4\u00e4n yli 50 kg painavaa aurinkovarjotelinett\u00e4. \u00c4l\u00e4 avaa aurinkovarjoa v\u00e4kisin, vaan avaa se varovasti ja hitaasti. Puhdista varjokangas pehme\u00e4ll\u00e4, neutraalilla puhdistusaineella kostutetulla liinalla. S\u00e4ilyt\u00e4 tuotetta kuivassa, hyvin ilmastoidussa paikassa, mutta vasta kun sateenvarjon kangas on t\u00e4ysin kuivunut. Sulje sateenvarjo tuulisina p\u00e4ivin\u00e4 vahingoittumisen est\u00e4miseksi. Pid\u00e4 tuote kaukana tulen l\u00e4hteist\u00e4; suojaa sit\u00e4 my\u00f6s \u00e4\u00e4rimm\u00e4iselt\u00e4 kylmyydelt\u00e4 tai kuumuudelta ja muilta s\u00e4\u00e4olosuhteilta, kuten sateelta, tuulelta, lumelta, rakeilta jne.<\/p>\n","protected":false},"excerpt":{"rendered":"<p>SONGMICS Kaksinkertainen aurinkovarjo 460 x 270 cm, erityisen suuri aurinkovarjo, puutarhavarjo, UV-suoja UPF 50+, terassivarjo, kammella, markkinat, puutarha, parveke, ulkok\u00e4ytt\u00f6, ilman jalustaa, harmaa GPU36GY<\/p>\n","protected":false},"featured_media":40254,"comment_status":"open","ping_status":"closed","template":"","meta":[],"product_brand":[],"product_cat":[32],"product_tag":[],"class_list":{"0":"post-31059","1":"product","2":"type-product","3":"status-publish","4":"has-post-thumbnail","6":"product_cat-uncategorized-fi","8":"first","9":"instock","10":"shipping-taxable","11":"purchasable","12":"product-type-simple"},"_links":{"self":[{"href":"https:\/\/nordicmart.andreevmaster.com\/fi\/wp-json\/wp\/v2\/product\/31059","targetHints":{"allow":["GET"]}}],"collection":[{"href":"https:\/\/nordicmart.andreevmaster.com\/fi\/wp-json\/wp\/v2\/product"}],"about":[{"href":"https:\/\/nordicmart.andreevmaster.com\/fi\/wp-json\/wp\/v2\/types\/product"}],"replies":[{"embeddable":true,"href":"https:\/\/nordicmart.andreevmaster.com\/fi\/wp-json\/wp\/v2\/comments?post=31059"}],"wp:featuredmedia":[{"embeddable":true,"href":"https:\/\/nordicmart.andreevmaster.com\/fi\/wp-json\/wp\/v2\/media\/40254"}],"wp:attachment":[{"href":"https:\/\/nordicmart.andreevmaster.com\/fi\/wp-json\/wp\/v2\/media?parent=31059"}],"wp:term":[{"taxonomy":"product_brand","embeddable":true,"href":"https:\/\/nordicmart.andreevmaster.com\/fi\/wp-json\/wp\/v2\/product_brand?post=31059"},{"taxonomy":"product_cat","embeddable":true,"href":"https:\/\/nordicmart.andreevmaster.com\/fi\/wp-json\/wp\/v2\/product_cat?post=31059"},{"taxonomy":"product_tag","embeddable":true,"href":"https:\/\/nordicmart.andreevmaster.com\/fi\/wp-json\/wp\/v2\/product_tag?post=31059"}],"curies":[{"name":"wp","href":"https:\/\/api.w.org\/{rel}","templated":true}]}}