{"id":31058,"date":"2026-02-27T00:12:11","date_gmt":"2026-02-27T00:12:11","guid":{"rendered":"https:\/\/nordicmart.andreevmaster.com\/product\/songmics-harmaa-kattosaleikko\/"},"modified":"2026-02-27T09:35:17","modified_gmt":"2026-02-27T09:35:17","slug":"songmics-harmaa-kattosaleikko","status":"publish","type":"product","link":"https:\/\/nordicmart.andreevmaster.com\/fi\/tuote\/songmics-harmaa-kattosaleikko\/","title":{"rendered":"SONGMICS harmaa kattos\u00e4leikk\u00f6"},"content":{"rendered":"<p>L\u00e4mmin aurinko, sininen taivas, raikas ilma, kaunis luonto&#8230; Mit\u00e4 viel\u00e4 odotat? Aika rentoutua ulkona! Pelk\u00e4\u00e4tk\u00f6 voimakkaita auringon s\u00e4teit\u00e4? \u00c4l\u00e4 huoli. Avaa vain t\u00e4m\u00e4 SONGMICS:n \u00d8 3 m aurinkovarjo ja nauti kauniista s\u00e4\u00e4st\u00e4 varjossa! Unohtumaton kes\u00e4   Haluatko ottaa nokoset puutarhassa, sy\u00f6d\u00e4 terassilla yst\u00e4vien kanssa tai nauttia kahvitauosta perheen kanssa ulkona, mutta pelk\u00e4\u00e4t kirkasta auringonvaloa? Tarvitset vain aurinkovarjon! Sateenvarjomme on valmistettu 200 g\/m\u00b2 polyesterikankaasta ja tarjoaa erinomaisen UV-suojan jopa UPF 50+. Sinun ei siis tarvitse huolehtia siit\u00e4, ett\u00e4 kirkas valo satuttaa silmi\u00e4si ja punoittaa ihoasi. Seuraa aurinkoa Haluatko viett\u00e4\u00e4 koko sunnuntain parvekkeella lukemassa hyv\u00e4\u00e4 kirjaa, jotta voit rentouttaa mielesi ja paeta arjen stressi\u00e4? Sinun ei tarvitse siirt\u00e4\u00e4 aurinkovarjoa jatkuvasti pysy\u00e4ksesi varjossa! Paina poljinta ja k\u00e4\u00e4nn\u00e4 varjon masto, jotta varjo osoittaa toiseen suuntaan. S\u00e4\u00e4d\u00e4 aurinkovarjon kallistuskulmaa sivussa olevalla kahvalla, kun aurinko siirtyy. Tuotetiedot:- V\u00e4ri: harmaa &#8211; Materiaali: alumiiniseosmasto, rautaiset varjostimen rivat, 200 g\/m\u00b2 polyesterikangas &#8211; Varjostimen halkaisija: 3 m &#8211; Jalustan koko: 100 x 100 cm &#8211; Varjostimen maston koko: 62 x 40 mm &#8211; Korkeus: 2,5 m &#8211; Paino: 21 kg Toimitus sis\u00e4lt\u00e4\u00e4:- 1 x riippumatto &#8211; 1 x jalusta &#8211; 1 x ohjeet (DE, EN, FR, ES, IT) SONGMICS Huomautukset: &#8211; \u00c4l\u00e4 avaa aurinkovarjoa v\u00e4kisin, vaan varovasti ja hitaasti. &#8211; Sulje aurinkovarjo tuulisina p\u00e4ivin\u00e4 vahingoittumisen est\u00e4miseksi.<\/p>\n","protected":false},"excerpt":{"rendered":"<p>SONGMICS riippuva aurinkovarjo, aurinkovarjo, 360\u00b0 k\u00e4\u00e4ntyv\u00e4, terassivarjo \u00d8 300 cm, UV-suoja UPF 50+, kallistuskulma s\u00e4\u00e4dett\u00e4viss\u00e4, puutarhavarjo, kampi ja jalusta, harmaa GPU35GY<\/p>\n","protected":false},"featured_media":40253,"comment_status":"open","ping_status":"closed","template":"","meta":[],"product_brand":[],"product_cat":[32],"product_tag":[],"class_list":{"0":"post-31058","1":"product","2":"type-product","3":"status-publish","4":"has-post-thumbnail","6":"product_cat-uncategorized-fi","8":"first","9":"instock","10":"shipping-taxable","11":"purchasable","12":"product-type-simple"},"_links":{"self":[{"href":"https:\/\/nordicmart.andreevmaster.com\/fi\/wp-json\/wp\/v2\/product\/31058","targetHints":{"allow":["GET"]}}],"collection":[{"href":"https:\/\/nordicmart.andreevmaster.com\/fi\/wp-json\/wp\/v2\/product"}],"about":[{"href":"https:\/\/nordicmart.andreevmaster.com\/fi\/wp-json\/wp\/v2\/types\/product"}],"replies":[{"embeddable":true,"href":"https:\/\/nordicmart.andreevmaster.com\/fi\/wp-json\/wp\/v2\/comments?post=31058"}],"wp:featuredmedia":[{"embeddable":true,"href":"https:\/\/nordicmart.andreevmaster.com\/fi\/wp-json\/wp\/v2\/media\/40253"}],"wp:attachment":[{"href":"https:\/\/nordicmart.andreevmaster.com\/fi\/wp-json\/wp\/v2\/media?parent=31058"}],"wp:term":[{"taxonomy":"product_brand","embeddable":true,"href":"https:\/\/nordicmart.andreevmaster.com\/fi\/wp-json\/wp\/v2\/product_brand?post=31058"},{"taxonomy":"product_cat","embeddable":true,"href":"https:\/\/nordicmart.andreevmaster.com\/fi\/wp-json\/wp\/v2\/product_cat?post=31058"},{"taxonomy":"product_tag","embeddable":true,"href":"https:\/\/nordicmart.andreevmaster.com\/fi\/wp-json\/wp\/v2\/product_tag?post=31058"}],"curies":[{"name":"wp","href":"https:\/\/api.w.org\/{rel}","templated":true}]}}