{"id":31057,"date":"2026-02-27T00:12:11","date_gmt":"2026-02-27T00:12:11","guid":{"rendered":"https:\/\/nordicmart.andreevmaster.com\/product\/songmics-ampelschirm-aurinkovarjo-beige\/"},"modified":"2026-02-27T09:35:17","modified_gmt":"2026-02-27T09:35:17","slug":"songmics-ampelschirm-aurinkovarjo-beige","status":"publish","type":"product","link":"https:\/\/nordicmart.andreevmaster.com\/fi\/tuote\/songmics-ampelschirm-aurinkovarjo-beige\/","title":{"rendered":"SONGMICS Ampelschirm -aurinkovarjo  beige"},"content":{"rendered":"<p>L\u00e4mmin aurinko, sininen taivas, raikas ilma, kaunis luonto&#8230; Mit\u00e4 viel\u00e4 odotat? Aika rentoutua ulkona! Pelk\u00e4\u00e4tk\u00f6 voimakkaita auringon s\u00e4teit\u00e4? \u00c4l\u00e4 huoli. Avaa vain t\u00e4m\u00e4 SONGMICS:n \u00d8 3 m aurinkovarjo ja nauti kauniista s\u00e4\u00e4st\u00e4 varjossa! Unohtumaton kes\u00e4: Haluatko ottaa nokoset puutarhassa, sy\u00f6d\u00e4 terassilla yst\u00e4vien kanssa tai nauttia kahvitauosta perheen kanssa ulkona, mutta pelk\u00e4\u00e4t kirkasta auringonvaloa? Tarvitset vain aurinkovarjon! Varjomme on valmistettu 240 g\/m\u00b2 polyesterikankaasta ja tarjoaa erinomaisen UV-suojan jopa UPF 50+. N\u00e4in sinun ei tarvitse huolehtia siit\u00e4, ett\u00e4 kirkas valo satuttaa silmi\u00e4si ja punoittaa ihoasi. Seuraa aurinkoa: Viet\u00e4tk\u00f6 mielell\u00e4si koko sunnuntain parvekkeella lukemassa hyv\u00e4\u00e4 kirjaa, jotta voit rentouttaa mielesi ja paeta arjen stressi\u00e4? Sinun ei tarvitse siirt\u00e4\u00e4 aurinkovarjoa jatkuvasti pysy\u00e4ksesi varjossa! Paina poljinta ja k\u00e4\u00e4nn\u00e4 sateenvarjon masto, jotta sateenvarjo osoittaa toiseen suuntaan. S\u00e4\u00e4d\u00e4 sateenvarjon kallistuskulmaa sivussa olevalla kahvalla, kun aurinko siirtyy. Tuotetiedot:V\u00e4ri: beige Materiaali: alumiininen aurinkovarjon varsi, metalliset aurinkovarjon s\u00e4teet, 240 g\/m\u00b2 polyesterikangas Aurinkovarjon halkaisija: 3 m Korkeus: 2,5 m Paino: 18,5 kg Toimitus sis\u00e4lt\u00e4\u00e4: 1 x aurinkovarjo 1 x jalusta 1 x ohjeet SONGMICSin ohjeet: \u00c4l\u00e4 avaa aurinkovarjoa v\u00e4kisin, vaan avaa se varovasti ja hitaasti.Sulje aurinkovarjo tuulisina p\u00e4ivin\u00e4 vahingoittumisen est\u00e4miseksi. Aseta painavat esineet (ei sis\u00e4lly toimitukseen) jalustalle tuotteen vakauden varmistamiseksi.<\/p>\n","protected":false},"excerpt":{"rendered":"<p>SONGMICS riippuva aurinkovarjo, aurinkovarjo, 360\u00b0 k\u00e4\u00e4ntyv\u00e4, terassivarjo \u00d8 300 cm, UV-suoja UPF 50+, kallistuskulma s\u00e4\u00e4dett\u00e4viss\u00e4, puutarhavarjo, kampi ja jalusta, harmaa GPU35GY<\/p>\n","protected":false},"featured_media":40252,"comment_status":"open","ping_status":"closed","template":"","meta":[],"product_brand":[],"product_cat":[32],"product_tag":[],"class_list":{"0":"post-31057","1":"product","2":"type-product","3":"status-publish","4":"has-post-thumbnail","6":"product_cat-uncategorized-fi","8":"first","9":"instock","10":"shipping-taxable","11":"purchasable","12":"product-type-simple"},"_links":{"self":[{"href":"https:\/\/nordicmart.andreevmaster.com\/fi\/wp-json\/wp\/v2\/product\/31057","targetHints":{"allow":["GET"]}}],"collection":[{"href":"https:\/\/nordicmart.andreevmaster.com\/fi\/wp-json\/wp\/v2\/product"}],"about":[{"href":"https:\/\/nordicmart.andreevmaster.com\/fi\/wp-json\/wp\/v2\/types\/product"}],"replies":[{"embeddable":true,"href":"https:\/\/nordicmart.andreevmaster.com\/fi\/wp-json\/wp\/v2\/comments?post=31057"}],"wp:featuredmedia":[{"embeddable":true,"href":"https:\/\/nordicmart.andreevmaster.com\/fi\/wp-json\/wp\/v2\/media\/40252"}],"wp:attachment":[{"href":"https:\/\/nordicmart.andreevmaster.com\/fi\/wp-json\/wp\/v2\/media?parent=31057"}],"wp:term":[{"taxonomy":"product_brand","embeddable":true,"href":"https:\/\/nordicmart.andreevmaster.com\/fi\/wp-json\/wp\/v2\/product_brand?post=31057"},{"taxonomy":"product_cat","embeddable":true,"href":"https:\/\/nordicmart.andreevmaster.com\/fi\/wp-json\/wp\/v2\/product_cat?post=31057"},{"taxonomy":"product_tag","embeddable":true,"href":"https:\/\/nordicmart.andreevmaster.com\/fi\/wp-json\/wp\/v2\/product_tag?post=31057"}],"curies":[{"name":"wp","href":"https:\/\/api.w.org\/{rel}","templated":true}]}}