{"id":31055,"date":"2026-02-27T00:12:11","date_gmt":"2026-02-27T00:12:11","guid":{"rendered":"https:\/\/nordicmart.andreevmaster.com\/product\/songmics-katosvarjo-taupe\/"},"modified":"2026-02-27T09:35:17","modified_gmt":"2026-02-27T09:35:17","slug":"songmics-katosvarjo-taupe","status":"publish","type":"product","link":"https:\/\/nordicmart.andreevmaster.com\/fi\/tuote\/songmics-katosvarjo-taupe\/","title":{"rendered":"SONGMICS-katosvarjo Taupe"},"content":{"rendered":"<p>L\u00e4mmin aurinko, sininen taivas, raikas ilma, kaunis luonto&#8230; Mit\u00e4 viel\u00e4 odotat? Aika rentoutua ulkona! Pelk\u00e4\u00e4tk\u00f6 voimakkaita auringon s\u00e4teit\u00e4? \u00c4l\u00e4 huoli. Avaa vain t\u00e4m\u00e4 SONGMICS:n \u00d8 3 m aurinkovarjo ja nauti kauniista s\u00e4\u00e4st\u00e4 varjossa! Unohtumaton kes\u00e4   Haluatpa sitten ottaa nokoset puutarhassa, sy\u00f6d\u00e4 terassilla yst\u00e4vien kanssa tai nauttia kahvitauosta perheen kanssa ulkona, t\u00e4m\u00e4 aurinkovarjo tekee kaikista suunnitelmistasi totta. Se on valmistettu 180 g\/m\u00b2 polyesterikankaasta ja tarjoaa erinomaisen UV-suojan jopa UPF 50+. Sinun ei siis tarvitse huolehtia siit\u00e4, ett\u00e4 kirkas auringonvalo satuttaa silmi\u00e4si ja punoittaa ihoasi. Seuraa aurinkoa   Viet\u00e4 koko sunnuntai parvekkeella lukemalla hyv\u00e4\u00e4 kirjaa, jotta voit rentouttaa mielesi ja paeta arjen stressi\u00e4. Sinun ei tarvitse siirt\u00e4\u00e4 aurinkovarjoa jatkuvasti pysy\u00e4ksesi varjossa! S\u00e4\u00e4d\u00e4 vain aurinkovarjon kallistuskulmaa, kun aurinko siirtyy. Tuotetiedot: &#8211; V\u00e4ri: taupe &#8211; Materiaali: jauhemaalattu ter\u00e4svarsi, 180 g\/m\u00b2 polyesterikangas &#8211; \u00d8 varjo: 3 m &#8211; Jalustan koko: 100 x 100 cm &#8211; Korkeus: 2,5 m &#8211; Paino: 14 kg Toimitus sis\u00e4lt\u00e4\u00e4:- 1 x riippuva aurinkovarjo &#8211; 1 x jalusta &#8211; 1 x ohjeet (DE, EN, FR, ES, IT) SONGMICS-ohjeet: &#8211; \u00c4l\u00e4 avaa aurinkovarjoa v\u00e4kisin, vaan avaa se varovasti ja hitaasti. &#8211; Sulje aurinkovarjo tuulisina p\u00e4ivin\u00e4 vahingoittumisen est\u00e4miseksi.- Suojaa sateenvarjo suojapeitteell\u00e4 (ei sis\u00e4lly toimitukseen), jotta se kest\u00e4\u00e4 pidemp\u00e4\u00e4n. &#8211; Aseta jalustalle v\u00e4hint\u00e4\u00e4n 60 kg painava esine (ei sis\u00e4lly toimitukseen), jotta tuote pysyy vakaana.<\/p>\n","protected":false},"excerpt":{"rendered":"<p>SONGMICS Ampelschirm, aurinkovarjo jalustalla, puutarhavarjo \u00d8 3 m, aurinkosuoja, avaamiseen ja sulkemiseen kammella, kallistuskulma s\u00e4\u00e4dett\u00e4viss\u00e4, UV-suoja UPF 50+, punainen GPU34RD<\/p>\n","protected":false},"featured_media":40250,"comment_status":"open","ping_status":"closed","template":"","meta":[],"product_brand":[],"product_cat":[32],"product_tag":[],"class_list":{"0":"post-31055","1":"product","2":"type-product","3":"status-publish","4":"has-post-thumbnail","6":"product_cat-uncategorized-fi","8":"first","9":"instock","10":"shipping-taxable","11":"purchasable","12":"product-type-simple"},"_links":{"self":[{"href":"https:\/\/nordicmart.andreevmaster.com\/fi\/wp-json\/wp\/v2\/product\/31055","targetHints":{"allow":["GET"]}}],"collection":[{"href":"https:\/\/nordicmart.andreevmaster.com\/fi\/wp-json\/wp\/v2\/product"}],"about":[{"href":"https:\/\/nordicmart.andreevmaster.com\/fi\/wp-json\/wp\/v2\/types\/product"}],"replies":[{"embeddable":true,"href":"https:\/\/nordicmart.andreevmaster.com\/fi\/wp-json\/wp\/v2\/comments?post=31055"}],"wp:featuredmedia":[{"embeddable":true,"href":"https:\/\/nordicmart.andreevmaster.com\/fi\/wp-json\/wp\/v2\/media\/40250"}],"wp:attachment":[{"href":"https:\/\/nordicmart.andreevmaster.com\/fi\/wp-json\/wp\/v2\/media?parent=31055"}],"wp:term":[{"taxonomy":"product_brand","embeddable":true,"href":"https:\/\/nordicmart.andreevmaster.com\/fi\/wp-json\/wp\/v2\/product_brand?post=31055"},{"taxonomy":"product_cat","embeddable":true,"href":"https:\/\/nordicmart.andreevmaster.com\/fi\/wp-json\/wp\/v2\/product_cat?post=31055"},{"taxonomy":"product_tag","embeddable":true,"href":"https:\/\/nordicmart.andreevmaster.com\/fi\/wp-json\/wp\/v2\/product_tag?post=31055"}],"curies":[{"name":"wp","href":"https:\/\/api.w.org\/{rel}","templated":true}]}}