{"id":31048,"date":"2026-02-27T00:12:09","date_gmt":"2026-02-27T00:12:09","guid":{"rendered":"https:\/\/nordicmart.andreevmaster.com\/product\/songmics-puolipyorea-aurinkovarjo-o-270-cm-taupe\/"},"modified":"2026-02-27T09:35:15","modified_gmt":"2026-02-27T09:35:15","slug":"songmics-puolipyorea-aurinkovarjo-o-270-cm-taupe","status":"publish","type":"product","link":"https:\/\/nordicmart.andreevmaster.com\/fi\/tuote\/songmics-puolipyorea-aurinkovarjo-o-270-cm-taupe\/","title":{"rendered":"SONGMICS puolipy\u00f6re\u00e4 aurinkovarjo \u00d8 270 cm taupe"},"content":{"rendered":"<p>L\u00e4mmin aurinko, sininen taivas, raikas ilma, kaunis luonto&#8230; Mit\u00e4 viel\u00e4 odotat? Aika rentoutua ulkona! Pelk\u00e4\u00e4tk\u00f6 voimakkaita auringon s\u00e4teit\u00e4? \u00c4l\u00e4 huoli. Avaa vain t\u00e4m\u00e4 SONGMICS-aurinkovarjo ja nauti kauniista s\u00e4\u00e4st\u00e4 varjossa! Erityisesti parvekkeelle suunniteltu: t\u00e4m\u00e4 \u00d8 2,7 m aurinkovarjo voidaan asettaa sein\u00e4\u00e4 vasten puolipy\u00f6re\u00e4n muotonsa ansiosta. N\u00e4in se antaa enemm\u00e4n varjoa kuin perinteiset py\u00f6re\u00e4t varjot. Voit my\u00f6s sijoittaa sen ikkunan eteen est\u00e4m\u00e4\u00e4n liian voimakkaiden auringon s\u00e4teiden p\u00e4\u00e4syn taloon.My\u00f6s voimakkaassa auringonpaisteessa: Haluatko perua lounastapaamisen yst\u00e4vien kanssa terassillasi vain siksi, ett\u00e4 aurinko paistaa liian voimakkaasti? Hanki t\u00e4m\u00e4 180 g\/m\u00b2 polyesterikankaasta valmistettu aurinkovarjo, joka tarjoaa erinomaisen UV-suojan jopa UPF 50+ -tasolle asti. Suojaa silm\u00e4si kirkkaalta auringonvalolta ja ihosi ik\u00e4vilt\u00e4 auringonpolttamilta. Varjokangas on my\u00f6s v\u00e4rinkest\u00e4v\u00e4! Tuotetiedot: V\u00e4ri: Taupe Materiaali: Jauhemaalattu ter\u00e4s, 180 g\/m\u00b2 polyesterikangas Korkeus: 2,4 m \u00d8 Varjo: 2,7 m \u00d8 Varjomasto: 38 mm Paino: 5,1 kg Toimitus sis\u00e4lt\u00e4\u00e4: 1 x aurinkovarjo 1 x ohjeet SONGICSin huomautukset:Sateenvarjotelinett\u00e4 ei toimiteta mukana. Sulje sateenvarjo y\u00f6ll\u00e4 ja tuulisina p\u00e4ivin\u00e4. T\u00e4t\u00e4 sateenvarjoa ei suositella k\u00e4ytett\u00e4v\u00e4ksi sateisella s\u00e4\u00e4ll\u00e4.<\/p>\n","protected":false},"excerpt":{"rendered":"<p>SONGMICS aurinkovarjo, \u00d8 270 cm, puolipy\u00f6re\u00e4, markkinavarjo, UV-suoja UPF 50+, puutarhavarjo, terassivarjo, parvekkevarjo, ilman jalustaa, puutarhaan, parvekkeelle ja terassille, taupe GPU31BR<\/p>\n","protected":false},"featured_media":40243,"comment_status":"open","ping_status":"closed","template":"","meta":[],"product_brand":[],"product_cat":[32],"product_tag":[],"class_list":{"0":"post-31048","1":"product","2":"type-product","3":"status-publish","4":"has-post-thumbnail","6":"product_cat-uncategorized-fi","8":"first","9":"instock","10":"shipping-taxable","11":"purchasable","12":"product-type-simple"},"_links":{"self":[{"href":"https:\/\/nordicmart.andreevmaster.com\/fi\/wp-json\/wp\/v2\/product\/31048","targetHints":{"allow":["GET"]}}],"collection":[{"href":"https:\/\/nordicmart.andreevmaster.com\/fi\/wp-json\/wp\/v2\/product"}],"about":[{"href":"https:\/\/nordicmart.andreevmaster.com\/fi\/wp-json\/wp\/v2\/types\/product"}],"replies":[{"embeddable":true,"href":"https:\/\/nordicmart.andreevmaster.com\/fi\/wp-json\/wp\/v2\/comments?post=31048"}],"wp:featuredmedia":[{"embeddable":true,"href":"https:\/\/nordicmart.andreevmaster.com\/fi\/wp-json\/wp\/v2\/media\/40243"}],"wp:attachment":[{"href":"https:\/\/nordicmart.andreevmaster.com\/fi\/wp-json\/wp\/v2\/media?parent=31048"}],"wp:term":[{"taxonomy":"product_brand","embeddable":true,"href":"https:\/\/nordicmart.andreevmaster.com\/fi\/wp-json\/wp\/v2\/product_brand?post=31048"},{"taxonomy":"product_cat","embeddable":true,"href":"https:\/\/nordicmart.andreevmaster.com\/fi\/wp-json\/wp\/v2\/product_cat?post=31048"},{"taxonomy":"product_tag","embeddable":true,"href":"https:\/\/nordicmart.andreevmaster.com\/fi\/wp-json\/wp\/v2\/product_tag?post=31048"}],"curies":[{"name":"wp","href":"https:\/\/api.w.org\/{rel}","templated":true}]}}