{"id":31045,"date":"2026-02-27T00:12:09","date_gmt":"2026-02-27T00:12:09","guid":{"rendered":"https:\/\/nordicmart.andreevmaster.com\/product\/290-cmn-aurinkovarjo-upf-50-aurinkosuoja-30-kallistus-kahteen-suuntaan-kasikayttoinen-avaus-ja-sulkeminen-ulkokayttoon-puutarhaan-uima-altaalle-parvekkeelle-terassille-jalusta-ei-sisa\/"},"modified":"2026-02-27T09:35:15","modified_gmt":"2026-02-27T09:35:15","slug":"290-cmn-aurinkovarjo-upf-50-aurinkosuoja-30-kallistus-kahteen-suuntaan-kasikayttoinen-avaus-ja-sulkeminen-ulkokayttoon-puutarhaan-uima-altaalle-parvekkeelle-terassille-jalusta-ei-sisa","status":"publish","type":"product","link":"https:\/\/nordicmart.andreevmaster.com\/fi\/tuote\/290-cmn-aurinkovarjo-upf-50-aurinkosuoja-30-kallistus-kahteen-suuntaan-kasikayttoinen-avaus-ja-sulkeminen-ulkokayttoon-puutarhaan-uima-altaalle-parvekkeelle-terassille-jalusta-ei-sisa\/","title":{"rendered":"290 cm:n aurinkovarjo, UPF 50+, aurinkosuoja, 30\u00b0 kallistus kahteen suuntaan, k\u00e4sik\u00e4ytt\u00f6inen avaus ja sulkeminen, ulkok\u00e4ytt\u00f6\u00f6n puutarhaan, uima-altaalle, parvekkeelle, terassille, jalusta ei sis\u00e4lly toimitukseen, harmaa GPU30GYV1"},"content":{"rendered":"<p>[Let at \u00e5bne og lukke] Du skal blot dreje p\u00e5 h\u00e5ndsvinget for at \u00e5bne og lukke denne parasolparaply. Hurtigt og nemt!<\/p>\n<p>[Dobbeltsidet h\u00e6ldning] Parasollens baldakin kan vippe 30\u00b0 i 2 modsatte retninger &#8211; du skal blot trykke p\u00e5 knappen p\u00e5 leddet for at vippe den. Sinkkiseosnivel on vahvempi ja turvallisempi kuin tavalliset alumiiniseokset.<\/p>\n<p>[Suojaa auringolta ja sateelta] Sateenvarjon 180 g\/m\u00b2 polyesterikangas, jossa on UPF 50+ -aurinkosuoja, est\u00e4\u00e4 yli 98 % UV-s\u00e4teist\u00e4. Se on my\u00f6s vett\u00e4 hylkiv\u00e4, joten se suojaa sinua sateelta.<\/p>\n<p>[Vankat ja kest\u00e4v\u00e4t ripat] T\u00e4m\u00e4n puutarhaparapelin ripat ovat vahvat ja kest\u00e4v\u00e4t, koska ne on valmistettu jauhemaalatusta laadukkaasta ter\u00e4ksest\u00e4, joka on ruostumatonta ja pitk\u00e4ik\u00e4ist\u00e4.[Sopii eri paikkoihin] T\u00e4m\u00e4 halkaisijaltaan 290 cm:n puutarhaparaply voi tarjota varjoa 4\u20136 hengelle puutarhassa, terassilla, uima-altaalla, parvekkeella tai muissa paikoissa. Nauti kauniista s\u00e4\u00e4st\u00e4 varjossa! Ulkona vietett\u00e4v\u00e4 kausi on alkanut, ja on aika ottaa puutarha, terassi tai ranta haltuun! Mutta ole varovainen! \u00c4l\u00e4 unohda riitt\u00e4v\u00e4\u00e4 aurinkosuojaa! Kun vihdoin saat ulkotilasi takaisin pitk\u00e4n, kylm\u00e4n talven j\u00e4lkeen ja kutsut yst\u00e4v\u00e4si grillijuhliin, on t\u00e4ydellinen hetki k\u00e4ytt\u00e4\u00e4 uutta SONGMICS-aurinkovarjoasi! Kes\u00e4n v\u00e4ltt\u00e4m\u00e4t\u00f6n varuste T\u00e4m\u00e4 aurinkovarjo voidaan taittaa vasemmalle ja oikealle. N\u00e4in voit s\u00e4\u00e4t\u00e4\u00e4 sen p\u00e4iv\u00e4najan ja valon kulman mukaan. Aurinkovarjon halkaisija on 3 metri\u00e4 ja korkeus 2,4 metri\u00e4. Aurinkovarjon alle mahtuu siis 4\u20136 henkil\u00f6\u00e4. P\u00e4iv\u00e4nvarjon varsi on valmistettu ruostumattomasta ter\u00e4ksest\u00e4. Kest\u00e4v\u00e4 ja kulutusta kest\u00e4v\u00e4 suojakangas UV-suojakangas (UPF 50+) on valmistettu 100 % polyesterist\u00e4, se on vett\u00e4 hylkiv\u00e4 ja v\u00e4rinkest\u00e4v\u00e4. Siin\u00e4 on my\u00f6s useita tuuletusaukkoja. T\u00e4m\u00e4 tekee puutarhaparasolista tuulen kest\u00e4v\u00e4mm\u00e4n. Suojakangas on my\u00f6s irrotettava ja voidaan pest\u00e4 k\u00e4sin. Tuotetiedot: &#8211; V\u00e4ri: harmaa &#8211; Materiaali: jauhemaalattu ter\u00e4s, 180 g\/m\u00b2 polyesteri &#8211; Korkeus: 2,4 m &#8211; Parasolin halkaisija: 3 m &#8211; Parasolin tangon halkaisija: 36\/38 mm, paksuus: 1 mm &#8211; Paino: 6,2 kg Toimitus sis\u00e4lt\u00e4\u00e4: &#8211; 1 x aurinkovarjo SONGICS Huomautukset: &#8211; Aurinkovarjon jalustaa ei toimiteta mukana. &#8211; Sulje aurinkovarjo y\u00f6ll\u00e4 ja kovalla tuulella. &#8211; T\u00e4t\u00e4 aurinkovarjoa ei suositella k\u00e4ytett\u00e4v\u00e4ksi sateella.<\/p>\n","protected":false},"excerpt":{"rendered":"<p>[Let at \u00e5bne og lukke] Du skal blot dreje p\u00e5 h\u00e5ndsvinget for at \u00e5bne og lukke denne parasolparaply. Hurtigt og nemt! [Dobbeltsidet h\u00e6ldning] Parasollens baldakin kan vippe 30\u00b0 i 2 modsatte retninger &#8211; du skal blot trykke p\u00e5 knappen p\u00e5 leddet for at vippe den. Sinkkiseosnivel on vahvempi ja turvallisempi kuin tavalliset alumiiniseokset. [Suojaa auringolta [&hellip;]<\/p>\n","protected":false},"featured_media":0,"comment_status":"open","ping_status":"closed","template":"","meta":[],"product_brand":[],"product_cat":[32],"product_tag":[],"class_list":{"0":"post-31045","1":"product","2":"type-product","3":"status-publish","5":"product_cat-uncategorized-fi","7":"first","8":"instock","9":"shipping-taxable","10":"product-type-simple"},"_links":{"self":[{"href":"https:\/\/nordicmart.andreevmaster.com\/fi\/wp-json\/wp\/v2\/product\/31045","targetHints":{"allow":["GET"]}}],"collection":[{"href":"https:\/\/nordicmart.andreevmaster.com\/fi\/wp-json\/wp\/v2\/product"}],"about":[{"href":"https:\/\/nordicmart.andreevmaster.com\/fi\/wp-json\/wp\/v2\/types\/product"}],"replies":[{"embeddable":true,"href":"https:\/\/nordicmart.andreevmaster.com\/fi\/wp-json\/wp\/v2\/comments?post=31045"}],"wp:attachment":[{"href":"https:\/\/nordicmart.andreevmaster.com\/fi\/wp-json\/wp\/v2\/media?parent=31045"}],"wp:term":[{"taxonomy":"product_brand","embeddable":true,"href":"https:\/\/nordicmart.andreevmaster.com\/fi\/wp-json\/wp\/v2\/product_brand?post=31045"},{"taxonomy":"product_cat","embeddable":true,"href":"https:\/\/nordicmart.andreevmaster.com\/fi\/wp-json\/wp\/v2\/product_cat?post=31045"},{"taxonomy":"product_tag","embeddable":true,"href":"https:\/\/nordicmart.andreevmaster.com\/fi\/wp-json\/wp\/v2\/product_tag?post=31045"}],"curies":[{"name":"wp","href":"https:\/\/api.w.org\/{rel}","templated":true}]}}