{"id":31039,"date":"2026-02-27T00:12:07","date_gmt":"2026-02-27T00:12:07","guid":{"rendered":"https:\/\/nordicmart.andreevmaster.com\/product\/songmics-aurinkovarjo-suorakulmainen-beige\/"},"modified":"2026-02-27T09:35:14","modified_gmt":"2026-02-27T09:35:14","slug":"songmics-aurinkovarjo-suorakulmainen-beige","status":"publish","type":"product","link":"https:\/\/nordicmart.andreevmaster.com\/fi\/tuote\/songmics-aurinkovarjo-suorakulmainen-beige\/","title":{"rendered":"SONGMICS aurinkovarjo, suorakulmainen, beige"},"content":{"rendered":"<p>L\u00e4mmin aurinko, sininen taivas, raikas ilma, kaunis luonto&#8230; Mit\u00e4 viel\u00e4 odotat? Aika rentoutua parvekkeella! Pelk\u00e4\u00e4tk\u00f6 voimakkaita auringon s\u00e4teit\u00e4? \u00c4l\u00e4 huoli. Avaa vain t\u00e4m\u00e4 SONGMICS-aurinkovarjo ja nauti kauniista s\u00e4\u00e4st\u00e4 varjossa! T\u00e4m\u00e4n aurinkovarjon kohokohdat: T\u00e4m\u00e4 suorakulmainen, 3 x 2 m:n kokoinen aurinkovarjo sopii t\u00e4ydellisesti parvekkeelle. Tarjoaa erinomaisen UV-suojan. Taivutusominaisuuden ansiosta voit kallistaa puutarhavarjon niin, ett\u00e4 se heitt\u00e4\u00e4 varjon aina oikeaan kohtaan. Varjon varsi on valmistettu tukevasta py\u00f6kkipuusta. 6 varjon tukiripaa on valmistettu korkealaatuisesta ja kest\u00e4v\u00e4st\u00e4 kovapuusta. 180 g\/m\u00b2 polyesterikangasta on pitk\u00e4ik\u00e4inen. Sateenvarjo on helppo avata ja sulkea k\u00e4yt\u00e4nn\u00f6llisen k\u00f6yden avulla. Sateenvarjon varsi koostuu kahdesta tangosta, jotka on helppo ruuvata yhteen. Puurakenteinen sateenvarjo tuo puutarhaan l\u00e4mpim\u00e4n tunnelman. Tuotetiedot:V\u00e4ri: beige Materiaali: sateenvarjon varsi py\u00f6kkipuusta, sateenvarjon s\u00e4teet kovapuusta, 180 g\/m\u00b2 polyesterikangas Sateenvarjon kangas: 3 x 2 m (P x L) Paino: 10,3 kg Toimitus sis\u00e4lt\u00e4\u00e4: 1 x sateenvarjo 1 x ohjeet SONGICSin huomautukset:Sateenvarjotelinett\u00e4 ei toimiteta mukana. \u00c4l\u00e4 avaa sateenvarjoa v\u00e4kisin, vaan avaa se varovasti ja hitaasti. Sulje sateenvarjo tuulisina p\u00e4ivin\u00e4 vahingoittumisen est\u00e4miseksi. Suojaa tuote suojapeitteell\u00e4 (ei sis\u00e4lly toimitukseen), jotta se kest\u00e4\u00e4 k\u00e4yt\u00f6ss\u00e4 pidemp\u00e4\u00e4n.Ole varovainen, kun k\u00e4yt\u00e4t aurinkovarjon taittomekanismia, jotta et purista sormiasi.<\/p>\n","protected":false},"excerpt":{"rendered":"<p>SONGMICS aurinkovarjo parvekkeelle, 200 x 125 cm, suorakulmainen parvekkeelle, aurinkosuoja UPF 50+, varjopylv\u00e4s, puiset varjokaaret, taittuva, ilman jalustaa, puutarha, ulkok\u00e4ytt\u00f6, beige GPU26BE<\/p>\n","protected":false},"featured_media":40236,"comment_status":"open","ping_status":"closed","template":"","meta":[],"product_brand":[],"product_cat":[32],"product_tag":[],"class_list":{"0":"post-31039","1":"product","2":"type-product","3":"status-publish","4":"has-post-thumbnail","6":"product_cat-uncategorized-fi","8":"first","9":"instock","10":"shipping-taxable","11":"purchasable","12":"product-type-simple"},"_links":{"self":[{"href":"https:\/\/nordicmart.andreevmaster.com\/fi\/wp-json\/wp\/v2\/product\/31039","targetHints":{"allow":["GET"]}}],"collection":[{"href":"https:\/\/nordicmart.andreevmaster.com\/fi\/wp-json\/wp\/v2\/product"}],"about":[{"href":"https:\/\/nordicmart.andreevmaster.com\/fi\/wp-json\/wp\/v2\/types\/product"}],"replies":[{"embeddable":true,"href":"https:\/\/nordicmart.andreevmaster.com\/fi\/wp-json\/wp\/v2\/comments?post=31039"}],"wp:featuredmedia":[{"embeddable":true,"href":"https:\/\/nordicmart.andreevmaster.com\/fi\/wp-json\/wp\/v2\/media\/40236"}],"wp:attachment":[{"href":"https:\/\/nordicmart.andreevmaster.com\/fi\/wp-json\/wp\/v2\/media?parent=31039"}],"wp:term":[{"taxonomy":"product_brand","embeddable":true,"href":"https:\/\/nordicmart.andreevmaster.com\/fi\/wp-json\/wp\/v2\/product_brand?post=31039"},{"taxonomy":"product_cat","embeddable":true,"href":"https:\/\/nordicmart.andreevmaster.com\/fi\/wp-json\/wp\/v2\/product_cat?post=31039"},{"taxonomy":"product_tag","embeddable":true,"href":"https:\/\/nordicmart.andreevmaster.com\/fi\/wp-json\/wp\/v2\/product_tag?post=31039"}],"curies":[{"name":"wp","href":"https:\/\/api.w.org\/{rel}","templated":true}]}}