{"id":31037,"date":"2026-02-27T00:12:07","date_gmt":"2026-02-27T00:12:07","guid":{"rendered":"https:\/\/nordicmart.andreevmaster.com\/product\/songmics-aurinkovarjo-o-270-cm\/"},"modified":"2026-02-27T09:35:13","modified_gmt":"2026-02-27T09:35:13","slug":"songmics-aurinkovarjo-o-270-cm","status":"publish","type":"product","link":"https:\/\/nordicmart.andreevmaster.com\/fi\/tuote\/songmics-aurinkovarjo-o-270-cm\/","title":{"rendered":"SONGMICS aurinkovarjo \u00d8 270 cm"},"content":{"rendered":"<p>Nauti kauniista s\u00e4\u00e4st\u00e4 varjossa!   Ulkona vietett\u00e4v\u00e4 kausi on alkanut, ja on aika valloittaa puutarha, terassi tai ranta! Mutta varo! Muista hankkia riitt\u00e4v\u00e4 aurinkosuoja! Kun vihdoin saat takaisin ulkotilasi pitk\u00e4n, kylm\u00e4n talven j\u00e4lkeen ja kutsut yst\u00e4v\u00e4si grillijuhliin, on tullut t\u00e4ydellinen hetki ottaa k\u00e4ytt\u00f6\u00f6n uusi SONGMICS-aurinkovarjosi! Kes\u00e4n v\u00e4ltt\u00e4m\u00e4t\u00f6n varuste   T\u00e4m\u00e4 aurinkovarjo voidaan taivuttaa vasemmalle ja oikealle. N\u00e4in voit s\u00e4\u00e4t\u00e4\u00e4 sit\u00e4 p\u00e4iv\u00e4najan ja valon tulokulman mukaan. Varjon halkaisija on 270 cm ja korkeus 240 cm. Aurinkovarjon alle mahtuu siis 4\u20136 henkil\u00f6\u00e4. Aurinkovarjon masto on ruostumatonta ter\u00e4st\u00e4. Kest\u00e4v\u00e4 ja pitk\u00e4ik\u00e4inen suojakangas   UV-suojakangas (UPF 50+) on valmistettu 100 % polyesterist\u00e4, se on vett\u00e4 hylkiv\u00e4 ja v\u00e4rinkest\u00e4v\u00e4. Lis\u00e4ksi siin\u00e4 on muutamia tuuletusaukkoja. N\u00e4in puutarhaparapyyhe kest\u00e4\u00e4 paremmin tuulta. Suojakangas on irrotettava ja se voidaan pest\u00e4 k\u00e4sin. Tuotetiedot:- V\u00e4ri: harmaa &#8211; Materiaali: metallinen varjostimen varsi ja varjostimen rivat, 180 g\/\u33a1 polyesterikangas &#8211; Korkeus: 240 cm &#8211; Varjostimen halkaisija: 270 cm &#8211; Varjostimen varren halkaisija: 38 mm &#8211; Paino: 6 kg Toimitus sis\u00e4lt\u00e4\u00e4: &#8211; 1 x aurinkovarjo &#8211; 1 x ohjeet (DE, EN, FR, ES, IT) SONGMICS Huomautukset:- Varjostimen jalustaa ei toimiteta mukana. &#8211; Sulje varjostin y\u00f6ll\u00e4 ja kovalla tuulella. &#8211; T\u00e4t\u00e4 varjostinta ei suositella k\u00e4ytett\u00e4v\u00e4ksi sateisella s\u00e4\u00e4ll\u00e4.<\/p>\n","protected":false},"excerpt":{"rendered":"<p>SONGMICS aurinkovarjo, \u00d8 270 cm, puutarhavarjo, markkinavarjo, UV-suoja UPF 50+, terassivarjo, aurinkosuoja, taittuva, kampi, ilman jalustaa, puutarha, parveke, terassi, beige GPU27BE<\/p>\n","protected":false},"featured_media":40234,"comment_status":"open","ping_status":"closed","template":"","meta":[],"product_brand":[],"product_cat":[32],"product_tag":[],"class_list":{"0":"post-31037","1":"product","2":"type-product","3":"status-publish","4":"has-post-thumbnail","6":"product_cat-uncategorized-fi","8":"first","9":"instock","10":"shipping-taxable","11":"purchasable","12":"product-type-simple"},"_links":{"self":[{"href":"https:\/\/nordicmart.andreevmaster.com\/fi\/wp-json\/wp\/v2\/product\/31037","targetHints":{"allow":["GET"]}}],"collection":[{"href":"https:\/\/nordicmart.andreevmaster.com\/fi\/wp-json\/wp\/v2\/product"}],"about":[{"href":"https:\/\/nordicmart.andreevmaster.com\/fi\/wp-json\/wp\/v2\/types\/product"}],"replies":[{"embeddable":true,"href":"https:\/\/nordicmart.andreevmaster.com\/fi\/wp-json\/wp\/v2\/comments?post=31037"}],"wp:featuredmedia":[{"embeddable":true,"href":"https:\/\/nordicmart.andreevmaster.com\/fi\/wp-json\/wp\/v2\/media\/40234"}],"wp:attachment":[{"href":"https:\/\/nordicmart.andreevmaster.com\/fi\/wp-json\/wp\/v2\/media?parent=31037"}],"wp:term":[{"taxonomy":"product_brand","embeddable":true,"href":"https:\/\/nordicmart.andreevmaster.com\/fi\/wp-json\/wp\/v2\/product_brand?post=31037"},{"taxonomy":"product_cat","embeddable":true,"href":"https:\/\/nordicmart.andreevmaster.com\/fi\/wp-json\/wp\/v2\/product_cat?post=31037"},{"taxonomy":"product_tag","embeddable":true,"href":"https:\/\/nordicmart.andreevmaster.com\/fi\/wp-json\/wp\/v2\/product_tag?post=31037"}],"curies":[{"name":"wp","href":"https:\/\/api.w.org\/{rel}","templated":true}]}}