{"id":31034,"date":"2026-02-27T00:12:06","date_gmt":"2026-02-27T00:12:06","guid":{"rendered":"https:\/\/nordicmart.andreevmaster.com\/product\/songmics-aurinkovarjo-puutarhaan-beige\/"},"modified":"2026-02-27T09:35:13","modified_gmt":"2026-02-27T09:35:13","slug":"songmics-aurinkovarjo-puutarhaan-beige","status":"publish","type":"product","link":"https:\/\/nordicmart.andreevmaster.com\/fi\/tuote\/songmics-aurinkovarjo-puutarhaan-beige\/","title":{"rendered":"SONGMICS aurinkovarjo puutarhaan, beige"},"content":{"rendered":"<p>L\u00e4mmin aurinko, sininen taivas, raikas ilma, kaunis luonto&#8230; Mit\u00e4 viel\u00e4 odotat? Aika rentoutua puutarhassa! Pelk\u00e4\u00e4tk\u00f6 voimakkaita auringon s\u00e4teit\u00e4? \u00c4l\u00e4 huoli. Avaa vain t\u00e4m\u00e4 SONGMICS-aurinkovarjo ja nauti kauniista s\u00e4\u00e4st\u00e4 varjossa! T\u00e4m\u00e4n aurinkovarjon kohokohdat:T\u00e4m\u00e4n \u00d8 2,7 m:n aurinkovarjon alle mahtuu 4\u20136 henkil\u00f6\u00e4. Tarjoaa erinomaisen UV-suojan. Taivutusominaisuuden ansiosta voit kallistaa puutarhavarjon niin, ett\u00e4 se heitt\u00e4\u00e4 varjon aina oikeaan kohtaan. Varjon varsi on valmistettu tukevasta py\u00f6kkipuusta. 8 varjon tukiripaa on valmistettu korkealaatuisesta ja kest\u00e4v\u00e4st\u00e4 kovapuusta. 180 g\/m\u00b2 polyesterikangasta on pitk\u00e4ik\u00e4inen. Sateenvarjo on helppo avata ja sulkea k\u00e4yt\u00e4nn\u00f6llisen k\u00f6yden avulla. Sateenvarjon varsi koostuu kahdesta tangosta, jotka on helppo ruuvata yhteen. Puurakenteinen sateenvarjo tuo puutarhaan l\u00e4mpim\u00e4n tunnelman. Tuotetiedot:V\u00e4ri: beige Materiaali: sateenvarjon varsi py\u00f6kkipuusta, sateenvarjon s\u00e4teet kovapuusta, 180 g\/m\u00b2 polyesterikangas Sateenvarjon halkaisija: 2,7 m Paino: 8 kg Toimitus sis\u00e4lt\u00e4\u00e4: 1 x sateenvarjo 1 x ohjeet SONGICSin huomautukset: Sateenvarjon jalustaa ei toimiteta mukana. \u00c4l\u00e4 avaa sateenvarjoa v\u00e4kisin, vaan avaa se varovasti ja hitaasti.Sulje aurinkovarjo tuulisina p\u00e4ivin\u00e4 vahingoittumisen est\u00e4miseksi. Suojaa tuote suojapeitteell\u00e4 (ei sis\u00e4lly toimitukseen) sen k\u00e4ytt\u00f6i\u00e4n pident\u00e4miseksi. Ole varovainen aurinkovarjon taittomekanismia k\u00e4ytett\u00e4ess\u00e4, jotta et purista sormiasi.<\/p>\n","protected":false},"excerpt":{"rendered":"<p>SONGMICS aurinkovarjo 300 cm, kahdeksankulmainen puutarhavarjo, aurinkosuoja UPF 50+, varjomasto ja varjokaaret puusta, taittuva, ilman jalustaa, ulkok\u00e4ytt\u00f6\u00f6n, parveke, terassi, harmaa GPU32GY<\/p>\n","protected":false},"featured_media":40231,"comment_status":"open","ping_status":"closed","template":"","meta":[],"product_brand":[],"product_cat":[32],"product_tag":[],"class_list":{"0":"post-31034","1":"product","2":"type-product","3":"status-publish","4":"has-post-thumbnail","6":"product_cat-uncategorized-fi","8":"first","9":"instock","10":"shipping-taxable","11":"purchasable","12":"product-type-simple"},"_links":{"self":[{"href":"https:\/\/nordicmart.andreevmaster.com\/fi\/wp-json\/wp\/v2\/product\/31034","targetHints":{"allow":["GET"]}}],"collection":[{"href":"https:\/\/nordicmart.andreevmaster.com\/fi\/wp-json\/wp\/v2\/product"}],"about":[{"href":"https:\/\/nordicmart.andreevmaster.com\/fi\/wp-json\/wp\/v2\/types\/product"}],"replies":[{"embeddable":true,"href":"https:\/\/nordicmart.andreevmaster.com\/fi\/wp-json\/wp\/v2\/comments?post=31034"}],"wp:featuredmedia":[{"embeddable":true,"href":"https:\/\/nordicmart.andreevmaster.com\/fi\/wp-json\/wp\/v2\/media\/40231"}],"wp:attachment":[{"href":"https:\/\/nordicmart.andreevmaster.com\/fi\/wp-json\/wp\/v2\/media?parent=31034"}],"wp:term":[{"taxonomy":"product_brand","embeddable":true,"href":"https:\/\/nordicmart.andreevmaster.com\/fi\/wp-json\/wp\/v2\/product_brand?post=31034"},{"taxonomy":"product_cat","embeddable":true,"href":"https:\/\/nordicmart.andreevmaster.com\/fi\/wp-json\/wp\/v2\/product_cat?post=31034"},{"taxonomy":"product_tag","embeddable":true,"href":"https:\/\/nordicmart.andreevmaster.com\/fi\/wp-json\/wp\/v2\/product_tag?post=31034"}],"curies":[{"name":"wp","href":"https:\/\/api.w.org\/{rel}","templated":true}]}}