{"id":31030,"date":"2026-02-27T00:12:06","date_gmt":"2026-02-27T00:12:06","guid":{"rendered":"https:\/\/nordicmart.andreevmaster.com\/product\/songmics-aurinkovarjo-parvekkeelle\/"},"modified":"2026-02-27T09:35:12","modified_gmt":"2026-02-27T09:35:12","slug":"songmics-aurinkovarjo-parvekkeelle","status":"publish","type":"product","link":"https:\/\/nordicmart.andreevmaster.com\/fi\/tuote\/songmics-aurinkovarjo-parvekkeelle\/","title":{"rendered":"SONGMICS aurinkovarjo parvekkeelle"},"content":{"rendered":"<p>L\u00e4mmin aurinko, sininen taivas, raikas ilma, kaunis luonto&#8230; Mit\u00e4 viel\u00e4 odotat? Aika rentoutua parvekkeella! Pelk\u00e4\u00e4tk\u00f6 voimakkaita auringon s\u00e4teit\u00e4? \u00c4l\u00e4 huoli. Avaa vain t\u00e4m\u00e4 SONGMICS-aurinkovarjo ja nauti kauniista s\u00e4\u00e4st\u00e4 varjossa! T\u00e4m\u00e4n aurinkovarjon kohokohdat: &#8211; T\u00e4m\u00e4 suorakulmainen, 200 x 125 cm kokoinen aurinkovarjo sopii t\u00e4ydellisesti parvekkeelle &#8211; Tarjoaa erinomaisen UV-suojan jopa UPF 50+ &#8211; Taivutusominaisuuden ansiosta voit kallistaa puutarhavarjon niin, ett\u00e4 se heitt\u00e4\u00e4 varjon aina oikeaan kohtaan &#8211; Varjostimen varsi on valmistettu tukevasta py\u00f6kkipuusta &#8211; 6 varjostimen ripaa on valmistettu korkealaatuisesta ja kest\u00e4v\u00e4st\u00e4 kovapuusta &#8211; 180 g\/m\u00b2 polyesterikankaasta valmistettu aurinkokangas takaa pitk\u00e4n k\u00e4ytt\u00f6i\u00e4n &#8211; Varjostin on helppo avata ja sulkea k\u00e4yt\u00e4nn\u00f6llisen k\u00f6yden avulla &#8211; Varjostimen varsi koostuu kahdesta tangosta, jotka voidaan helposti ruuvata yhteen &#8211; Puurakenteinen varjostin tuo puutarhaan l\u00e4mpim\u00e4n tunnelman Tuotetiedot: &#8211; V\u00e4ri: beige &#8211; Materiaali: varjostimen varsi py\u00f6kkipuuta, varjostimen s\u00e4teet kovapuuta, 180 g\/m\u00b2 polyesterikangas &#8211; Korkeus: 2,35 m &#8211; Sateenvarjon kangas: 200 x 125 cm &#8211; Sateenvarjon varren halkaisija: 38 mm &#8211; Paino: 6 kg Toimitus sis\u00e4lt\u00e4\u00e4: &#8211; 1 x sateenvarjo &#8211; 1 x ohjeet (DE, EN, FR, ES, IT) SONGMICS Huomautukset:- Sateenvarjotelinett\u00e4 ei toimiteta mukana. &#8211; \u00c4l\u00e4 avaa sateenvarjoa v\u00e4kisin, vaan avaa se varovasti ja hitaasti. &#8211; Sulje sateenvarjo tuulisina p\u00e4ivin\u00e4 vahingoittumisen est\u00e4miseksi. &#8211; Suojaa tuote suojapeitteell\u00e4 (ei sis\u00e4lly toimitukseen), jotta se kest\u00e4\u00e4 k\u00e4yt\u00f6ss\u00e4 pidemp\u00e4\u00e4n.<\/p>\n","protected":false},"excerpt":{"rendered":"<p>SONGMICS aurinkovarjo parvekkeelle, 200 x 125 cm, suorakulmainen parvekkeelle, aurinkosuoja UPF 50+, varjopylv\u00e4s, puiset varjokaaret, taittuva, ilman jalustaa, puutarha, ulkok\u00e4ytt\u00f6, beige GPU26BE<\/p>\n","protected":false},"featured_media":40227,"comment_status":"open","ping_status":"closed","template":"","meta":[],"product_brand":[],"product_cat":[32],"product_tag":[],"class_list":{"0":"post-31030","1":"product","2":"type-product","3":"status-publish","4":"has-post-thumbnail","6":"product_cat-uncategorized-fi","8":"first","9":"instock","10":"shipping-taxable","11":"purchasable","12":"product-type-simple"},"_links":{"self":[{"href":"https:\/\/nordicmart.andreevmaster.com\/fi\/wp-json\/wp\/v2\/product\/31030","targetHints":{"allow":["GET"]}}],"collection":[{"href":"https:\/\/nordicmart.andreevmaster.com\/fi\/wp-json\/wp\/v2\/product"}],"about":[{"href":"https:\/\/nordicmart.andreevmaster.com\/fi\/wp-json\/wp\/v2\/types\/product"}],"replies":[{"embeddable":true,"href":"https:\/\/nordicmart.andreevmaster.com\/fi\/wp-json\/wp\/v2\/comments?post=31030"}],"wp:featuredmedia":[{"embeddable":true,"href":"https:\/\/nordicmart.andreevmaster.com\/fi\/wp-json\/wp\/v2\/media\/40227"}],"wp:attachment":[{"href":"https:\/\/nordicmart.andreevmaster.com\/fi\/wp-json\/wp\/v2\/media?parent=31030"}],"wp:term":[{"taxonomy":"product_brand","embeddable":true,"href":"https:\/\/nordicmart.andreevmaster.com\/fi\/wp-json\/wp\/v2\/product_brand?post=31030"},{"taxonomy":"product_cat","embeddable":true,"href":"https:\/\/nordicmart.andreevmaster.com\/fi\/wp-json\/wp\/v2\/product_cat?post=31030"},{"taxonomy":"product_tag","embeddable":true,"href":"https:\/\/nordicmart.andreevmaster.com\/fi\/wp-json\/wp\/v2\/product_tag?post=31030"}],"curies":[{"name":"wp","href":"https:\/\/api.w.org\/{rel}","templated":true}]}}