{"id":31029,"date":"2026-02-27T00:12:05","date_gmt":"2026-02-27T00:12:05","guid":{"rendered":"https:\/\/nordicmart.andreevmaster.com\/product\/songmics-200-x-125-cm-aurinkovarjo-punainen\/"},"modified":"2026-02-27T09:35:12","modified_gmt":"2026-02-27T09:35:12","slug":"songmics-200-x-125-cm-aurinkovarjo-punainen","status":"publish","type":"product","link":"https:\/\/nordicmart.andreevmaster.com\/fi\/tuote\/songmics-200-x-125-cm-aurinkovarjo-punainen\/","title":{"rendered":"SONGMICS 200 \u00d7 125 cm aurinkovarjo, punainen"},"content":{"rendered":"<p>Nauti kauniista s\u00e4\u00e4st\u00e4 varjossa!  Ulkona vietett\u00e4v\u00e4 kausi on alkanut, ja on aika valloittaa puutarha, terassi tai ranta! Mutta varo! Muista hankkia riitt\u00e4v\u00e4 aurinkosuoja! Kun vihdoin saat takaisin ulkotilasi pitk\u00e4n, kylm\u00e4n talven j\u00e4lkeen ja kutsut yst\u00e4v\u00e4si grillijuhliin, on tullut t\u00e4ydellinen hetki ottaa k\u00e4ytt\u00f6\u00f6n uusi SONGMICS-aurinkovarjosi! Kes\u00e4n v\u00e4ltt\u00e4m\u00e4t\u00f6n varuste  T\u00e4m\u00e4n aurinkovarjon masto on valmistettu ruostumattomasta ter\u00e4ksest\u00e4. Suojakangas on valmistettu polyesterist\u00e4 ja tarjoaa erinomaisen UV-suojan jopa UPF 50+. Lis\u00e4ksi toimitukseen kuuluu k\u00e4tev\u00e4 kantolaukku, joten voit helposti ottaa aurinkovarjon mukaasi minne tahansa menetkin. Tuotetiedot: &#8211; V\u00e4ri: punainen &#8211; Materiaali: jauhemaalattu ter\u00e4s, 160 g\/m\u00b2 polyesteri &#8211; Korkeus: 2,4 m &#8211; Varjokangas: 2 x 1,25 m (P x L) &#8211; Varjomaston halkaisija: 28\/32 mm, sein\u00e4m\u00e4n paksuus: 0,6 mm &#8211; Paino: 2,8 kg Toimitus sis\u00e4lt\u00e4\u00e4:- 1 x aurinkovarjo &#8211; 1 x kantolaukku SONGMS-ohjeet: &#8211; Aurinkovarjon jalustaa ei toimiteta mukana. &#8211; Sulje aurinkovarjo y\u00f6ll\u00e4 ja kovalla tuulella. &#8211; Aurinkovarjon k\u00e4ytt\u00f6\u00e4 sateisella s\u00e4\u00e4ll\u00e4 ei suositella.<\/p>\n","protected":false},"excerpt":{"rendered":"<p>SONGMICS aurinkovarjo parvekkeelle, suorakulmainen puutarhavarjo, 200 x 125 cm, UV-suoja UPF 50+, taittuva, PA-pinnoitettu varjokangas, puutarhaan, terassille, ilman jalustaa, harmaa GPU25GY<\/p>\n","protected":false},"featured_media":40226,"comment_status":"open","ping_status":"closed","template":"","meta":[],"product_brand":[],"product_cat":[32],"product_tag":[],"class_list":{"0":"post-31029","1":"product","2":"type-product","3":"status-publish","4":"has-post-thumbnail","6":"product_cat-uncategorized-fi","8":"first","9":"instock","10":"shipping-taxable","11":"purchasable","12":"product-type-simple"},"_links":{"self":[{"href":"https:\/\/nordicmart.andreevmaster.com\/fi\/wp-json\/wp\/v2\/product\/31029","targetHints":{"allow":["GET"]}}],"collection":[{"href":"https:\/\/nordicmart.andreevmaster.com\/fi\/wp-json\/wp\/v2\/product"}],"about":[{"href":"https:\/\/nordicmart.andreevmaster.com\/fi\/wp-json\/wp\/v2\/types\/product"}],"replies":[{"embeddable":true,"href":"https:\/\/nordicmart.andreevmaster.com\/fi\/wp-json\/wp\/v2\/comments?post=31029"}],"wp:featuredmedia":[{"embeddable":true,"href":"https:\/\/nordicmart.andreevmaster.com\/fi\/wp-json\/wp\/v2\/media\/40226"}],"wp:attachment":[{"href":"https:\/\/nordicmart.andreevmaster.com\/fi\/wp-json\/wp\/v2\/media?parent=31029"}],"wp:term":[{"taxonomy":"product_brand","embeddable":true,"href":"https:\/\/nordicmart.andreevmaster.com\/fi\/wp-json\/wp\/v2\/product_brand?post=31029"},{"taxonomy":"product_cat","embeddable":true,"href":"https:\/\/nordicmart.andreevmaster.com\/fi\/wp-json\/wp\/v2\/product_cat?post=31029"},{"taxonomy":"product_tag","embeddable":true,"href":"https:\/\/nordicmart.andreevmaster.com\/fi\/wp-json\/wp\/v2\/product_tag?post=31029"}],"curies":[{"name":"wp","href":"https:\/\/api.w.org\/{rel}","templated":true}]}}