{"id":31024,"date":"2026-02-27T00:12:04","date_gmt":"2026-02-27T00:12:04","guid":{"rendered":"https:\/\/nordicmart.andreevmaster.com\/product\/songmics-aurinkovarjo-o-200-cm\/"},"modified":"2026-02-27T09:35:11","modified_gmt":"2026-02-27T09:35:11","slug":"songmics-aurinkovarjo-o-200-cm","status":"publish","type":"product","link":"https:\/\/nordicmart.andreevmaster.com\/fi\/tuote\/songmics-aurinkovarjo-o-200-cm\/","title":{"rendered":"SONGMICS aurinkovarjo \u00d8 200 cm"},"content":{"rendered":"<p>L\u00e4mmin aurinko, sininen taivas, raikas ilma, kaunis luonto&#8230; Mit\u00e4 viel\u00e4 odotat? Aika rentoutua parvekkeella! Pelk\u00e4\u00e4tk\u00f6 voimakkaita auringon s\u00e4teit\u00e4? \u00c4l\u00e4 huoli. Avaa vain t\u00e4m\u00e4 SONGMICS-aurinkovarjo ja nauti kauniista s\u00e4\u00e4st\u00e4 varjossa! T\u00e4ss\u00e4 ovat t\u00e4m\u00e4n aurinkovarjon kohokohdat: 180 g\/m\u00b2 polyesterikankaasta valmistettu varjokangas tarjoaa erinomaisen UV-suojansuojan. Laadukas metallinen taivutusmekanismi takaa pitk\u00e4n k\u00e4ytt\u00f6i\u00e4n. Vankka metallinen varjostimen varsi takaa hyv\u00e4n vakauden ja antaa parvekkeellesi modernin ilmeen. 6 suorakulmaista varjostimen ripaa antavat varjostimelle vahvan tuen. Varjostin on helppo avata ja sulkea k\u00e4tev\u00e4n vipukahvan avulla. Varjostimen varsi koostuu 2 tangosta, jotka on helppo ruuvata yhteen. Yl\u00e4osan tuuletusaukkojen ansiosta sateenvarjo pysyy vakaana my\u00f6s kevyess\u00e4 tuulessa. Tuotetiedot:V\u00e4ri: taupe Materiaali: metallinen aurinkovarjon varsi, 180 g\/m\u00b2 polyesterikangas Aurinkovarjon halkaisija: 2 m Korkeus: 2,3 m Paino: 3,5 kg Toimitus sis\u00e4lt\u00e4\u00e4: 1 x aurinkovarjo 1 x ohjeet SONGICSin huomautukset: Aurinkovarjon jalustaa ei toimiteta mukana. \u00c4l\u00e4 avaa aurinkovarjoa v\u00e4kisin, vaan avaa se varovasti ja hitaasti.Sulje aurinkovarjo y\u00f6ll\u00e4, kovalla tuulella tai sateisella s\u00e4\u00e4ll\u00e4 vahingoittumisen est\u00e4miseksi. Suojaa varjo suojapeitteell\u00e4 (ei sis\u00e4lly toimitukseen) sen k\u00e4ytt\u00f6i\u00e4n pident\u00e4miseksi.<\/p>\n","protected":false},"excerpt":{"rendered":"<p>SONGMICS aurinkovarjo, \u00d8 270 cm, puutarhavarjo, markkinavarjo, UV-suoja UPF 50+, terassivarjo, aurinkosuoja, taittuva, kampi, ilman jalustaa, puutarha, parveke, terassi, beige GPU27BE<\/p>\n","protected":false},"featured_media":40221,"comment_status":"open","ping_status":"closed","template":"","meta":[],"product_brand":[],"product_cat":[32],"product_tag":[],"class_list":{"0":"post-31024","1":"product","2":"type-product","3":"status-publish","4":"has-post-thumbnail","6":"product_cat-uncategorized-fi","8":"first","9":"instock","10":"shipping-taxable","11":"purchasable","12":"product-type-simple"},"_links":{"self":[{"href":"https:\/\/nordicmart.andreevmaster.com\/fi\/wp-json\/wp\/v2\/product\/31024","targetHints":{"allow":["GET"]}}],"collection":[{"href":"https:\/\/nordicmart.andreevmaster.com\/fi\/wp-json\/wp\/v2\/product"}],"about":[{"href":"https:\/\/nordicmart.andreevmaster.com\/fi\/wp-json\/wp\/v2\/types\/product"}],"replies":[{"embeddable":true,"href":"https:\/\/nordicmart.andreevmaster.com\/fi\/wp-json\/wp\/v2\/comments?post=31024"}],"wp:featuredmedia":[{"embeddable":true,"href":"https:\/\/nordicmart.andreevmaster.com\/fi\/wp-json\/wp\/v2\/media\/40221"}],"wp:attachment":[{"href":"https:\/\/nordicmart.andreevmaster.com\/fi\/wp-json\/wp\/v2\/media?parent=31024"}],"wp:term":[{"taxonomy":"product_brand","embeddable":true,"href":"https:\/\/nordicmart.andreevmaster.com\/fi\/wp-json\/wp\/v2\/product_brand?post=31024"},{"taxonomy":"product_cat","embeddable":true,"href":"https:\/\/nordicmart.andreevmaster.com\/fi\/wp-json\/wp\/v2\/product_cat?post=31024"},{"taxonomy":"product_tag","embeddable":true,"href":"https:\/\/nordicmart.andreevmaster.com\/fi\/wp-json\/wp\/v2\/product_tag?post=31024"}],"curies":[{"name":"wp","href":"https:\/\/api.w.org\/{rel}","templated":true}]}}