{"id":31022,"date":"2026-02-27T00:12:04","date_gmt":"2026-02-27T00:12:04","guid":{"rendered":"https:\/\/nordicmart.andreevmaster.com\/product\/songmics-aurinkovarjo-180-x-125-cm-beige\/"},"modified":"2026-02-27T09:35:11","modified_gmt":"2026-02-27T09:35:11","slug":"songmics-aurinkovarjo-180-x-125-cm-beige","status":"publish","type":"product","link":"https:\/\/nordicmart.andreevmaster.com\/fi\/tuote\/songmics-aurinkovarjo-180-x-125-cm-beige\/","title":{"rendered":"SONGMICS aurinkovarjo 180 x 125 cm beige"},"content":{"rendered":"<p>Nauti kauniista s\u00e4\u00e4st\u00e4 varjossa! Ulkona vietett\u00e4v\u00e4 kausi on alkanut, ja on aika valloittaa puutarha tai terassi! Mutta varo! Muista k\u00e4ytt\u00e4\u00e4 riitt\u00e4v\u00e4\u00e4 aurinkosuojaa! Kun vihdoin valloitat ulkotilasi takaisin pitk\u00e4n, kylm\u00e4n talven j\u00e4lkeen ja nautit kahvitauosta perheen kanssa, on tullut t\u00e4ydellinen hetki k\u00e4ytt\u00e4\u00e4 t\u00e4t\u00e4 aurinkovarjoa!Mit\u00e4 etuja voit odottaa t\u00e4lt\u00e4 aurinkovarjolta? Erinomainen aurinkosuoja? Kyll\u00e4! Jopa UPF 50+. Kallistuskulma ja korkeus s\u00e4\u00e4dett\u00e4viss\u00e4? Kyll\u00e4! Tukevan sinkkiseosmekanismin ja k\u00e4tev\u00e4n kiertokytkimen ansiosta. Hyv\u00e4 vakaus kevyess\u00e4 tuulessa? Kyll\u00e4! Pulverimaalatusta metallista valmistetun varjostimen maston ja 4 lis\u00e4vahvistustangon ansiosta. Lis\u00e4ksi: Varjostimessamme on turvalukko, joka est\u00e4\u00e4 varjostimen \u00e4killisen sulkeutumisen. Tarjoamme my\u00f6s kuljetuslaukun, jotta voit ottaa varjostimen mukaasi minne tahansa. Tuotetiedot: V\u00e4ri: Beige Materiaali: Jauhemaalattu ter\u00e4svarsi, 160 g\/m\u00b2 polyesterikangas PA-pinnoitteella Korkeus: 2,4 m Koko: 1,8 x 1,25 m (P x L) Paino: 2,6 kg Pakkaus sis\u00e4lt\u00e4\u00e4: 1 x aurinkovarjo 1 x kantolaukku 1 x turvalukko SONGMICS Huomautukset:Sateenvarjotelinett\u00e4 ei toimiteta mukana. \u00c4l\u00e4 avaa sateenvarjoa v\u00e4kisin, vaan avaa se varovasti ja hitaasti. Sulje sateenvarjo y\u00f6ll\u00e4, kovalla tuulella tai sateisella s\u00e4\u00e4ll\u00e4 vahingoittumisen est\u00e4miseksi.Suojaa sateenvarjo suojapeitteell\u00e4 (ei sis\u00e4lly toimitukseen), jotta se kest\u00e4\u00e4 pidemp\u00e4\u00e4n. Sulje sateenvarjo hitaasti, jotta sormesi eiv\u00e4t j\u00e4\u00e4 puristuksiin.<\/p>\n","protected":false},"excerpt":{"rendered":"<p>SONGMICS aurinkovarjo parvekkeelle, suorakulmainen puutarhavarjo, 200 x 125 cm, UV-suoja UPF 50+, taittuva, PA-pinnoitettu varjokangas, puutarhaan, terassille, ilman jalustaa, harmaa GPU25GY<\/p>\n","protected":false},"featured_media":40219,"comment_status":"open","ping_status":"closed","template":"","meta":[],"product_brand":[],"product_cat":[32],"product_tag":[],"class_list":{"0":"post-31022","1":"product","2":"type-product","3":"status-publish","4":"has-post-thumbnail","6":"product_cat-uncategorized-fi","8":"first","9":"instock","10":"shipping-taxable","11":"purchasable","12":"product-type-simple"},"_links":{"self":[{"href":"https:\/\/nordicmart.andreevmaster.com\/fi\/wp-json\/wp\/v2\/product\/31022","targetHints":{"allow":["GET"]}}],"collection":[{"href":"https:\/\/nordicmart.andreevmaster.com\/fi\/wp-json\/wp\/v2\/product"}],"about":[{"href":"https:\/\/nordicmart.andreevmaster.com\/fi\/wp-json\/wp\/v2\/types\/product"}],"replies":[{"embeddable":true,"href":"https:\/\/nordicmart.andreevmaster.com\/fi\/wp-json\/wp\/v2\/comments?post=31022"}],"wp:featuredmedia":[{"embeddable":true,"href":"https:\/\/nordicmart.andreevmaster.com\/fi\/wp-json\/wp\/v2\/media\/40219"}],"wp:attachment":[{"href":"https:\/\/nordicmart.andreevmaster.com\/fi\/wp-json\/wp\/v2\/media?parent=31022"}],"wp:term":[{"taxonomy":"product_brand","embeddable":true,"href":"https:\/\/nordicmart.andreevmaster.com\/fi\/wp-json\/wp\/v2\/product_brand?post=31022"},{"taxonomy":"product_cat","embeddable":true,"href":"https:\/\/nordicmart.andreevmaster.com\/fi\/wp-json\/wp\/v2\/product_cat?post=31022"},{"taxonomy":"product_tag","embeddable":true,"href":"https:\/\/nordicmart.andreevmaster.com\/fi\/wp-json\/wp\/v2\/product_tag?post=31022"}],"curies":[{"name":"wp","href":"https:\/\/api.w.org\/{rel}","templated":true}]}}